{"id":4432,"date":"2024-09-17T19:05:28","date_gmt":"2024-09-17T22:05:28","guid":{"rendered":"https:\/\/sitextil.com.br\/?page_id=4432"},"modified":"2024-09-17T19:14:59","modified_gmt":"2024-09-17T22:14:59","slug":"sobre-nos","status":"publish","type":"page","link":"https:\/\/sitextil.com.br\/en\/sobre-nos\/","title":{"rendered":"About Us"},"content":{"rendered":"<div data-elementor-type=\"wp-page\" data-elementor-id=\"4432\" class=\"elementor elementor-4432\" data-elementor-post-type=\"page\">\n\t\t\t\t<div class=\"elementor-element elementor-element-d8ebd2e e-con-full e-flex e-con e-parent\" data-id=\"d8ebd2e\" data-element_type=\"container\">\n\t\t<div class=\"elementor-element elementor-element-37491c50 e-con-full e-flex e-con e-child\" data-id=\"37491c50\" data-element_type=\"container\" data-settings=\"{&quot;background_background&quot;:&quot;video&quot;,&quot;background_video_link&quot;:&quot;https:\\\/\\\/vime.digital\\\/sitextilecom\\\/wp-content\\\/uploads\\\/2024\\\/07\\\/b335-46e5-8e02-29c071502ac2.mp4&quot;,&quot;background_play_on_mobile&quot;:&quot;yes&quot;}\">\n\t\t<div class=\"elementor-background-video-container\">\n\t\t\t\t\t\t\t<video class=\"elementor-background-video-hosted\" autoplay muted playsinline loop><\/video>\n\t\t\t\t\t<\/div>\t\t<\/div>\n\t\t\t\t<\/div>\n\t\t<div class=\"elementor-element elementor-element-2060afb3 e-flex e-con-boxed e-con e-parent\" data-id=\"2060afb3\" data-element_type=\"container\">\n\t\t\t\t\t<div class=\"e-con-inner\">\n\t\t<div class=\"elementor-element elementor-element-1b9e4b5a e-con-full e-flex e-con e-child\" data-id=\"1b9e4b5a\" data-element_type=\"container\">\n\t\t\t\t<div class=\"elementor-element elementor-element-38b9ea92 elementor-widget__width-initial elementor-widget elementor-widget-heading\" data-id=\"38b9ea92\" data-element_type=\"widget\" data-widget_type=\"heading.default\">\n\t\t\t\t<div class=\"elementor-widget-container\">\n\t\t\t\t\t<h2 class=\"elementor-heading-title elementor-size-default\">Our Journey: <span> From a Machine to a Brand <\/span><\/h2>\t\t\t\t<\/div>\n\t\t\t\t<\/div>\n\t\t\t\t<\/div>\n\t\t<div class=\"elementor-element elementor-element-193d1324 e-con-full e-flex e-con e-child\" data-id=\"193d1324\" data-element_type=\"container\">\n\t\t\t\t<div class=\"elementor-element elementor-element-46db8f8c elementor-widget elementor-widget-text-editor\" data-id=\"46db8f8c\" data-element_type=\"widget\" data-widget_type=\"text-editor.default\">\n\t\t\t\t<div class=\"elementor-widget-container\">\n\t\t\t\t\t\t\t\t\t<p>Since 2019, Sitextil Embalagens has transformed ideas into reality through personalized textile packaging. We started small, in a modest space with just a sewing machine, but with a broad vision.<\/p><p>Our commitment to quality and customer satisfaction has rapidly propelled us toward growth. Today, we operate with a team of dedicated professionals ready to meet your packaging needs with the same passion and precision as in our early days. Each packaging we create is a piece of art, designed to protect, delight and elevate the presentation of your products.<\/p>\t\t\t\t\t\t\t\t<\/div>\n\t\t\t\t<\/div>\n\t\t\t\t<\/div>\n\t\t\t\t\t<\/div>\n\t\t\t\t<\/div>\n\t\t<div class=\"elementor-element elementor-element-6ec0afa0 e-flex e-con-boxed e-con e-parent\" data-id=\"6ec0afa0\" data-element_type=\"container\">\n\t\t\t\t\t<div class=\"e-con-inner\">\n\t\t<div class=\"elementor-element elementor-element-c8d9e31 e-con-full e-flex e-con e-child\" data-id=\"c8d9e31\" data-element_type=\"container\">\n\t\t\t\t<div class=\"elementor-element elementor-element-1ef38f83 elementor-widget elementor-widget-image\" data-id=\"1ef38f83\" data-element_type=\"widget\" data-widget_type=\"image.default\">\n\t\t\t\t<div class=\"elementor-widget-container\">\n\t\t\t\t\t\t\t\t\t\t\t\t\t\t\t<img fetchpriority=\"high\" decoding=\"async\" width=\"800\" height=\"800\" src=\"https:\/\/sitextil.com.br\/wp-content\/uploads\/2024\/09\/518db26bdfa099c1439078812eac07b7-1024x1024.png\" class=\"attachment-large size-large wp-image-4437 wvs-archive-product-image\" alt=\"\" srcset=\"https:\/\/sitextil.com.br\/wp-content\/uploads\/2024\/09\/518db26bdfa099c1439078812eac07b7-1024x1024.png 1024w, https:\/\/sitextil.com.br\/wp-content\/uploads\/2024\/09\/518db26bdfa099c1439078812eac07b7-300x300.png 300w, https:\/\/sitextil.com.br\/wp-content\/uploads\/2024\/09\/518db26bdfa099c1439078812eac07b7-150x150.png 150w, https:\/\/sitextil.com.br\/wp-content\/uploads\/2024\/09\/518db26bdfa099c1439078812eac07b7-768x768.png 768w, https:\/\/sitextil.com.br\/wp-content\/uploads\/2024\/09\/518db26bdfa099c1439078812eac07b7-1536x1536.png 1536w, https:\/\/sitextil.com.br\/wp-content\/uploads\/2024\/09\/518db26bdfa099c1439078812eac07b7-12x12.png 12w, https:\/\/sitextil.com.br\/wp-content\/uploads\/2024\/09\/518db26bdfa099c1439078812eac07b7-600x600.png 600w, https:\/\/sitextil.com.br\/wp-content\/uploads\/2024\/09\/518db26bdfa099c1439078812eac07b7-100x100.png 100w, https:\/\/sitextil.com.br\/wp-content\/uploads\/2024\/09\/518db26bdfa099c1439078812eac07b7-50x50.png 50w, https:\/\/sitextil.com.br\/wp-content\/uploads\/2024\/09\/518db26bdfa099c1439078812eac07b7.png 1800w\" sizes=\"(max-width: 800px) 100vw, 800px\" \/>\t\t\t\t\t\t\t\t\t\t\t\t\t\t\t<\/div>\n\t\t\t\t<\/div>\n\t\t\t\t<\/div>\n\t\t<div class=\"elementor-element elementor-element-74713274 e-con-full e-flex e-con e-child\" data-id=\"74713274\" data-element_type=\"container\">\n\t\t\t\t<div class=\"elementor-element elementor-element-268296a2 elementor-widget__width-initial elementor-widget elementor-widget-heading\" data-id=\"268296a2\" data-element_type=\"widget\" data-widget_type=\"heading.default\">\n\t\t\t\t<div class=\"elementor-widget-container\">\n\t\t\t\t\t<h2 class=\"elementor-heading-title elementor-size-default\">Sitextil: excellence in  <span> packaging <\/span><\/h2>\t\t\t\t<\/div>\n\t\t\t\t<\/div>\n\t\t\t\t<div class=\"elementor-element elementor-element-41a752e3 elementor-widget elementor-widget-text-editor\" data-id=\"41a752e3\" data-element_type=\"widget\" data-widget_type=\"text-editor.default\">\n\t\t\t\t<div class=\"elementor-widget-container\">\n\t\t\t\t\t\t\t\t\t<p>We produce packaging in different fabrics and models and develop an exclusive one for you, if you wish. Here you don&#039;t need to choose the color of the fabric, as we work with digital printing, we pigment the fabric in the color you want, including colored and printed backgrounds.<\/p>\t\t\t\t\t\t\t\t<\/div>\n\t\t\t\t<\/div>\n\t\t<div class=\"elementor-element elementor-element-346c30e1 e-con-full e-flex e-con e-child\" data-id=\"346c30e1\" data-element_type=\"container\" data-settings=\"{&quot;background_background&quot;:&quot;classic&quot;}\">\n\t\t\t\t<div class=\"elementor-element elementor-element-46a31edc elementor-position-left elementor-vertical-align-middle elementor-widget elementor-widget-image-box\" data-id=\"46a31edc\" data-element_type=\"widget\" data-widget_type=\"image-box.default\">\n\t\t\t\t<div class=\"elementor-widget-container\">\n\t\t\t\t\t<div class=\"elementor-image-box-wrapper\"><figure class=\"elementor-image-box-img\"><img decoding=\"async\" width=\"35\" height=\"32\" src=\"https:\/\/sitextil.com.br\/wp-content\/uploads\/2024\/09\/Star-1.png\" class=\"attachment-full size-full wp-image-4438 wvs-archive-product-image\" alt=\"\" srcset=\"https:\/\/sitextil.com.br\/wp-content\/uploads\/2024\/09\/Star-1.png 35w, https:\/\/sitextil.com.br\/wp-content\/uploads\/2024\/09\/Star-1-13x12.png 13w\" sizes=\"(max-width: 35px) 100vw, 35px\" \/><\/figure><div class=\"elementor-image-box-content\"><h3 class=\"elementor-image-box-title\">The experience of developing exclusive packaging is unique and can become even more incredible with the support of our team.<\/h3><\/div><\/div>\t\t\t\t<\/div>\n\t\t\t\t<\/div>\n\t\t\t\t<\/div>\n\t\t\t\t<\/div>\n\t\t\t\t\t<\/div>\n\t\t\t\t<\/div>\n\t\t<div class=\"elementor-element elementor-element-22125513 e-con-full e-flex e-con e-parent\" data-id=\"22125513\" data-element_type=\"container\">\n\t\t<div class=\"elementor-element elementor-element-7dc5d334 e-con-full e-flex e-con e-child\" data-id=\"7dc5d334\" data-element_type=\"container\" data-settings=\"{&quot;background_background&quot;:&quot;classic&quot;}\">\n\t\t\t\t<\/div>\n\t\t<div class=\"elementor-element elementor-element-5dcc71b6 e-con-full e-flex e-con e-child\" data-id=\"5dcc71b6\" data-element_type=\"container\" data-settings=\"{&quot;background_background&quot;:&quot;gradient&quot;}\">\n\t\t\t\t<div class=\"elementor-element elementor-element-654834e5 elementor-widget__width-inherit elementor-widget elementor-widget-heading\" data-id=\"654834e5\" data-element_type=\"widget\" data-widget_type=\"heading.default\">\n\t\t\t\t<div class=\"elementor-widget-container\">\n\t\t\t\t\t<h2 class=\"elementor-heading-title elementor-size-default\">What is the meaning of<span> packaging <\/span>  packaging these days\n<\/h2>\t\t\t\t<\/div>\n\t\t\t\t<\/div>\n\t\t\t\t<div class=\"elementor-element elementor-element-1f53a449 elementor-widget__width-inherit elementor-widget elementor-widget-text-editor\" data-id=\"1f53a449\" data-element_type=\"widget\" data-widget_type=\"text-editor.default\">\n\t\t\t\t<div class=\"elementor-widget-container\">\n\t\t\t\t\t\t\t\t\t<p>Today, the packaging of a product is much more than just something to wrap it around, it has the enormous power to win over your customer, as it is with it that they have their first contact with your brand. It is important that, in addition to being beautiful, it is different and of high quality.<\/p><p>A well-produced packaging conveys: protection and care, strengthens your brand, promotes your product, differentiates your business from the competition, demonstrates organization and professionalism, these are important differentiators when selling.<\/p><p>Remember, the first impression is the one that lasts, presenting your product wrapped in good packaging delights and retains your customer and can serve as a very powerful advertisement where you don&#039;t pay directly for it.<\/p><p>Big brands invest a lot in packaging, because there are studies that prove that it is a great tool to help your business progress.<\/p><p><strong>Stay with us! We want to be part of your success!<\/strong><\/p>\t\t\t\t\t\t\t\t<\/div>\n\t\t\t\t<\/div>\n\t\t\t\t<\/div>\n\t\t\t\t<\/div>\n\t\t<div class=\"elementor-element elementor-element-6ad1e72f e-flex e-con-boxed e-con e-parent\" data-id=\"6ad1e72f\" data-element_type=\"container\">\n\t\t\t\t\t<div class=\"e-con-inner\">\n\t\t<div class=\"elementor-element elementor-element-82d1f1e e-con-full e-flex e-con e-child\" data-id=\"82d1f1e\" data-element_type=\"container\">\n\t\t\t\t<div class=\"elementor-element elementor-element-1ebd9969 elementor-widget elementor-widget-video\" data-id=\"1ebd9969\" data-element_type=\"widget\" data-settings=\"{&quot;video_type&quot;:&quot;hosted&quot;,&quot;controls&quot;:&quot;yes&quot;}\" data-widget_type=\"video.default\">\n\t\t\t\t<div class=\"elementor-widget-container\">\n\t\t\t\t\t\t\t<div class=\"e-hosted-video elementor-wrapper elementor-open-inline\">\n\t\t\t\t\t<video class=\"elementor-video\" src=\"https:\/\/sitextil.com.br\/wp-content\/uploads\/2024\/09\/2f7b-45e0-8fe7-ff571b2a4e21.mp4\" controls=\"\" preload=\"metadata\" controlslist=\"nodownload\"><\/video>\n\t\t\t\t<\/div>\n\t\t\t\t\t\t<\/div>\n\t\t\t\t<\/div>\n\t\t\t\t<\/div>\n\t\t<div class=\"elementor-element elementor-element-743f2c8f e-con-full e-flex e-con e-child\" data-id=\"743f2c8f\" data-element_type=\"container\">\n\t\t\t\t<div class=\"elementor-element elementor-element-5912251f elementor-widget__width-initial elementor-widget elementor-widget-heading\" data-id=\"5912251f\" data-element_type=\"widget\" data-widget_type=\"heading.default\">\n\t\t\t\t<div class=\"elementor-widget-container\">\n\t\t\t\t\t<h2 class=\"elementor-heading-title elementor-size-default\">Get to know some of our<span> collaborators <\/span><\/h2>\t\t\t\t<\/div>\n\t\t\t\t<\/div>\n\t\t\t\t<div class=\"elementor-element elementor-element-36833378 elementor-widget elementor-widget-heading\" data-id=\"36833378\" data-element_type=\"widget\" data-widget_type=\"heading.default\">\n\t\t\t\t<div class=\"elementor-widget-container\">\n\t\t\t\t\t<h1 class=\"elementor-heading-title elementor-size-default\">Naiara and Romilda<\/h1>\t\t\t\t<\/div>\n\t\t\t\t<\/div>\n\t\t<div class=\"elementor-element elementor-element-5d90f89a e-con-full e-flex e-con e-child\" data-id=\"5d90f89a\" data-element_type=\"container\" data-settings=\"{&quot;background_background&quot;:&quot;classic&quot;}\">\n\t\t\t\t<\/div>\n\t\t\t\t<\/div>\n\t\t\t\t\t<\/div>\n\t\t\t\t<\/div>\n\t\t<div class=\"elementor-element elementor-element-7929e5b9 e-flex e-con-boxed e-con e-parent\" data-id=\"7929e5b9\" data-element_type=\"container\">\n\t\t\t\t\t<div class=\"e-con-inner\">\n\t\t<div class=\"elementor-element elementor-element-1fca1a03 e-con-full e-flex e-con e-child\" data-id=\"1fca1a03\" data-element_type=\"container\">\n\t\t\t\t<div class=\"elementor-element elementor-element-57da4b3d elementor-absolute elementor-widget elementor-widget-heading\" data-id=\"57da4b3d\" data-element_type=\"widget\" data-settings=\"{&quot;_position&quot;:&quot;absolute&quot;}\" data-widget_type=\"heading.default\">\n\t\t\t\t<div class=\"elementor-widget-container\">\n\t\t\t\t\t<h1 class=\"elementor-heading-title elementor-size-default\">Rose and Susi<\/h1>\t\t\t\t<\/div>\n\t\t\t\t<\/div>\n\t\t<div class=\"elementor-element elementor-element-1a5787 e-con-full e-flex e-con e-child\" data-id=\"1a5787\" data-element_type=\"container\" data-settings=\"{&quot;background_background&quot;:&quot;classic&quot;,&quot;position&quot;:&quot;absolute&quot;}\">\n\t\t\t\t<\/div>\n\t\t\t\t<\/div>\n\t\t<div class=\"elementor-element elementor-element-26d80dbd e-con-full e-flex e-con e-child\" data-id=\"26d80dbd\" data-element_type=\"container\">\n\t\t\t\t<div class=\"elementor-element elementor-element-b449b6d elementor-widget elementor-widget-video\" data-id=\"b449b6d\" data-element_type=\"widget\" data-settings=\"{&quot;video_type&quot;:&quot;hosted&quot;,&quot;controls&quot;:&quot;yes&quot;}\" data-widget_type=\"video.default\">\n\t\t\t\t<div class=\"elementor-widget-container\">\n\t\t\t\t\t\t\t<div class=\"e-hosted-video elementor-wrapper elementor-open-inline\">\n\t\t\t\t\t<video class=\"elementor-video\" src=\"https:\/\/sitextil.com.br\/wp-content\/uploads\/2024\/09\/5c32-427c-b5f8-1c729217f5db.mp4\" controls=\"\" preload=\"metadata\" controlslist=\"nodownload\"><\/video>\n\t\t\t\t<\/div>\n\t\t\t\t\t\t<\/div>\n\t\t\t\t<\/div>\n\t\t\t\t<\/div>\n\t\t\t\t\t<\/div>\n\t\t\t\t<\/div>\n\t\t\t\t<\/div>","protected":false},"excerpt":{"rendered":"<p>Nossa Jornada: De uma M\u00e1quina a uma Marca Desde 2019, a Sitextil Embalagens transforma ideias em realidade atrav\u00e9s de embalagens t\u00eaxteis personalizadas. Come\u00e7amos pequenos, em um espa\u00e7o modesto com apenas uma m\u00e1quina de costura, mas com uma vis\u00e3o ampla. Nosso compromisso com a qualidade e a satisfa\u00e7\u00e3o do cliente nos impulsionou rapidamente para o crescimento. [&hellip;]<\/p>","protected":false},"author":1,"featured_media":0,"parent":0,"menu_order":0,"comment_status":"closed","ping_status":"closed","template":"","meta":{"_acf_changed":false,"footnotes":""},"class_list":["post-4432","page","type-page","status-publish","hentry"],"acf":[],"yoast_head":"<!-- This site is optimized with the Yoast SEO plugin v24.7 - https:\/\/yoast.com\/wordpress\/plugins\/seo\/ -->\n<title>Sobre n\u00f3s - Sitextil Embalagens<\/title>\n<meta name=\"robots\" content=\"index, follow, max-snippet:-1, max-image-preview:large, max-video-preview:-1\" \/>\n<link rel=\"canonical\" href=\"https:\/\/sitextil.com.br\/en\/sobre-nos\/\" \/>\n<meta property=\"og:locale\" content=\"en_US\" \/>\n<meta property=\"og:type\" content=\"article\" \/>\n<meta property=\"og:title\" content=\"Sobre n\u00f3s - Sitextil Embalagens\" \/>\n<meta property=\"og:description\" content=\"Nossa Jornada: De uma M\u00e1quina a uma Marca Desde 2019, a Sitextil Embalagens transforma ideias em realidade atrav\u00e9s de embalagens t\u00eaxteis personalizadas. Come\u00e7amos pequenos, em um espa\u00e7o modesto com apenas uma m\u00e1quina de costura, mas com uma vis\u00e3o ampla. Nosso compromisso com a qualidade e a satisfa\u00e7\u00e3o do cliente nos impulsionou rapidamente para o crescimento. [&hellip;]\" \/>\n<meta property=\"og:url\" content=\"https:\/\/sitextil.com.br\/en\/sobre-nos\/\" \/>\n<meta property=\"og:site_name\" content=\"Sitextil Embalagens\" \/>\n<meta property=\"article:modified_time\" content=\"2024-09-17T22:14:59+00:00\" \/>\n<meta property=\"og:image\" content=\"https:\/\/sitextil.com.br\/wp-content\/uploads\/2024\/09\/518db26bdfa099c1439078812eac07b7-1024x1024.png\" \/>\n<meta name=\"twitter:card\" content=\"summary_large_image\" \/>\n<meta name=\"twitter:label1\" content=\"Est. reading time\" \/>\n\t<meta name=\"twitter:data1\" content=\"3 minutes\" \/>\n<script type=\"application\/ld+json\" class=\"yoast-schema-graph\">{\"@context\":\"https:\/\/schema.org\",\"@graph\":[{\"@type\":\"WebPage\",\"@id\":\"https:\/\/sitextil.com.br\/sobre-nos\/\",\"url\":\"https:\/\/sitextil.com.br\/sobre-nos\/\",\"name\":\"Sobre n\u00f3s - Sitextil Embalagens\",\"isPartOf\":{\"@id\":\"https:\/\/sitextil.com.br\/#website\"},\"primaryImageOfPage\":{\"@id\":\"https:\/\/sitextil.com.br\/sobre-nos\/#primaryimage\"},\"image\":{\"@id\":\"https:\/\/sitextil.com.br\/sobre-nos\/#primaryimage\"},\"thumbnailUrl\":\"https:\/\/sitextil.com.br\/wp-content\/uploads\/2024\/09\/518db26bdfa099c1439078812eac07b7-1024x1024.png\",\"datePublished\":\"2024-09-17T22:05:28+00:00\",\"dateModified\":\"2024-09-17T22:14:59+00:00\",\"breadcrumb\":{\"@id\":\"https:\/\/sitextil.com.br\/sobre-nos\/#breadcrumb\"},\"inLanguage\":\"en-US\",\"potentialAction\":[{\"@type\":\"ReadAction\",\"target\":[\"https:\/\/sitextil.com.br\/sobre-nos\/\"]}]},{\"@type\":\"ImageObject\",\"inLanguage\":\"en-US\",\"@id\":\"https:\/\/sitextil.com.br\/sobre-nos\/#primaryimage\",\"url\":\"https:\/\/sitextil.com.br\/wp-content\/uploads\/2024\/09\/518db26bdfa099c1439078812eac07b7-1024x1024.png\",\"contentUrl\":\"https:\/\/sitextil.com.br\/wp-content\/uploads\/2024\/09\/518db26bdfa099c1439078812eac07b7-1024x1024.png\"},{\"@type\":\"BreadcrumbList\",\"@id\":\"https:\/\/sitextil.com.br\/sobre-nos\/#breadcrumb\",\"itemListElement\":[{\"@type\":\"ListItem\",\"position\":1,\"name\":\"In\u00edcio\",\"item\":\"https:\/\/sitextil.com.br\/\"},{\"@type\":\"ListItem\",\"position\":2,\"name\":\"Sobre n\u00f3s\"}]},{\"@type\":\"WebSite\",\"@id\":\"https:\/\/sitextil.com.br\/#website\",\"url\":\"https:\/\/sitextil.com.br\/\",\"name\":\"Sitextil Embalagens\",\"description\":\"Sua marca inesquec\u00edvel\",\"publisher\":{\"@id\":\"https:\/\/sitextil.com.br\/#organization\"},\"potentialAction\":[{\"@type\":\"SearchAction\",\"target\":{\"@type\":\"EntryPoint\",\"urlTemplate\":\"https:\/\/sitextil.com.br\/?s={search_term_string}\"},\"query-input\":{\"@type\":\"PropertyValueSpecification\",\"valueRequired\":true,\"valueName\":\"search_term_string\"}}],\"inLanguage\":\"en-US\"},{\"@type\":\"Organization\",\"@id\":\"https:\/\/sitextil.com.br\/#organization\",\"name\":\"Sitextil Embalagens\",\"url\":\"https:\/\/sitextil.com.br\/\",\"logo\":{\"@type\":\"ImageObject\",\"inLanguage\":\"en-US\",\"@id\":\"https:\/\/sitextil.com.br\/#\/schema\/logo\/image\/\",\"url\":\"https:\/\/sitextil.com.br\/wp-content\/uploads\/2023\/05\/SITEXTIL-HORIZONTAL-ROXO-E-AMARELO@2x.png\",\"contentUrl\":\"https:\/\/sitextil.com.br\/wp-content\/uploads\/2023\/05\/SITEXTIL-HORIZONTAL-ROXO-E-AMARELO@2x.png\",\"width\":2665,\"height\":745,\"caption\":\"Sitextil Embalagens\"},\"image\":{\"@id\":\"https:\/\/sitextil.com.br\/#\/schema\/logo\/image\/\"}}]}<\/script>\n<!-- \/ Yoast SEO plugin. -->","yoast_head_json":{"title":"Sobre n\u00f3s - Sitextil Embalagens","robots":{"index":"index","follow":"follow","max-snippet":"max-snippet:-1","max-image-preview":"max-image-preview:large","max-video-preview":"max-video-preview:-1"},"canonical":"https:\/\/sitextil.com.br\/en\/sobre-nos\/","og_locale":"en_US","og_type":"article","og_title":"Sobre n\u00f3s - Sitextil Embalagens","og_description":"Nossa Jornada: De uma M\u00e1quina a uma Marca Desde 2019, a Sitextil Embalagens transforma ideias em realidade atrav\u00e9s de embalagens t\u00eaxteis personalizadas. Come\u00e7amos pequenos, em um espa\u00e7o modesto com apenas uma m\u00e1quina de costura, mas com uma vis\u00e3o ampla. Nosso compromisso com a qualidade e a satisfa\u00e7\u00e3o do cliente nos impulsionou rapidamente para o crescimento. [&hellip;]","og_url":"https:\/\/sitextil.com.br\/en\/sobre-nos\/","og_site_name":"Sitextil Embalagens","article_modified_time":"2024-09-17T22:14:59+00:00","og_image":[{"url":"https:\/\/sitextil.com.br\/wp-content\/uploads\/2024\/09\/518db26bdfa099c1439078812eac07b7-1024x1024.png","type":"","width":"","height":""}],"twitter_card":"summary_large_image","twitter_misc":{"Est. reading time":"3 minutes"},"schema":{"@context":"https:\/\/schema.org","@graph":[{"@type":"WebPage","@id":"https:\/\/sitextil.com.br\/sobre-nos\/","url":"https:\/\/sitextil.com.br\/sobre-nos\/","name":"Sobre n\u00f3s - Sitextil Embalagens","isPartOf":{"@id":"https:\/\/sitextil.com.br\/#website"},"primaryImageOfPage":{"@id":"https:\/\/sitextil.com.br\/sobre-nos\/#primaryimage"},"image":{"@id":"https:\/\/sitextil.com.br\/sobre-nos\/#primaryimage"},"thumbnailUrl":"https:\/\/sitextil.com.br\/wp-content\/uploads\/2024\/09\/518db26bdfa099c1439078812eac07b7-1024x1024.png","datePublished":"2024-09-17T22:05:28+00:00","dateModified":"2024-09-17T22:14:59+00:00","breadcrumb":{"@id":"https:\/\/sitextil.com.br\/sobre-nos\/#breadcrumb"},"inLanguage":"en-US","potentialAction":[{"@type":"ReadAction","target":["https:\/\/sitextil.com.br\/sobre-nos\/"]}]},{"@type":"ImageObject","inLanguage":"en-US","@id":"https:\/\/sitextil.com.br\/sobre-nos\/#primaryimage","url":"https:\/\/sitextil.com.br\/wp-content\/uploads\/2024\/09\/518db26bdfa099c1439078812eac07b7-1024x1024.png","contentUrl":"https:\/\/sitextil.com.br\/wp-content\/uploads\/2024\/09\/518db26bdfa099c1439078812eac07b7-1024x1024.png"},{"@type":"BreadcrumbList","@id":"https:\/\/sitextil.com.br\/sobre-nos\/#breadcrumb","itemListElement":[{"@type":"ListItem","position":1,"name":"In\u00edcio","item":"https:\/\/sitextil.com.br\/"},{"@type":"ListItem","position":2,"name":"Sobre n\u00f3s"}]},{"@type":"WebSite","@id":"https:\/\/sitextil.com.br\/#website","url":"https:\/\/sitextil.com.br\/","name":"Sitextil Embalagens","description":"Sua marca inesquec\u00edvel","publisher":{"@id":"https:\/\/sitextil.com.br\/#organization"},"potentialAction":[{"@type":"SearchAction","target":{"@type":"EntryPoint","urlTemplate":"https:\/\/sitextil.com.br\/?s={search_term_string}"},"query-input":{"@type":"PropertyValueSpecification","valueRequired":true,"valueName":"search_term_string"}}],"inLanguage":"en-US"},{"@type":"Organization","@id":"https:\/\/sitextil.com.br\/#organization","name":"Sitextil Embalagens","url":"https:\/\/sitextil.com.br\/","logo":{"@type":"ImageObject","inLanguage":"en-US","@id":"https:\/\/sitextil.com.br\/#\/schema\/logo\/image\/","url":"https:\/\/sitextil.com.br\/wp-content\/uploads\/2023\/05\/SITEXTIL-HORIZONTAL-ROXO-E-AMARELO@2x.png","contentUrl":"https:\/\/sitextil.com.br\/wp-content\/uploads\/2023\/05\/SITEXTIL-HORIZONTAL-ROXO-E-AMARELO@2x.png","width":2665,"height":745,"caption":"Sitextil Embalagens"},"image":{"@id":"https:\/\/sitextil.com.br\/#\/schema\/logo\/image\/"}}]}},"_links":{"self":[{"href":"https:\/\/sitextil.com.br\/en\/wp-json\/wp\/v2\/pages\/4432"}],"collection":[{"href":"https:\/\/sitextil.com.br\/en\/wp-json\/wp\/v2\/pages"}],"about":[{"href":"https:\/\/sitextil.com.br\/en\/wp-json\/wp\/v2\/types\/page"}],"author":[{"embeddable":true,"href":"https:\/\/sitextil.com.br\/en\/wp-json\/wp\/v2\/users\/1"}],"replies":[{"embeddable":true,"href":"https:\/\/sitextil.com.br\/en\/wp-json\/wp\/v2\/comments?post=4432"}],"version-history":[{"count":7,"href":"https:\/\/sitextil.com.br\/en\/wp-json\/wp\/v2\/pages\/4432\/revisions"}],"predecessor-version":[{"id":4484,"href":"https:\/\/sitextil.com.br\/en\/wp-json\/wp\/v2\/pages\/4432\/revisions\/4484"}],"wp:attachment":[{"href":"https:\/\/sitextil.com.br\/en\/wp-json\/wp\/v2\/media?parent=4432"}],"curies":[{"name":"wp","href":"https:\/\/api.w.org\/{rel}","templated":true}]}}