{"id":4465,"date":"2024-09-17T19:08:20","date_gmt":"2024-09-17T22:08:20","guid":{"rendered":"https:\/\/sitextil.com.br\/?page_id=4465"},"modified":"2024-09-17T19:14:04","modified_gmt":"2024-09-17T22:14:04","slug":"termos-de-uso","status":"publish","type":"page","link":"https:\/\/sitextil.com.br\/en\/termos-de-uso\/","title":{"rendered":"Terms of use"},"content":{"rendered":"<div data-elementor-type=\"wp-page\" data-elementor-id=\"4465\" class=\"elementor elementor-4465\" data-elementor-post-type=\"page\">\n\t\t\t\t\t\t<section class=\"elementor-section elementor-top-section elementor-element elementor-element-71f924e elementor-section-boxed elementor-section-height-default elementor-section-height-default\" data-id=\"71f924e\" data-element_type=\"section\">\n\t\t\t\t\t\t<div class=\"elementor-container elementor-column-gap-default\">\n\t\t\t\t\t<div class=\"elementor-column elementor-col-100 elementor-top-column elementor-element elementor-element-5c1b428\" data-id=\"5c1b428\" data-element_type=\"column\">\n\t\t\t<div class=\"elementor-widget-wrap elementor-element-populated\">\n\t\t\t\t\t\t<div class=\"elementor-element elementor-element-8d2d014 elementor-widget elementor-widget-text-editor\" data-id=\"8d2d014\" data-element_type=\"widget\" data-widget_type=\"text-editor.default\">\n\t\t\t\t<div class=\"elementor-widget-container\">\n\t\t\t\t\t\t\t\t\t<h3><span style=\"color: inherit; font-family: inherit; font-size: 1.75rem;\">TERMS OF USE \u2014 Sitextil Embalagens<\/span><br><\/h3>\n<p>Sitextil Embalagens, a private law legal entity, describes, through this document, the rules of use of the website and any other website, store or application operated by the owner.<\/p>\n<p>By browsing this website, we consider you to be in agreement with the Terms of Use below.<\/p>\n<p>If you do not agree with the conditions of this contract, we ask that you no longer use this website, much less register or send your personal data.<\/p>\n<p>If we modify our Terms of Use, we will publish the new text on this website, with the updated revision date. We may change this document at any time. If there is a significant change to the terms of this contract, we may inform you using the contact information we have in our database or through notifications.<\/p>\n<p>Your use of this website following changes means that you accept the revised Terms of Use. If, after reading the revised version, you do not agree with its terms, please terminate your access.<\/p>\n<ul>\n<li>\n<h4>Section 1 \u2013 User<\/h4>\n<p>The use of this website automatically assigns User status and implies full acceptance of all guidelines and conditions included in these Terms.<\/p>\n<\/li>\n<li>\n<h4>Section 2 \u2013 Subscription in conjunction with the Privacy Policy<\/h4>\n<p>The use of this website implies adherence to these Terms of Use and the most up-to-date version of the Sitextil Embalagens Privacy Policy.<\/p>\n<\/li>\n<li>\n<h4>Section 3 \u2013 Access conditions<\/h4>\n<p>In general, access to the Sitextil Embalagens website is free and does not require prior registration or registration.<\/p>\n<p>However, to take advantage of some features, the user may need to register, creating a user account with their own login and password for access.<\/p>\n<p>It is the user&#039;s sole responsibility to provide only correct, authentic, valid, complete and updated information, as well as not to disclose their login and password to third parties.<\/p>\n<p>Parts of this website offer the user the option to post comments in certain areas. Sitextil Embalagens does not consent to the publication of content that is discriminatory, offensive or illicit in nature, or that infringes copyright or any other rights of third parties.<\/p>\n<p>The publication of any content by the user of this website, including messages and comments, implies a non-exclusive, irrevocable and irreversible license for its use, reproduction and publication by Sitextil Embalagens on its website, internet platforms and applications, or in other platforms, without any restrictions or limitations.<\/p>\n<\/li>\n<li>\n<h4>Section 4 \u2013 Cookies<\/h4>\n<p>Information about your use of this website may be collected from cookies. Cookies are information stored directly on the computer you are using. Cookies allow the collection of information such as browser type, time spent on the website, pages visited, language preferences, and other anonymous traffic data. We and our service providers use information to protect security, to facilitate navigation, to display information more efficiently, and to personalize your experience when using this website, as well as for online tracking. We also collect statistical information about website usage to continually improve our design and functionality, to understand how the website is used and to assist you in resolving relevant issues.<\/p>\n<p>If you do not wish to have your information collected through cookies, there is a simple procedure in most browsers that allows cookies to be automatically rejected, or offers the option to accept or reject the transfer of a specific cookie (or cookies). s) from a given website to your computer. However, this may cause inconvenience when using the website.<\/p>\n<p>The settings you choose may affect your browsing experience and the operation that requires the use of cookies. In this sense, we reject any responsibility for the consequences resulting from the limited functioning of this website caused by the deactivation of cookies on your device (inability to set or read a cookie).<\/p>\n<\/li>\n<li>\n<h4>Section 5 \u2013 Intellectual Property<\/h4>\n<p>All elements of Sitextil Embalagens are the intellectual property of it or its licensors. These Terms or your use of the website do not grant you any license or right to use the intellectual property rights of Sitextil Embalagens or third parties.<\/p>\n<\/li>\n<li>\n<h4>Section 6 \u2013 Links to third party websites<\/h4>\n<p>This website may, from time to time, contain hypertext links that will redirect you to the websites of our partner networks, advertisers, suppliers, etc. If you click on one of these links to any of these sites, please remember that each site has its own privacy practices and that we are not responsible for those policies. Please consult these policies before submitting any Personal Data to these sites.<\/p>\n<p>We are not responsible for the collection, use and disclosure policies and practices (including data protection practices) of other organizations, such as Facebook, Apple, Google, Microsoft, or any other software developer or application provider, media store social media, operating system, wireless internet service provider or device manufacturer, including all Personal Data that you disclose to other organizations through the applications, in connection with such applications, or published on our social media pages. We recommend that you inform yourself about the privacy policy and terms of use of each website you visit or each service provider you use.<\/p>\n<\/li>\n<li>\n<h4>Section 7 \u2013 Deadlines and changes<\/h4>\n<p>This website will operate for an indefinite period of time.<\/p>\n<p>The website in whole or in each of its sections may be terminated, suspended or interrupted unilaterally by Sitextil Embalagens, at any time and without the need for prior notice.<\/p>\n<\/li>\n<li>\n<h4>Section 8 \u2013 Personal data<\/h4>\n<p>During the use of this website, certain personal data will be collected and processed by Sitextil Embalagens and\/or its Partners. The rules related to the processing of Sitextil Embalagens personal data are stipulated in the Privacy Policy.<\/p>\n<\/li>\n<li>\n<h4>Section 9 \u2013 Contact<\/h4>\n<p>If you have any questions about the Terms of Use, please contact us by email .<\/p>\n<\/li>\n<\/ul>\t\t\t\t\t\t\t\t<\/div>\n\t\t\t\t<\/div>\n\t\t\t\t\t<\/div>\n\t\t<\/div>\n\t\t\t\t\t<\/div>\n\t\t<\/section>\n\t\t\t\t<\/div>","protected":false},"excerpt":{"rendered":"<p>TERMOS DE USO \u2014 , pessoa jur\u00eddica de direito privado descreve, atrav\u00e9s deste documento, as regras de uso do site&nbsp; e qualquer outro site, loja ou aplicativo operado pelo propriet\u00e1rio. Ao navegar neste website, consideramos que voc\u00ea est\u00e1 de acordo com os Termos de Uso abaixo. Caso voc\u00ea n\u00e3o esteja de acordo com as condi\u00e7\u00f5es [&hellip;]<\/p>","protected":false},"author":1,"featured_media":0,"parent":0,"menu_order":0,"comment_status":"closed","ping_status":"closed","template":"","meta":{"_acf_changed":false,"footnotes":""},"class_list":["post-4465","page","type-page","status-publish","hentry"],"acf":[],"yoast_head":"<!-- This site is optimized with the Yoast SEO plugin v24.7 - https:\/\/yoast.com\/wordpress\/plugins\/seo\/ -->\n<title>Termos de uso - Sitextil Embalagens<\/title>\n<meta name=\"robots\" content=\"index, follow, max-snippet:-1, max-image-preview:large, max-video-preview:-1\" \/>\n<link rel=\"canonical\" href=\"https:\/\/sitextil.com.br\/en\/termos-de-uso\/\" \/>\n<meta property=\"og:locale\" content=\"en_US\" \/>\n<meta property=\"og:type\" content=\"article\" \/>\n<meta property=\"og:title\" content=\"Termos de uso - Sitextil Embalagens\" \/>\n<meta property=\"og:description\" content=\"TERMOS DE USO \u2014 , pessoa jur\u00eddica de direito privado descreve, atrav\u00e9s deste documento, as regras de uso do site&nbsp; e qualquer outro site, loja ou aplicativo operado pelo propriet\u00e1rio. Ao navegar neste website, consideramos que voc\u00ea est\u00e1 de acordo com os Termos de Uso abaixo. Caso voc\u00ea n\u00e3o esteja de acordo com as condi\u00e7\u00f5es [&hellip;]\" \/>\n<meta property=\"og:url\" content=\"https:\/\/sitextil.com.br\/en\/termos-de-uso\/\" \/>\n<meta property=\"og:site_name\" content=\"Sitextil Embalagens\" \/>\n<meta property=\"article:modified_time\" content=\"2024-09-17T22:14:04+00:00\" \/>\n<meta name=\"twitter:card\" content=\"summary_large_image\" \/>\n<meta name=\"twitter:label1\" content=\"Est. reading time\" \/>\n\t<meta name=\"twitter:data1\" content=\"6 minutes\" \/>\n<script type=\"application\/ld+json\" class=\"yoast-schema-graph\">{\"@context\":\"https:\/\/schema.org\",\"@graph\":[{\"@type\":\"WebPage\",\"@id\":\"https:\/\/sitextil.com.br\/termos-de-uso\/\",\"url\":\"https:\/\/sitextil.com.br\/termos-de-uso\/\",\"name\":\"Termos de uso - Sitextil Embalagens\",\"isPartOf\":{\"@id\":\"https:\/\/sitextil.com.br\/#website\"},\"datePublished\":\"2024-09-17T22:08:20+00:00\",\"dateModified\":\"2024-09-17T22:14:04+00:00\",\"breadcrumb\":{\"@id\":\"https:\/\/sitextil.com.br\/termos-de-uso\/#breadcrumb\"},\"inLanguage\":\"en-US\",\"potentialAction\":[{\"@type\":\"ReadAction\",\"target\":[\"https:\/\/sitextil.com.br\/termos-de-uso\/\"]}]},{\"@type\":\"BreadcrumbList\",\"@id\":\"https:\/\/sitextil.com.br\/termos-de-uso\/#breadcrumb\",\"itemListElement\":[{\"@type\":\"ListItem\",\"position\":1,\"name\":\"In\u00edcio\",\"item\":\"https:\/\/sitextil.com.br\/\"},{\"@type\":\"ListItem\",\"position\":2,\"name\":\"Termos de uso\"}]},{\"@type\":\"WebSite\",\"@id\":\"https:\/\/sitextil.com.br\/#website\",\"url\":\"https:\/\/sitextil.com.br\/\",\"name\":\"Sitextil Embalagens\",\"description\":\"Sua marca inesquec\u00edvel\",\"publisher\":{\"@id\":\"https:\/\/sitextil.com.br\/#organization\"},\"potentialAction\":[{\"@type\":\"SearchAction\",\"target\":{\"@type\":\"EntryPoint\",\"urlTemplate\":\"https:\/\/sitextil.com.br\/?s={search_term_string}\"},\"query-input\":{\"@type\":\"PropertyValueSpecification\",\"valueRequired\":true,\"valueName\":\"search_term_string\"}}],\"inLanguage\":\"en-US\"},{\"@type\":\"Organization\",\"@id\":\"https:\/\/sitextil.com.br\/#organization\",\"name\":\"Sitextil Embalagens\",\"url\":\"https:\/\/sitextil.com.br\/\",\"logo\":{\"@type\":\"ImageObject\",\"inLanguage\":\"en-US\",\"@id\":\"https:\/\/sitextil.com.br\/#\/schema\/logo\/image\/\",\"url\":\"https:\/\/sitextil.com.br\/wp-content\/uploads\/2023\/05\/SITEXTIL-HORIZONTAL-ROXO-E-AMARELO@2x.png\",\"contentUrl\":\"https:\/\/sitextil.com.br\/wp-content\/uploads\/2023\/05\/SITEXTIL-HORIZONTAL-ROXO-E-AMARELO@2x.png\",\"width\":2665,\"height\":745,\"caption\":\"Sitextil Embalagens\"},\"image\":{\"@id\":\"https:\/\/sitextil.com.br\/#\/schema\/logo\/image\/\"}}]}<\/script>\n<!-- \/ Yoast SEO plugin. -->","yoast_head_json":{"title":"Termos de uso - Sitextil Embalagens","robots":{"index":"index","follow":"follow","max-snippet":"max-snippet:-1","max-image-preview":"max-image-preview:large","max-video-preview":"max-video-preview:-1"},"canonical":"https:\/\/sitextil.com.br\/en\/termos-de-uso\/","og_locale":"en_US","og_type":"article","og_title":"Termos de uso - Sitextil Embalagens","og_description":"TERMOS DE USO \u2014 , pessoa jur\u00eddica de direito privado descreve, atrav\u00e9s deste documento, as regras de uso do site&nbsp; e qualquer outro site, loja ou aplicativo operado pelo propriet\u00e1rio. Ao navegar neste website, consideramos que voc\u00ea est\u00e1 de acordo com os Termos de Uso abaixo. Caso voc\u00ea n\u00e3o esteja de acordo com as condi\u00e7\u00f5es [&hellip;]","og_url":"https:\/\/sitextil.com.br\/en\/termos-de-uso\/","og_site_name":"Sitextil Embalagens","article_modified_time":"2024-09-17T22:14:04+00:00","twitter_card":"summary_large_image","twitter_misc":{"Est. reading time":"6 minutes"},"schema":{"@context":"https:\/\/schema.org","@graph":[{"@type":"WebPage","@id":"https:\/\/sitextil.com.br\/termos-de-uso\/","url":"https:\/\/sitextil.com.br\/termos-de-uso\/","name":"Termos de uso - Sitextil Embalagens","isPartOf":{"@id":"https:\/\/sitextil.com.br\/#website"},"datePublished":"2024-09-17T22:08:20+00:00","dateModified":"2024-09-17T22:14:04+00:00","breadcrumb":{"@id":"https:\/\/sitextil.com.br\/termos-de-uso\/#breadcrumb"},"inLanguage":"en-US","potentialAction":[{"@type":"ReadAction","target":["https:\/\/sitextil.com.br\/termos-de-uso\/"]}]},{"@type":"BreadcrumbList","@id":"https:\/\/sitextil.com.br\/termos-de-uso\/#breadcrumb","itemListElement":[{"@type":"ListItem","position":1,"name":"In\u00edcio","item":"https:\/\/sitextil.com.br\/"},{"@type":"ListItem","position":2,"name":"Termos de uso"}]},{"@type":"WebSite","@id":"https:\/\/sitextil.com.br\/#website","url":"https:\/\/sitextil.com.br\/","name":"Sitextil Embalagens","description":"Sua marca inesquec\u00edvel","publisher":{"@id":"https:\/\/sitextil.com.br\/#organization"},"potentialAction":[{"@type":"SearchAction","target":{"@type":"EntryPoint","urlTemplate":"https:\/\/sitextil.com.br\/?s={search_term_string}"},"query-input":{"@type":"PropertyValueSpecification","valueRequired":true,"valueName":"search_term_string"}}],"inLanguage":"en-US"},{"@type":"Organization","@id":"https:\/\/sitextil.com.br\/#organization","name":"Sitextil Embalagens","url":"https:\/\/sitextil.com.br\/","logo":{"@type":"ImageObject","inLanguage":"en-US","@id":"https:\/\/sitextil.com.br\/#\/schema\/logo\/image\/","url":"https:\/\/sitextil.com.br\/wp-content\/uploads\/2023\/05\/SITEXTIL-HORIZONTAL-ROXO-E-AMARELO@2x.png","contentUrl":"https:\/\/sitextil.com.br\/wp-content\/uploads\/2023\/05\/SITEXTIL-HORIZONTAL-ROXO-E-AMARELO@2x.png","width":2665,"height":745,"caption":"Sitextil Embalagens"},"image":{"@id":"https:\/\/sitextil.com.br\/#\/schema\/logo\/image\/"}}]}},"_links":{"self":[{"href":"https:\/\/sitextil.com.br\/en\/wp-json\/wp\/v2\/pages\/4465"}],"collection":[{"href":"https:\/\/sitextil.com.br\/en\/wp-json\/wp\/v2\/pages"}],"about":[{"href":"https:\/\/sitextil.com.br\/en\/wp-json\/wp\/v2\/types\/page"}],"author":[{"embeddable":true,"href":"https:\/\/sitextil.com.br\/en\/wp-json\/wp\/v2\/users\/1"}],"replies":[{"embeddable":true,"href":"https:\/\/sitextil.com.br\/en\/wp-json\/wp\/v2\/comments?post=4465"}],"version-history":[{"count":4,"href":"https:\/\/sitextil.com.br\/en\/wp-json\/wp\/v2\/pages\/4465\/revisions"}],"predecessor-version":[{"id":4481,"href":"https:\/\/sitextil.com.br\/en\/wp-json\/wp\/v2\/pages\/4465\/revisions\/4481"}],"wp:attachment":[{"href":"https:\/\/sitextil.com.br\/en\/wp-json\/wp\/v2\/media?parent=4465"}],"curies":[{"name":"wp","href":"https:\/\/api.w.org\/{rel}","templated":true}]}}