{"id":1793,"date":"2024-07-08T12:36:27","date_gmt":"2024-07-08T15:36:27","guid":{"rendered":"https:\/\/sitextil.com.br\/produto\/sacochila\/"},"modified":"2025-02-13T08:56:40","modified_gmt":"2025-02-13T11:56:40","slug":"sacochila","status":"publish","type":"product","link":"https:\/\/sitextil.com.br\/en\/product\/sacochila\/","title":{"rendered":"BAG"},"content":{"rendered":"<p style=\"border: 0px solid #d9d9e3;--tw-border-spacing-x: 0;--tw-border-spacing-y: 0;--tw-translate-x: 0;--tw-translate-y: 0;--tw-rotate: 0;--tw-skew-x: 0;--tw-skew-y: 0;--tw-scale-x: 1;--tw-scale-y: 1;--tw-scroll-snap-strictness: proximity;--tw-ring-offset-width: 0px;--tw-ring-offset-color: #fff;--tw-ring-offset-shadow: 0 0 transparent;--tw-ring-shadow: 0 0 transparent;--tw-shadow: 0 0 transparent;--tw-shadow-colored: 0 0 transparent;margin-bottom: 1.25em;color: #374151;font-family: S\u00f6hne, ui-sans-serif, system-ui, -apple-system, 'Segoe UI', Roboto, Ubuntu, Cantarell, 'Noto Sans', sans-serif, 'Helvetica Neue', Arial, 'Apple Color Emoji', 'Segoe UI Emoji', 'Segoe UI Symbol', 'Noto Color Emoji';font-size: 16px\"><span style=\"border: 0px solid #d9d9e3;--tw-border-spacing-x: 0;--tw-border-spacing-y: 0;--tw-translate-x: 0;--tw-translate-y: 0;--tw-rotate: 0;--tw-skew-x: 0;--tw-skew-y: 0;--tw-scale-x: 1;--tw-scale-y: 1;--tw-scroll-snap-strictness: proximity;--tw-ring-offset-width: 0px;--tw-ring-offset-color: #fff;--tw-ring-offset-shadow: 0 0 transparent;--tw-ring-shadow: 0 0 transparent;--tw-shadow: 0 0 transparent;--tw-shadow-colored: 0 0 transparent;font-weight: 600;color: #000000\">Custom Raw Cotton Bags: Style, Convenience and Your Brand on the Move!<\/span><\/p>\n<p style=\"border: 0px solid #d9d9e3;--tw-border-spacing-x: 0;--tw-border-spacing-y: 0;--tw-translate-x: 0;--tw-translate-y: 0;--tw-rotate: 0;--tw-skew-x: 0;--tw-skew-y: 0;--tw-scale-x: 1;--tw-scale-y: 1;--tw-scroll-snap-strictness: proximity;--tw-ring-offset-width: 0px;--tw-ring-offset-color: #fff;--tw-ring-offset-shadow: 0 0 transparent;--tw-ring-shadow: 0 0 transparent;--tw-shadow: 0 0 transparent;--tw-shadow-colored: 0 0 transparent;margin-top: 1.25em;margin-bottom: 1.25em;color: #374151;font-family: S\u00f6hne, ui-sans-serif, system-ui, -apple-system, 'Segoe UI', Roboto, Ubuntu, Cantarell, 'Noto Sans', sans-serif, 'Helvetica Neue', Arial, 'Apple Color Emoji', 'Segoe UI Emoji', 'Segoe UI Symbol', 'Noto Color Emoji';font-size: 16px\"><span style=\"color: #000000\">Introducing our custom raw cotton tote bags, the perfect combination of versatility, conscious fashion and personalized branding. These bags are not only for carrying items, but also for telling the story of your brand in a unique way. By incorporating your logo, we transform each bag into a traveling vehicle of your identity, ideal for resale or as distinctive packaging for your products.<\/span><\/p>\n<p style=\"border: 0px solid #d9d9e3;--tw-border-spacing-x: 0;--tw-border-spacing-y: 0;--tw-translate-x: 0;--tw-translate-y: 0;--tw-rotate: 0;--tw-skew-x: 0;--tw-skew-y: 0;--tw-scale-x: 1;--tw-scale-y: 1;--tw-scroll-snap-strictness: proximity;--tw-ring-offset-width: 0px;--tw-ring-offset-color: #fff;--tw-ring-offset-shadow: 0 0 transparent;--tw-ring-shadow: 0 0 transparent;--tw-shadow: 0 0 transparent;--tw-shadow-colored: 0 0 transparent;margin-top: 1.25em;margin-bottom: 1.25em;color: #374151;font-family: S\u00f6hne, ui-sans-serif, system-ui, -apple-system, 'Segoe UI', Roboto, Ubuntu, Cantarell, 'Noto Sans', sans-serif, 'Helvetica Neue', Arial, 'Apple Color Emoji', 'Segoe UI Emoji', 'Segoe UI Symbol', 'Noto Color Emoji';font-size: 16px\"><span style=\"border: 0px solid #d9d9e3;--tw-border-spacing-x: 0;--tw-border-spacing-y: 0;--tw-translate-x: 0;--tw-translate-y: 0;--tw-rotate: 0;--tw-skew-x: 0;--tw-skew-y: 0;--tw-scale-x: 1;--tw-scale-y: 1;--tw-scroll-snap-strictness: proximity;--tw-ring-offset-width: 0px;--tw-ring-offset-color: #fff;--tw-ring-offset-shadow: 0 0 transparent;--tw-ring-shadow: 0 0 transparent;--tw-shadow: 0 0 transparent;--tw-shadow-colored: 0 0 transparent;font-weight: 600;color: #000000\">Why Choose Our Custom Raw Cotton Tote Bags:<\/span><\/p>\n<ol style=\"border: 0px solid #d9d9e3;--tw-border-spacing-x: 0;--tw-border-spacing-y: 0;--tw-translate-x: 0;--tw-translate-y: 0;--tw-rotate: 0;--tw-skew-x: 0;--tw-skew-y: 0;--tw-scale-x: 1;--tw-scale-y: 1;--tw-scroll-snap-strictness: proximity;--tw-ring-offset-width: 0px;--tw-ring-offset-color: #fff;--tw-ring-offset-shadow: 0 0 transparent;--tw-ring-shadow: 0 0 transparent;--tw-shadow: 0 0 transparent;--tw-shadow-colored: 0 0 transparent;margin: 1.25em 0px;padding: 0px;flex-direction: column;color: #374151;font-family: S\u00f6hne, ui-sans-serif, system-ui, -apple-system, 'Segoe UI', Roboto, Ubuntu, Cantarell, 'Noto Sans', sans-serif, 'Helvetica Neue', Arial, 'Apple Color Emoji', 'Segoe UI Emoji', 'Segoe UI Symbol', 'Noto Color Emoji';font-size: 16px\">\n<li style=\"border: 0px solid #d9d9e3;--tw-border-spacing-x: 0;--tw-border-spacing-y: 0;--tw-translate-x: 0;--tw-translate-y: 0;--tw-rotate: 0;--tw-skew-x: 0;--tw-skew-y: 0;--tw-scale-x: 1;--tw-scale-y: 1;--tw-scroll-snap-strictness: proximity;--tw-ring-offset-width: 0px;--tw-ring-offset-color: #fff;--tw-ring-offset-shadow: 0 0 transparent;--tw-ring-shadow: 0 0 transparent;--tw-shadow: 0 0 transparent;--tw-shadow-colored: 0 0 transparent;margin-bottom: 0px;margin-top: 0px;padding-left: 0.375em;min-height: 28px\">\n<p style=\"border: 0px solid #d9d9e3;--tw-border-spacing-x: 0;--tw-border-spacing-y: 0;--tw-translate-x: 0;--tw-translate-y: 0;--tw-rotate: 0;--tw-skew-x: 0;--tw-skew-y: 0;--tw-scale-x: 1;--tw-scale-y: 1;--tw-scroll-snap-strictness: proximity;--tw-ring-offset-width: 0px;--tw-ring-offset-color: #fff;--tw-ring-offset-shadow: 0 0 transparent;--tw-ring-shadow: 0 0 transparent;--tw-shadow: 0 0 transparent;--tw-shadow-colored: 0 0 transparent;margin-bottom: 0px\"><span style=\"color: #000000\"><span style=\"border: 0px solid #d9d9e3;--tw-border-spacing-x: 0;--tw-border-spacing-y: 0;--tw-translate-x: 0;--tw-translate-y: 0;--tw-rotate: 0;--tw-skew-x: 0;--tw-skew-y: 0;--tw-scale-x: 1;--tw-scale-y: 1;--tw-scroll-snap-strictness: proximity;--tw-ring-offset-width: 0px;--tw-ring-offset-color: #fff;--tw-ring-offset-shadow: 0 0 transparent;--tw-ring-shadow: 0 0 transparent;--tw-shadow: 0 0 transparent;--tw-shadow-colored: 0 0 transparent;font-weight: 600\">Sustainable Style in Motion:<\/span> Made from unbleached cotton, these tote bags offer an eco-friendly and stylish alternative. Each one is a visual statement of your brand in line with the values of conscious fashion.<\/span><\/p>\n<\/li>\n<li style=\"border: 0px solid #d9d9e3;--tw-border-spacing-x: 0;--tw-border-spacing-y: 0;--tw-translate-x: 0;--tw-translate-y: 0;--tw-rotate: 0;--tw-skew-x: 0;--tw-skew-y: 0;--tw-scale-x: 1;--tw-scale-y: 1;--tw-scroll-snap-strictness: proximity;--tw-ring-offset-width: 0px;--tw-ring-offset-color: #fff;--tw-ring-offset-shadow: 0 0 transparent;--tw-ring-shadow: 0 0 transparent;--tw-shadow: 0 0 transparent;--tw-shadow-colored: 0 0 transparent;margin-bottom: 0px;margin-top: 0px;padding-left: 0.375em;min-height: 28px\">\n<p style=\"border: 0px solid #d9d9e3;--tw-border-spacing-x: 0;--tw-border-spacing-y: 0;--tw-translate-x: 0;--tw-translate-y: 0;--tw-rotate: 0;--tw-skew-x: 0;--tw-skew-y: 0;--tw-scale-x: 1;--tw-scale-y: 1;--tw-scroll-snap-strictness: proximity;--tw-ring-offset-width: 0px;--tw-ring-offset-color: #fff;--tw-ring-offset-shadow: 0 0 transparent;--tw-ring-shadow: 0 0 transparent;--tw-shadow: 0 0 transparent;--tw-shadow-colored: 0 0 transparent;margin-bottom: 0px\"><span style=\"color: #000000\"><span style=\"border: 0px solid #d9d9e3;--tw-border-spacing-x: 0;--tw-border-spacing-y: 0;--tw-translate-x: 0;--tw-translate-y: 0;--tw-rotate: 0;--tw-skew-x: 0;--tw-skew-y: 0;--tw-scale-x: 1;--tw-scale-y: 1;--tw-scroll-snap-strictness: proximity;--tw-ring-offset-width: 0px;--tw-ring-offset-color: #fff;--tw-ring-offset-shadow: 0 0 transparent;--tw-ring-shadow: 0 0 transparent;--tw-shadow: 0 0 transparent;--tw-shadow-colored: 0 0 transparent;font-weight: 600\">Advertising in Action:<\/span> Personalized with your logo, these bags become walking messengers for your brand. Your customers not only carry their belongings, but they also promote your brand in an organic way, extending your presence beyond conventional boundaries.<\/span><\/p>\n<\/li>\n<li style=\"border: 0px solid #d9d9e3;--tw-border-spacing-x: 0;--tw-border-spacing-y: 0;--tw-translate-x: 0;--tw-translate-y: 0;--tw-rotate: 0;--tw-skew-x: 0;--tw-skew-y: 0;--tw-scale-x: 1;--tw-scale-y: 1;--tw-scroll-snap-strictness: proximity;--tw-ring-offset-width: 0px;--tw-ring-offset-color: #fff;--tw-ring-offset-shadow: 0 0 transparent;--tw-ring-shadow: 0 0 transparent;--tw-shadow: 0 0 transparent;--tw-shadow-colored: 0 0 transparent;margin-bottom: 0px;margin-top: 0px;padding-left: 0.375em;min-height: 28px\">\n<p style=\"border: 0px solid #d9d9e3;--tw-border-spacing-x: 0;--tw-border-spacing-y: 0;--tw-translate-x: 0;--tw-translate-y: 0;--tw-rotate: 0;--tw-skew-x: 0;--tw-skew-y: 0;--tw-scale-x: 1;--tw-scale-y: 1;--tw-scroll-snap-strictness: proximity;--tw-ring-offset-width: 0px;--tw-ring-offset-color: #fff;--tw-ring-offset-shadow: 0 0 transparent;--tw-ring-shadow: 0 0 transparent;--tw-shadow: 0 0 transparent;--tw-shadow-colored: 0 0 transparent;margin-bottom: 0px\"><span style=\"color: #000000\"><span style=\"border: 0px solid #d9d9e3;--tw-border-spacing-x: 0;--tw-border-spacing-y: 0;--tw-translate-x: 0;--tw-translate-y: 0;--tw-rotate: 0;--tw-skew-x: 0;--tw-skew-y: 0;--tw-scale-x: 1;--tw-scale-y: 1;--tw-scroll-snap-strictness: proximity;--tw-ring-offset-width: 0px;--tw-ring-offset-color: #fff;--tw-ring-offset-shadow: 0 0 transparent;--tw-ring-shadow: 0 0 transparent;--tw-shadow: 0 0 transparent;--tw-shadow-colored: 0 0 transparent;font-weight: 600\">Versatility and Practicality:<\/span> From outdoor activities to everyday wear, these bags are adaptable to a variety of situations. They are not only practical but also stylish, providing customers with a versatile accessory that stands out.<\/span><\/p>\n<\/li>\n<li style=\"border: 0px solid #d9d9e3;--tw-border-spacing-x: 0;--tw-border-spacing-y: 0;--tw-translate-x: 0;--tw-translate-y: 0;--tw-rotate: 0;--tw-skew-x: 0;--tw-skew-y: 0;--tw-scale-x: 1;--tw-scale-y: 1;--tw-scroll-snap-strictness: proximity;--tw-ring-offset-width: 0px;--tw-ring-offset-color: #fff;--tw-ring-offset-shadow: 0 0 transparent;--tw-ring-shadow: 0 0 transparent;--tw-shadow: 0 0 transparent;--tw-shadow-colored: 0 0 transparent;margin-bottom: 0px;margin-top: 0px;padding-left: 0.375em;min-height: 28px\">\n<p style=\"border: 0px solid #d9d9e3;--tw-border-spacing-x: 0;--tw-border-spacing-y: 0;--tw-translate-x: 0;--tw-translate-y: 0;--tw-rotate: 0;--tw-skew-x: 0;--tw-skew-y: 0;--tw-scale-x: 1;--tw-scale-y: 1;--tw-scroll-snap-strictness: proximity;--tw-ring-offset-width: 0px;--tw-ring-offset-color: #fff;--tw-ring-offset-shadow: 0 0 transparent;--tw-ring-shadow: 0 0 transparent;--tw-shadow: 0 0 transparent;--tw-shadow-colored: 0 0 transparent;margin-bottom: 0px\"><span style=\"color: #000000\"><span style=\"border: 0px solid #d9d9e3;--tw-border-spacing-x: 0;--tw-border-spacing-y: 0;--tw-translate-x: 0;--tw-translate-y: 0;--tw-rotate: 0;--tw-skew-x: 0;--tw-skew-y: 0;--tw-scale-x: 1;--tw-scale-y: 1;--tw-scroll-snap-strictness: proximity;--tw-ring-offset-width: 0px;--tw-ring-offset-color: #fff;--tw-ring-offset-shadow: 0 0 transparent;--tw-ring-shadow: 0 0 transparent;--tw-shadow: 0 0 transparent;--tw-shadow-colored: 0 0 transparent;font-weight: 600\">Packaging that Tells Stories:<\/span> In addition to being sold, these bags can serve as exclusive packaging for your products. Each purchase becomes a personalized experience, conveying the quality and style of your brand.<\/span><\/p>\n<\/li>\n<\/ol>\n<p style=\"border: 0px solid #d9d9e3;--tw-border-spacing-x: 0;--tw-border-spacing-y: 0;--tw-translate-x: 0;--tw-translate-y: 0;--tw-rotate: 0;--tw-skew-x: 0;--tw-skew-y: 0;--tw-scale-x: 1;--tw-scale-y: 1;--tw-scroll-snap-strictness: proximity;--tw-ring-offset-width: 0px;--tw-ring-offset-color: #fff;--tw-ring-offset-shadow: 0 0 transparent;--tw-ring-shadow: 0 0 transparent;--tw-shadow: 0 0 transparent;--tw-shadow-colored: 0 0 transparent;margin-top: 1.25em;margin-bottom: 1.25em;color: #374151;font-family: S\u00f6hne, ui-sans-serif, system-ui, -apple-system, 'Segoe UI', Roboto, Ubuntu, Cantarell, 'Noto Sans', sans-serif, 'Helvetica Neue', Arial, 'Apple Color Emoji', 'Segoe UI Emoji', 'Segoe UI Symbol', 'Noto Color Emoji';font-size: 16px\"><span style=\"border: 0px solid #d9d9e3;--tw-border-spacing-x: 0;--tw-border-spacing-y: 0;--tw-translate-x: 0;--tw-translate-y: 0;--tw-rotate: 0;--tw-skew-x: 0;--tw-skew-y: 0;--tw-scale-x: 1;--tw-scale-y: 1;--tw-scroll-snap-strictness: proximity;--tw-ring-offset-width: 0px;--tw-ring-offset-color: #fff;--tw-ring-offset-shadow: 0 0 transparent;--tw-ring-shadow: 0 0 transparent;--tw-shadow: 0 0 transparent;--tw-shadow-colored: 0 0 transparent;font-weight: 600;color: #000000\">Turning Every Bag into a Brand Journey:<\/span><\/p>\n<p style=\"border: 0px solid #d9d9e3;--tw-border-spacing-x: 0;--tw-border-spacing-y: 0;--tw-translate-x: 0;--tw-translate-y: 0;--tw-rotate: 0;--tw-skew-x: 0;--tw-skew-y: 0;--tw-scale-x: 1;--tw-scale-y: 1;--tw-scroll-snap-strictness: proximity;--tw-ring-offset-width: 0px;--tw-ring-offset-color: #fff;--tw-ring-offset-shadow: 0 0 transparent;--tw-ring-shadow: 0 0 transparent;--tw-shadow: 0 0 transparent;--tw-shadow-colored: 0 0 transparent;margin-top: 1.25em;margin-bottom: 1.25em;color: #374151;font-family: S\u00f6hne, ui-sans-serif, system-ui, -apple-system, 'Segoe UI', Roboto, Ubuntu, Cantarell, 'Noto Sans', sans-serif, 'Helvetica Neue', Arial, 'Apple Color Emoji', 'Segoe UI Emoji', 'Segoe UI Symbol', 'Noto Color Emoji';font-size: 16px\"><span style=\"color: #000000\">When you choose our custom raw cotton tote bags, you\u2019re investing in more than just an accessory. Each tote bag is a visual narrative for your brand, offering the chance to convert sales through a unique experience.<\/span><\/p>\n<p style=\"border: 0px solid #d9d9e3;--tw-border-spacing-x: 0;--tw-border-spacing-y: 0;--tw-translate-x: 0;--tw-translate-y: 0;--tw-rotate: 0;--tw-skew-x: 0;--tw-skew-y: 0;--tw-scale-x: 1;--tw-scale-y: 1;--tw-scroll-snap-strictness: proximity;--tw-ring-offset-width: 0px;--tw-ring-offset-color: #fff;--tw-ring-offset-shadow: 0 0 transparent;--tw-ring-shadow: 0 0 transparent;--tw-shadow: 0 0 transparent;--tw-shadow-colored: 0 0 transparent;margin-top: 1.25em;margin-bottom: 0px;color: #374151;font-family: S\u00f6hne, ui-sans-serif, system-ui, -apple-system, 'Segoe UI', Roboto, Ubuntu, Cantarell, 'Noto Sans', sans-serif, 'Helvetica Neue', Arial, 'Apple Color Emoji', 'Segoe UI Emoji', 'Segoe UI Symbol', 'Noto Color Emoji';font-size: 16px\"><span style=\"color: #000000\">Turn every customer into a mobile ambassador for your brand. Choose custom raw cotton tote bags to mark the beginning of a journey where every step, every movement, is a statement of conscious style and commitment to your brand.<\/span><\/p>","protected":false},"excerpt":{"rendered":"<p>Sacochilas de Algod\u00e3o Cru Personalizadas: Estilo, Conveni\u00eancia e a Sua Marca em Movimento! Apresentamos nossas sacochilas de algod\u00e3o cru personalizadas, a uni\u00e3o perfeita entre versatilidade, moda consciente e branding personalizado. Estas sacochilas n\u00e3o s\u00e3o apenas para carregar itens, mas tamb\u00e9m para contar a hist\u00f3ria da sua marca de maneira \u00fanica. Ao incorporar a sua logo, [&hellip;]<\/p>","protected":false},"featured_media":3784,"template":"","meta":{"_acf_changed":false},"product_brand":[],"product_cat":[137],"product_tag":[138,139,140,141,142,143,144,145,146,147],"class_list":{"0":"post-1793","1":"product","2":"type-product","3":"status-publish","4":"has-post-thumbnail","6":"product_cat-brindes","7":"product_tag-algodao-organico","8":"product_tag-alternativa-eco-friendly-para-embalagens-plasticas","9":"product_tag-bolsa-de-algodao-reutilizavel","10":"product_tag-eco-bag-algodao-cru","11":"product_tag-embalagem-eco-consciente","12":"product_tag-embalagem-sustentavel","13":"product_tag-saco-de-compras-sustentavel","14":"product_tag-sacola-biodegradavel","15":"product_tag-sacola-ecologica-de-algodao","16":"product_tag-saquinho-de-algodao-cru","17":"pa_material-algodao-cru","18":"pa_segmento-vestuario","20":"first","21":"instock","22":"purchasable","23":"product-type-variable","24":"has-default-attributes","25":"wvs-archive-product-wrapper"},"acf":[],"yoast_head":"<!-- This site is optimized with the Yoast SEO plugin v24.7 - https:\/\/yoast.com\/wordpress\/plugins\/seo\/ -->\n<title>SACOCHILA - Sitextil Embalagens<\/title>\n<meta name=\"robots\" content=\"index, follow, max-snippet:-1, max-image-preview:large, max-video-preview:-1\" \/>\n<link rel=\"canonical\" href=\"https:\/\/sitextil.com.br\/en\/product\/sacochila\/\" \/>\n<meta property=\"og:locale\" content=\"en_US\" \/>\n<meta property=\"og:type\" content=\"article\" \/>\n<meta property=\"og:title\" content=\"SACOCHILA - Sitextil Embalagens\" \/>\n<meta property=\"og:description\" content=\"Sacochilas de Algod\u00e3o Cru Personalizadas: Estilo, Conveni\u00eancia e a Sua Marca em Movimento! Apresentamos nossas sacochilas de algod\u00e3o cru personalizadas, a uni\u00e3o perfeita entre versatilidade, moda consciente e branding personalizado. Estas sacochilas n\u00e3o s\u00e3o apenas para carregar itens, mas tamb\u00e9m para contar a hist\u00f3ria da sua marca de maneira \u00fanica. Ao incorporar a sua logo, [&hellip;]\" \/>\n<meta property=\"og:url\" content=\"https:\/\/sitextil.com.br\/en\/product\/sacochila\/\" \/>\n<meta property=\"og:site_name\" content=\"Sitextil Embalagens\" \/>\n<meta property=\"article:modified_time\" content=\"2025-02-13T11:56:40+00:00\" \/>\n<meta property=\"og:image\" content=\"https:\/\/sitextil.com.br\/wp-content\/uploads\/2024\/07\/sacochilas-9085-1-810d908e29e5b28c6c17053445748478-480-0.webp\" \/>\n\t<meta property=\"og:image:width\" content=\"480\" \/>\n\t<meta property=\"og:image:height\" content=\"480\" \/>\n\t<meta property=\"og:image:type\" content=\"image\/webp\" \/>\n<meta name=\"twitter:card\" content=\"summary_large_image\" \/>\n<meta name=\"twitter:label1\" content=\"Est. reading time\" \/>\n\t<meta name=\"twitter:data1\" content=\"2 minutes\" \/>\n<script type=\"application\/ld+json\" class=\"yoast-schema-graph\">{\"@context\":\"https:\/\/schema.org\",\"@graph\":[{\"@type\":\"WebPage\",\"@id\":\"https:\/\/sitextil.com.br\/produto\/sacochila\/\",\"url\":\"https:\/\/sitextil.com.br\/produto\/sacochila\/\",\"name\":\"SACOCHILA - Sitextil Embalagens\",\"isPartOf\":{\"@id\":\"https:\/\/sitextil.com.br\/#website\"},\"primaryImageOfPage\":{\"@id\":\"https:\/\/sitextil.com.br\/produto\/sacochila\/#primaryimage\"},\"image\":{\"@id\":\"https:\/\/sitextil.com.br\/produto\/sacochila\/#primaryimage\"},\"thumbnailUrl\":\"https:\/\/sitextil.com.br\/wp-content\/uploads\/2024\/07\/sacochilas-9085-1-810d908e29e5b28c6c17053445748478-480-0.webp\",\"datePublished\":\"2024-07-08T15:36:27+00:00\",\"dateModified\":\"2025-02-13T11:56:40+00:00\",\"breadcrumb\":{\"@id\":\"https:\/\/sitextil.com.br\/produto\/sacochila\/#breadcrumb\"},\"inLanguage\":\"en-US\",\"potentialAction\":[{\"@type\":\"ReadAction\",\"target\":[\"https:\/\/sitextil.com.br\/produto\/sacochila\/\"]}]},{\"@type\":\"ImageObject\",\"inLanguage\":\"en-US\",\"@id\":\"https:\/\/sitextil.com.br\/produto\/sacochila\/#primaryimage\",\"url\":\"https:\/\/sitextil.com.br\/wp-content\/uploads\/2024\/07\/sacochilas-9085-1-810d908e29e5b28c6c17053445748478-480-0.webp\",\"contentUrl\":\"https:\/\/sitextil.com.br\/wp-content\/uploads\/2024\/07\/sacochilas-9085-1-810d908e29e5b28c6c17053445748478-480-0.webp\",\"width\":480,\"height\":480},{\"@type\":\"BreadcrumbList\",\"@id\":\"https:\/\/sitextil.com.br\/produto\/sacochila\/#breadcrumb\",\"itemListElement\":[{\"@type\":\"ListItem\",\"position\":1,\"name\":\"In\u00edcio\",\"item\":\"https:\/\/sitextil.com.br\/\"},{\"@type\":\"ListItem\",\"position\":2,\"name\":\"Loja\",\"item\":\"https:\/\/sitextil.com.br\/loja\/\"},{\"@type\":\"ListItem\",\"position\":3,\"name\":\"SACOCHILA\"}]},{\"@type\":\"WebSite\",\"@id\":\"https:\/\/sitextil.com.br\/#website\",\"url\":\"https:\/\/sitextil.com.br\/\",\"name\":\"Sitextil Embalagens\",\"description\":\"Sua marca inesquec\u00edvel\",\"publisher\":{\"@id\":\"https:\/\/sitextil.com.br\/#organization\"},\"potentialAction\":[{\"@type\":\"SearchAction\",\"target\":{\"@type\":\"EntryPoint\",\"urlTemplate\":\"https:\/\/sitextil.com.br\/?s={search_term_string}\"},\"query-input\":{\"@type\":\"PropertyValueSpecification\",\"valueRequired\":true,\"valueName\":\"search_term_string\"}}],\"inLanguage\":\"en-US\"},{\"@type\":\"Organization\",\"@id\":\"https:\/\/sitextil.com.br\/#organization\",\"name\":\"Sitextil Embalagens\",\"url\":\"https:\/\/sitextil.com.br\/\",\"logo\":{\"@type\":\"ImageObject\",\"inLanguage\":\"en-US\",\"@id\":\"https:\/\/sitextil.com.br\/#\/schema\/logo\/image\/\",\"url\":\"https:\/\/sitextil.com.br\/wp-content\/uploads\/2023\/05\/SITEXTIL-HORIZONTAL-ROXO-E-AMARELO@2x.png\",\"contentUrl\":\"https:\/\/sitextil.com.br\/wp-content\/uploads\/2023\/05\/SITEXTIL-HORIZONTAL-ROXO-E-AMARELO@2x.png\",\"width\":2665,\"height\":745,\"caption\":\"Sitextil Embalagens\"},\"image\":{\"@id\":\"https:\/\/sitextil.com.br\/#\/schema\/logo\/image\/\"}}]}<\/script>\n<!-- \/ Yoast SEO plugin. -->","yoast_head_json":{"title":"SACOCHILA - Sitextil Embalagens","robots":{"index":"index","follow":"follow","max-snippet":"max-snippet:-1","max-image-preview":"max-image-preview:large","max-video-preview":"max-video-preview:-1"},"canonical":"https:\/\/sitextil.com.br\/en\/product\/sacochila\/","og_locale":"en_US","og_type":"article","og_title":"SACOCHILA - Sitextil Embalagens","og_description":"Sacochilas de Algod\u00e3o Cru Personalizadas: Estilo, Conveni\u00eancia e a Sua Marca em Movimento! Apresentamos nossas sacochilas de algod\u00e3o cru personalizadas, a uni\u00e3o perfeita entre versatilidade, moda consciente e branding personalizado. Estas sacochilas n\u00e3o s\u00e3o apenas para carregar itens, mas tamb\u00e9m para contar a hist\u00f3ria da sua marca de maneira \u00fanica. Ao incorporar a sua logo, [&hellip;]","og_url":"https:\/\/sitextil.com.br\/en\/product\/sacochila\/","og_site_name":"Sitextil Embalagens","article_modified_time":"2025-02-13T11:56:40+00:00","og_image":[{"width":480,"height":480,"url":"https:\/\/sitextil.com.br\/wp-content\/uploads\/2024\/07\/sacochilas-9085-1-810d908e29e5b28c6c17053445748478-480-0.webp","type":"image\/webp"}],"twitter_card":"summary_large_image","twitter_misc":{"Est. reading time":"2 minutes"},"schema":{"@context":"https:\/\/schema.org","@graph":[{"@type":"WebPage","@id":"https:\/\/sitextil.com.br\/produto\/sacochila\/","url":"https:\/\/sitextil.com.br\/produto\/sacochila\/","name":"SACOCHILA - Sitextil Embalagens","isPartOf":{"@id":"https:\/\/sitextil.com.br\/#website"},"primaryImageOfPage":{"@id":"https:\/\/sitextil.com.br\/produto\/sacochila\/#primaryimage"},"image":{"@id":"https:\/\/sitextil.com.br\/produto\/sacochila\/#primaryimage"},"thumbnailUrl":"https:\/\/sitextil.com.br\/wp-content\/uploads\/2024\/07\/sacochilas-9085-1-810d908e29e5b28c6c17053445748478-480-0.webp","datePublished":"2024-07-08T15:36:27+00:00","dateModified":"2025-02-13T11:56:40+00:00","breadcrumb":{"@id":"https:\/\/sitextil.com.br\/produto\/sacochila\/#breadcrumb"},"inLanguage":"en-US","potentialAction":[{"@type":"ReadAction","target":["https:\/\/sitextil.com.br\/produto\/sacochila\/"]}]},{"@type":"ImageObject","inLanguage":"en-US","@id":"https:\/\/sitextil.com.br\/produto\/sacochila\/#primaryimage","url":"https:\/\/sitextil.com.br\/wp-content\/uploads\/2024\/07\/sacochilas-9085-1-810d908e29e5b28c6c17053445748478-480-0.webp","contentUrl":"https:\/\/sitextil.com.br\/wp-content\/uploads\/2024\/07\/sacochilas-9085-1-810d908e29e5b28c6c17053445748478-480-0.webp","width":480,"height":480},{"@type":"BreadcrumbList","@id":"https:\/\/sitextil.com.br\/produto\/sacochila\/#breadcrumb","itemListElement":[{"@type":"ListItem","position":1,"name":"In\u00edcio","item":"https:\/\/sitextil.com.br\/"},{"@type":"ListItem","position":2,"name":"Loja","item":"https:\/\/sitextil.com.br\/loja\/"},{"@type":"ListItem","position":3,"name":"SACOCHILA"}]},{"@type":"WebSite","@id":"https:\/\/sitextil.com.br\/#website","url":"https:\/\/sitextil.com.br\/","name":"Sitextil Embalagens","description":"Sua marca inesquec\u00edvel","publisher":{"@id":"https:\/\/sitextil.com.br\/#organization"},"potentialAction":[{"@type":"SearchAction","target":{"@type":"EntryPoint","urlTemplate":"https:\/\/sitextil.com.br\/?s={search_term_string}"},"query-input":{"@type":"PropertyValueSpecification","valueRequired":true,"valueName":"search_term_string"}}],"inLanguage":"en-US"},{"@type":"Organization","@id":"https:\/\/sitextil.com.br\/#organization","name":"Sitextil Embalagens","url":"https:\/\/sitextil.com.br\/","logo":{"@type":"ImageObject","inLanguage":"en-US","@id":"https:\/\/sitextil.com.br\/#\/schema\/logo\/image\/","url":"https:\/\/sitextil.com.br\/wp-content\/uploads\/2023\/05\/SITEXTIL-HORIZONTAL-ROXO-E-AMARELO@2x.png","contentUrl":"https:\/\/sitextil.com.br\/wp-content\/uploads\/2023\/05\/SITEXTIL-HORIZONTAL-ROXO-E-AMARELO@2x.png","width":2665,"height":745,"caption":"Sitextil Embalagens"},"image":{"@id":"https:\/\/sitextil.com.br\/#\/schema\/logo\/image\/"}}]}},"_links":{"self":[{"href":"https:\/\/sitextil.com.br\/en\/wp-json\/wp\/v2\/product\/1793"}],"collection":[{"href":"https:\/\/sitextil.com.br\/en\/wp-json\/wp\/v2\/product"}],"about":[{"href":"https:\/\/sitextil.com.br\/en\/wp-json\/wp\/v2\/types\/product"}],"wp:featuredmedia":[{"embeddable":true,"href":"https:\/\/sitextil.com.br\/en\/wp-json\/wp\/v2\/media\/3784"}],"wp:attachment":[{"href":"https:\/\/sitextil.com.br\/en\/wp-json\/wp\/v2\/media?parent=1793"}],"wp:term":[{"taxonomy":"product_brand","embeddable":true,"href":"https:\/\/sitextil.com.br\/en\/wp-json\/wp\/v2\/product_brand?post=1793"},{"taxonomy":"product_cat","embeddable":true,"href":"https:\/\/sitextil.com.br\/en\/wp-json\/wp\/v2\/product_cat?post=1793"},{"taxonomy":"product_tag","embeddable":true,"href":"https:\/\/sitextil.com.br\/en\/wp-json\/wp\/v2\/product_tag?post=1793"}],"curies":[{"name":"wp","href":"https:\/\/api.w.org\/{rel}","templated":true}]}}