{"id":1937,"date":"2024-07-08T12:37:01","date_gmt":"2024-07-08T15:37:01","guid":{"rendered":"https:\/\/sitextil.com.br\/produto\/sacolinha-de-algodao-alca-de-cadarco-c-laco-4cm\/"},"modified":"2026-02-19T17:46:21","modified_gmt":"2026-02-19T20:46:21","slug":"sacolinha-de-algodao-alca-de-cadarco-c-laco-4cm","status":"publish","type":"product","link":"https:\/\/sitextil.com.br\/en\/product\/sacolinha-de-algodao-alca-de-cadarco-c-laco-4cm\/","title":{"rendered":"COTTON BAG WITH BOW"},"content":{"rendered":"<p style=\"text-align: left\"><strong>Technical description:<\/strong><\/p>\n<ul style=\"text-align: left\">\n<li style=\"text-align: left\"><strong>Tissue:<\/strong> Raw cotton.<\/li>\n<li style=\"text-align: left\"><strong>Handle model:<\/strong> Raw lace strap 30cm long and 20mm thick.<\/li>\n<li><strong>Finish:<\/strong> Satin ribbon bow 40mm thick, color to be chosen by the customer according to the catalog<\/li>\n<li style=\"text-align: left\"><strong>Customization method:<\/strong> Screen printing in one color. For more colors, call on WhatsApp.<\/li>\n<li style=\"text-align: left\"><strong>Sizes:<\/strong> To be defined by the customer according to the options offered by the website. Standard 8cm background.<\/li>\n<\/ul>\n<p style=\"text-align: left\">\n<p style=\"text-align: left\"><strong><span style=\"border: 0px solid #d9d9e3;--tw-border-spacing-x: 0;--tw-border-spacing-y: 0;--tw-translate-x: 0;--tw-translate-y: 0;--tw-rotate: 0;--tw-skew-x: 0;--tw-skew-y: 0;--tw-scale-x: 1;--tw-scale-y: 1;--tw-scroll-snap-strictness: proximity;--tw-ring-offset-width: 0px;--tw-ring-offset-color: #fff;--tw-ring-offset-shadow: 0 0 transparent;--tw-ring-shadow: 0 0 transparent;--tw-shadow: 0 0 transparent;--tw-shadow-colored: 0 0 transparent;color: #000000\">Custom raw cotton bags: Your brand stamped with elegance!<\/span><\/strong><\/p>\n<p style=\"text-align: left\"><span style=\"color: #000000\">Introducing our exceptional line of custom unbleached cotton tote bags, a perfect fusion of practicality, style and environmental commitment. Each bag is a visual and tactile statement of your brand, wrapped in the unique texture of unbleached cotton. By personalizing them with your logo, these bags become visual representatives of your brand identity.<\/span><\/p>\n<p style=\"text-align: left\">\n<p style=\"text-align: left\"><strong><span style=\"border: 0px solid #d9d9e3;--tw-border-spacing-x: 0;--tw-border-spacing-y: 0;--tw-translate-x: 0;--tw-translate-y: 0;--tw-rotate: 0;--tw-skew-x: 0;--tw-skew-y: 0;--tw-scale-x: 1;--tw-scale-y: 1;--tw-scroll-snap-strictness: proximity;--tw-ring-offset-width: 0px;--tw-ring-offset-color: #fff;--tw-ring-offset-shadow: 0 0 transparent;--tw-ring-shadow: 0 0 transparent;--tw-shadow: 0 0 transparent;--tw-shadow-colored: 0 0 transparent;color: #000000\">Why choose our custom raw cotton bags:<\/span><\/strong><\/p>\n<ul>\n<li style=\"border: 0px solid #d9d9e3;--tw-border-spacing-x: 0;--tw-border-spacing-y: 0;--tw-translate-x: 0;--tw-translate-y: 0;--tw-rotate: 0;--tw-skew-x: 0;--tw-skew-y: 0;--tw-scale-x: 1;--tw-scale-y: 1;--tw-scroll-snap-strictness: proximity;--tw-ring-offset-width: 0px;--tw-ring-offset-color: #fff;--tw-ring-offset-shadow: 0 0 transparent;--tw-ring-shadow: 0 0 transparent;--tw-shadow: 0 0 transparent;--tw-shadow-colored: 0 0 transparent;text-align: left\"><span style=\"color: #000000\"><strong><span style=\"border: 0px solid #d9d9e3;--tw-border-spacing-x: 0;--tw-border-spacing-y: 0;--tw-translate-x: 0;--tw-translate-y: 0;--tw-rotate: 0;--tw-skew-x: 0;--tw-skew-y: 0;--tw-scale-x: 1;--tw-scale-y: 1;--tw-scroll-snap-strictness: proximity;--tw-ring-offset-width: 0px;--tw-ring-offset-color: #fff;--tw-ring-offset-shadow: 0 0 transparent;--tw-ring-shadow: 0 0 transparent;--tw-shadow: 0 0 transparent;--tw-shadow-colored: 0 0 transparent\">Ecological elegance:<\/span><\/strong> Made from unbleached cotton, these bags offer a sustainable and stylish alternative.<\/span><\/li>\n<li style=\"border: 0px solid #d9d9e3;--tw-border-spacing-x: 0;--tw-border-spacing-y: 0;--tw-translate-x: 0;--tw-translate-y: 0;--tw-rotate: 0;--tw-skew-x: 0;--tw-skew-y: 0;--tw-scale-x: 1;--tw-scale-y: 1;--tw-scroll-snap-strictness: proximity;--tw-ring-offset-width: 0px;--tw-ring-offset-color: #fff;--tw-ring-offset-shadow: 0 0 transparent;--tw-ring-shadow: 0 0 transparent;--tw-shadow: 0 0 transparent;--tw-shadow-colored: 0 0 transparent;text-align: left\"><span style=\"color: #000000\"><strong><span style=\"border: 0px solid #d9d9e3;--tw-border-spacing-x: 0;--tw-border-spacing-y: 0;--tw-translate-x: 0;--tw-translate-y: 0;--tw-rotate: 0;--tw-skew-x: 0;--tw-skew-y: 0;--tw-scale-x: 1;--tw-scale-y: 1;--tw-scroll-snap-strictness: proximity;--tw-ring-offset-width: 0px;--tw-ring-offset-color: #fff;--tw-ring-offset-shadow: 0 0 transparent;--tw-ring-shadow: 0 0 transparent;--tw-shadow: 0 0 transparent;--tw-shadow-colored: 0 0 transparent\">Traveling advertising:<\/span><\/strong> Customized with your logo, these bags become mobile ambassadors for your brand. Customers who carry them promote your brand organically.<\/span><\/li>\n<li style=\"border: 0px solid #d9d9e3;--tw-border-spacing-x: 0;--tw-border-spacing-y: 0;--tw-translate-x: 0;--tw-translate-y: 0;--tw-rotate: 0;--tw-skew-x: 0;--tw-skew-y: 0;--tw-scale-x: 1;--tw-scale-y: 1;--tw-scroll-snap-strictness: proximity;--tw-ring-offset-width: 0px;--tw-ring-offset-color: #fff;--tw-ring-offset-shadow: 0 0 transparent;--tw-ring-shadow: 0 0 transparent;--tw-shadow: 0 0 transparent;--tw-shadow-colored: 0 0 transparent;text-align: left\"><span style=\"color: #000000\"><strong><span style=\"border: 0px solid #d9d9e3;--tw-border-spacing-x: 0;--tw-border-spacing-y: 0;--tw-translate-x: 0;--tw-translate-y: 0;--tw-rotate: 0;--tw-skew-x: 0;--tw-skew-y: 0;--tw-scale-x: 1;--tw-scale-y: 1;--tw-scroll-snap-strictness: proximity;--tw-ring-offset-width: 0px;--tw-ring-offset-color: #fff;--tw-ring-offset-shadow: 0 0 transparent;--tw-ring-shadow: 0 0 transparent;--tw-shadow: 0 0 transparent;--tw-shadow-colored: 0 0 transparent\">Functional versatility:<\/span> <\/strong>From shopping to events, these bags adapt to a variety of situations. Practicality meets style, providing customers with an accessory that stands out.<\/span><\/li>\n<li style=\"border: 0px solid #d9d9e3;--tw-border-spacing-x: 0;--tw-border-spacing-y: 0;--tw-translate-x: 0;--tw-translate-y: 0;--tw-rotate: 0;--tw-skew-x: 0;--tw-skew-y: 0;--tw-scale-x: 1;--tw-scale-y: 1;--tw-scroll-snap-strictness: proximity;--tw-ring-offset-width: 0px;--tw-ring-offset-color: #fff;--tw-ring-offset-shadow: 0 0 transparent;--tw-ring-shadow: 0 0 transparent;--tw-shadow: 0 0 transparent;--tw-shadow-colored: 0 0 transparent;text-align: left\"><span style=\"color: #000000\"><strong><span style=\"border: 0px solid #d9d9e3;--tw-border-spacing-x: 0;--tw-border-spacing-y: 0;--tw-translate-x: 0;--tw-translate-y: 0;--tw-rotate: 0;--tw-skew-x: 0;--tw-skew-y: 0;--tw-scale-x: 1;--tw-scale-y: 1;--tw-scroll-snap-strictness: proximity;--tw-ring-offset-width: 0px;--tw-ring-offset-color: #fff;--tw-ring-offset-shadow: 0 0 transparent;--tw-ring-shadow: 0 0 transparent;--tw-shadow: 0 0 transparent;--tw-shadow-colored: 0 0 transparent\">Exclusive packaging option:<\/span><\/strong> These bags are a unique packaging option for your products. Each purchase becomes a personalized experience, reinforcing the customer\u2019s emotional connection with your brand.<\/span><\/li>\n<\/ul>\n<pre style=\"border: 0px solid #d9d9e3;--tw-border-spacing-x: 0;--tw-border-spacing-y: 0;--tw-translate-x: 0;--tw-translate-y: 0;--tw-rotate: 0;--tw-skew-x: 0;--tw-skew-y: 0;--tw-scale-x: 1;--tw-scale-y: 1;--tw-scroll-snap-strictness: proximity;--tw-ring-offset-width: 0px;--tw-ring-offset-color: #fff;--tw-ring-offset-shadow: 0 0 transparent;--tw-ring-shadow: 0 0 transparent;--tw-shadow: 0 0 transparent;--tw-shadow-colored: 0 0 transparent;margin-top: 1.25em;margin-bottom: 0px;color: #374151;font-family: S\u00f6hne, ui-sans-serif, system-ui, -apple-system, 'Segoe UI', Roboto, Ubuntu, Cantarell, 'Noto Sans', sans-serif, 'Helvetica Neue', Arial, 'Apple Color Emoji', 'Segoe UI Emoji', 'Segoe UI Symbol', 'Noto Color Emoji';font-size: 16px\"><\/pre>","protected":false},"excerpt":{"rendered":"<p>Descri\u00e7\u00e3o t\u00e9cnica: Tecido: Algod\u00e3o cru. Modelo de al\u00e7a: Al\u00e7a de de cadar\u00e7o cru 30cm de comprimento e 20mm de espessura. Acabamento: La\u00e7o de fita de cetim 40mm de espessura, cor a escolher pelo cliente de acordo com o cat\u00e1logo Forma de personaliza\u00e7\u00e3o: Serigrafia em uma cor. Para mais cores chamar no whatsapp. Tamanhos: A definir [&hellip;]<\/p>","protected":false},"featured_media":4823,"template":"","meta":{"_acf_changed":false},"product_brand":[],"product_cat":[70],"product_tag":[138,139,140,141,142,143,144,145,146,147],"class_list":{"0":"post-1937","1":"product","2":"type-product","3":"status-publish","4":"has-post-thumbnail","6":"product_cat-sacolas","7":"product_tag-algodao-organico","8":"product_tag-alternativa-eco-friendly-para-embalagens-plasticas","9":"product_tag-bolsa-de-algodao-reutilizavel","10":"product_tag-eco-bag-algodao-cru","11":"product_tag-embalagem-eco-consciente","12":"product_tag-embalagem-sustentavel","13":"product_tag-saco-de-compras-sustentavel","14":"product_tag-sacola-biodegradavel","15":"product_tag-sacola-ecologica-de-algodao","16":"product_tag-saquinho-de-algodao-cru","17":"pa_material-algodao-cru","18":"pa_segmento-velas-e-aromas","20":"first","21":"instock","22":"purchasable","23":"product-type-variable","24":"has-default-attributes","25":"wvs-archive-product-wrapper"},"acf":[],"yoast_head":"<!-- This site is optimized with the Yoast SEO plugin v24.7 - https:\/\/yoast.com\/wordpress\/plugins\/seo\/ -->\n<title>SACOLINHA DE ALGOD\u00c3O COM LA\u00c7O - Sitextil Embalagens<\/title>\n<meta name=\"robots\" content=\"index, follow, max-snippet:-1, max-image-preview:large, max-video-preview:-1\" \/>\n<link rel=\"canonical\" href=\"https:\/\/sitextil.com.br\/en\/product\/sacolinha-de-algodao-alca-de-cadarco-c-laco-4cm\/\" \/>\n<meta property=\"og:locale\" content=\"en_US\" \/>\n<meta property=\"og:type\" content=\"article\" \/>\n<meta property=\"og:title\" content=\"SACOLINHA DE ALGOD\u00c3O COM LA\u00c7O - Sitextil Embalagens\" \/>\n<meta property=\"og:description\" content=\"Descri\u00e7\u00e3o t\u00e9cnica: Tecido: Algod\u00e3o cru. Modelo de al\u00e7a: Al\u00e7a de de cadar\u00e7o cru 30cm de comprimento e 20mm de espessura. Acabamento: La\u00e7o de fita de cetim 40mm de espessura, cor a escolher pelo cliente de acordo com o cat\u00e1logo Forma de personaliza\u00e7\u00e3o: Serigrafia em uma cor. Para mais cores chamar no whatsapp. Tamanhos: A definir [&hellip;]\" \/>\n<meta property=\"og:url\" content=\"https:\/\/sitextil.com.br\/en\/product\/sacolinha-de-algodao-alca-de-cadarco-c-laco-4cm\/\" \/>\n<meta property=\"og:site_name\" content=\"Sitextil Embalagens\" \/>\n<meta property=\"article:modified_time\" content=\"2026-02-19T20:46:21+00:00\" \/>\n<meta property=\"og:image\" content=\"https:\/\/sitextil.com.br\/wp-content\/uploads\/2024\/07\/SACOLA-LACO-V-4225-scaled.jpg\" \/>\n\t<meta property=\"og:image:width\" content=\"2560\" \/>\n\t<meta property=\"og:image:height\" content=\"2560\" \/>\n\t<meta property=\"og:image:type\" content=\"image\/jpeg\" \/>\n<meta name=\"twitter:card\" content=\"summary_large_image\" \/>\n<meta name=\"twitter:label1\" content=\"Est. reading time\" \/>\n\t<meta name=\"twitter:data1\" content=\"2 minutes\" \/>\n<script type=\"application\/ld+json\" class=\"yoast-schema-graph\">{\"@context\":\"https:\/\/schema.org\",\"@graph\":[{\"@type\":\"WebPage\",\"@id\":\"https:\/\/sitextil.com.br\/produto\/sacolinha-de-algodao-alca-de-cadarco-c-laco-4cm\/\",\"url\":\"https:\/\/sitextil.com.br\/produto\/sacolinha-de-algodao-alca-de-cadarco-c-laco-4cm\/\",\"name\":\"SACOLINHA DE ALGOD\u00c3O COM LA\u00c7O - Sitextil Embalagens\",\"isPartOf\":{\"@id\":\"https:\/\/sitextil.com.br\/#website\"},\"primaryImageOfPage\":{\"@id\":\"https:\/\/sitextil.com.br\/produto\/sacolinha-de-algodao-alca-de-cadarco-c-laco-4cm\/#primaryimage\"},\"image\":{\"@id\":\"https:\/\/sitextil.com.br\/produto\/sacolinha-de-algodao-alca-de-cadarco-c-laco-4cm\/#primaryimage\"},\"thumbnailUrl\":\"https:\/\/sitextil.com.br\/wp-content\/uploads\/2024\/07\/SACOLA-LACO-V-4225-scaled.jpg\",\"datePublished\":\"2024-07-08T15:37:01+00:00\",\"dateModified\":\"2026-02-19T20:46:21+00:00\",\"breadcrumb\":{\"@id\":\"https:\/\/sitextil.com.br\/produto\/sacolinha-de-algodao-alca-de-cadarco-c-laco-4cm\/#breadcrumb\"},\"inLanguage\":\"en-US\",\"potentialAction\":[{\"@type\":\"ReadAction\",\"target\":[\"https:\/\/sitextil.com.br\/produto\/sacolinha-de-algodao-alca-de-cadarco-c-laco-4cm\/\"]}]},{\"@type\":\"ImageObject\",\"inLanguage\":\"en-US\",\"@id\":\"https:\/\/sitextil.com.br\/produto\/sacolinha-de-algodao-alca-de-cadarco-c-laco-4cm\/#primaryimage\",\"url\":\"https:\/\/sitextil.com.br\/wp-content\/uploads\/2024\/07\/SACOLA-LACO-V-4225-scaled.jpg\",\"contentUrl\":\"https:\/\/sitextil.com.br\/wp-content\/uploads\/2024\/07\/SACOLA-LACO-V-4225-scaled.jpg\",\"width\":2560,\"height\":2560},{\"@type\":\"BreadcrumbList\",\"@id\":\"https:\/\/sitextil.com.br\/produto\/sacolinha-de-algodao-alca-de-cadarco-c-laco-4cm\/#breadcrumb\",\"itemListElement\":[{\"@type\":\"ListItem\",\"position\":1,\"name\":\"In\u00edcio\",\"item\":\"https:\/\/sitextil.com.br\/\"},{\"@type\":\"ListItem\",\"position\":2,\"name\":\"Loja\",\"item\":\"https:\/\/sitextil.com.br\/loja\/\"},{\"@type\":\"ListItem\",\"position\":3,\"name\":\"SACOLINHA DE ALGOD\u00c3O COM LA\u00c7O\"}]},{\"@type\":\"WebSite\",\"@id\":\"https:\/\/sitextil.com.br\/#website\",\"url\":\"https:\/\/sitextil.com.br\/\",\"name\":\"Sitextil Embalagens\",\"description\":\"Sua marca inesquec\u00edvel\",\"publisher\":{\"@id\":\"https:\/\/sitextil.com.br\/#organization\"},\"potentialAction\":[{\"@type\":\"SearchAction\",\"target\":{\"@type\":\"EntryPoint\",\"urlTemplate\":\"https:\/\/sitextil.com.br\/?s={search_term_string}\"},\"query-input\":{\"@type\":\"PropertyValueSpecification\",\"valueRequired\":true,\"valueName\":\"search_term_string\"}}],\"inLanguage\":\"en-US\"},{\"@type\":\"Organization\",\"@id\":\"https:\/\/sitextil.com.br\/#organization\",\"name\":\"Sitextil Embalagens\",\"url\":\"https:\/\/sitextil.com.br\/\",\"logo\":{\"@type\":\"ImageObject\",\"inLanguage\":\"en-US\",\"@id\":\"https:\/\/sitextil.com.br\/#\/schema\/logo\/image\/\",\"url\":\"https:\/\/sitextil.com.br\/wp-content\/uploads\/2023\/05\/SITEXTIL-HORIZONTAL-ROXO-E-AMARELO@2x.png\",\"contentUrl\":\"https:\/\/sitextil.com.br\/wp-content\/uploads\/2023\/05\/SITEXTIL-HORIZONTAL-ROXO-E-AMARELO@2x.png\",\"width\":2665,\"height\":745,\"caption\":\"Sitextil Embalagens\"},\"image\":{\"@id\":\"https:\/\/sitextil.com.br\/#\/schema\/logo\/image\/\"}}]}<\/script>\n<!-- \/ Yoast SEO plugin. -->","yoast_head_json":{"title":"SACOLINHA DE ALGOD\u00c3O COM LA\u00c7O - Sitextil Embalagens","robots":{"index":"index","follow":"follow","max-snippet":"max-snippet:-1","max-image-preview":"max-image-preview:large","max-video-preview":"max-video-preview:-1"},"canonical":"https:\/\/sitextil.com.br\/en\/product\/sacolinha-de-algodao-alca-de-cadarco-c-laco-4cm\/","og_locale":"en_US","og_type":"article","og_title":"SACOLINHA DE ALGOD\u00c3O COM LA\u00c7O - Sitextil Embalagens","og_description":"Descri\u00e7\u00e3o t\u00e9cnica: Tecido: Algod\u00e3o cru. Modelo de al\u00e7a: Al\u00e7a de de cadar\u00e7o cru 30cm de comprimento e 20mm de espessura. Acabamento: La\u00e7o de fita de cetim 40mm de espessura, cor a escolher pelo cliente de acordo com o cat\u00e1logo Forma de personaliza\u00e7\u00e3o: Serigrafia em uma cor. Para mais cores chamar no whatsapp. Tamanhos: A definir [&hellip;]","og_url":"https:\/\/sitextil.com.br\/en\/product\/sacolinha-de-algodao-alca-de-cadarco-c-laco-4cm\/","og_site_name":"Sitextil Embalagens","article_modified_time":"2026-02-19T20:46:21+00:00","og_image":[{"width":2560,"height":2560,"url":"https:\/\/sitextil.com.br\/wp-content\/uploads\/2024\/07\/SACOLA-LACO-V-4225-scaled.jpg","type":"image\/jpeg"}],"twitter_card":"summary_large_image","twitter_misc":{"Est. reading time":"2 minutes"},"schema":{"@context":"https:\/\/schema.org","@graph":[{"@type":"WebPage","@id":"https:\/\/sitextil.com.br\/produto\/sacolinha-de-algodao-alca-de-cadarco-c-laco-4cm\/","url":"https:\/\/sitextil.com.br\/produto\/sacolinha-de-algodao-alca-de-cadarco-c-laco-4cm\/","name":"SACOLINHA DE ALGOD\u00c3O COM LA\u00c7O - Sitextil Embalagens","isPartOf":{"@id":"https:\/\/sitextil.com.br\/#website"},"primaryImageOfPage":{"@id":"https:\/\/sitextil.com.br\/produto\/sacolinha-de-algodao-alca-de-cadarco-c-laco-4cm\/#primaryimage"},"image":{"@id":"https:\/\/sitextil.com.br\/produto\/sacolinha-de-algodao-alca-de-cadarco-c-laco-4cm\/#primaryimage"},"thumbnailUrl":"https:\/\/sitextil.com.br\/wp-content\/uploads\/2024\/07\/SACOLA-LACO-V-4225-scaled.jpg","datePublished":"2024-07-08T15:37:01+00:00","dateModified":"2026-02-19T20:46:21+00:00","breadcrumb":{"@id":"https:\/\/sitextil.com.br\/produto\/sacolinha-de-algodao-alca-de-cadarco-c-laco-4cm\/#breadcrumb"},"inLanguage":"en-US","potentialAction":[{"@type":"ReadAction","target":["https:\/\/sitextil.com.br\/produto\/sacolinha-de-algodao-alca-de-cadarco-c-laco-4cm\/"]}]},{"@type":"ImageObject","inLanguage":"en-US","@id":"https:\/\/sitextil.com.br\/produto\/sacolinha-de-algodao-alca-de-cadarco-c-laco-4cm\/#primaryimage","url":"https:\/\/sitextil.com.br\/wp-content\/uploads\/2024\/07\/SACOLA-LACO-V-4225-scaled.jpg","contentUrl":"https:\/\/sitextil.com.br\/wp-content\/uploads\/2024\/07\/SACOLA-LACO-V-4225-scaled.jpg","width":2560,"height":2560},{"@type":"BreadcrumbList","@id":"https:\/\/sitextil.com.br\/produto\/sacolinha-de-algodao-alca-de-cadarco-c-laco-4cm\/#breadcrumb","itemListElement":[{"@type":"ListItem","position":1,"name":"In\u00edcio","item":"https:\/\/sitextil.com.br\/"},{"@type":"ListItem","position":2,"name":"Loja","item":"https:\/\/sitextil.com.br\/loja\/"},{"@type":"ListItem","position":3,"name":"SACOLINHA DE ALGOD\u00c3O COM LA\u00c7O"}]},{"@type":"WebSite","@id":"https:\/\/sitextil.com.br\/#website","url":"https:\/\/sitextil.com.br\/","name":"Sitextil Embalagens","description":"Sua marca inesquec\u00edvel","publisher":{"@id":"https:\/\/sitextil.com.br\/#organization"},"potentialAction":[{"@type":"SearchAction","target":{"@type":"EntryPoint","urlTemplate":"https:\/\/sitextil.com.br\/?s={search_term_string}"},"query-input":{"@type":"PropertyValueSpecification","valueRequired":true,"valueName":"search_term_string"}}],"inLanguage":"en-US"},{"@type":"Organization","@id":"https:\/\/sitextil.com.br\/#organization","name":"Sitextil Embalagens","url":"https:\/\/sitextil.com.br\/","logo":{"@type":"ImageObject","inLanguage":"en-US","@id":"https:\/\/sitextil.com.br\/#\/schema\/logo\/image\/","url":"https:\/\/sitextil.com.br\/wp-content\/uploads\/2023\/05\/SITEXTIL-HORIZONTAL-ROXO-E-AMARELO@2x.png","contentUrl":"https:\/\/sitextil.com.br\/wp-content\/uploads\/2023\/05\/SITEXTIL-HORIZONTAL-ROXO-E-AMARELO@2x.png","width":2665,"height":745,"caption":"Sitextil Embalagens"},"image":{"@id":"https:\/\/sitextil.com.br\/#\/schema\/logo\/image\/"}}]}},"_links":{"self":[{"href":"https:\/\/sitextil.com.br\/en\/wp-json\/wp\/v2\/product\/1937"}],"collection":[{"href":"https:\/\/sitextil.com.br\/en\/wp-json\/wp\/v2\/product"}],"about":[{"href":"https:\/\/sitextil.com.br\/en\/wp-json\/wp\/v2\/types\/product"}],"wp:featuredmedia":[{"embeddable":true,"href":"https:\/\/sitextil.com.br\/en\/wp-json\/wp\/v2\/media\/4823"}],"wp:attachment":[{"href":"https:\/\/sitextil.com.br\/en\/wp-json\/wp\/v2\/media?parent=1937"}],"wp:term":[{"taxonomy":"product_brand","embeddable":true,"href":"https:\/\/sitextil.com.br\/en\/wp-json\/wp\/v2\/product_brand?post=1937"},{"taxonomy":"product_cat","embeddable":true,"href":"https:\/\/sitextil.com.br\/en\/wp-json\/wp\/v2\/product_cat?post=1937"},{"taxonomy":"product_tag","embeddable":true,"href":"https:\/\/sitextil.com.br\/en\/wp-json\/wp\/v2\/product_tag?post=1937"}],"curies":[{"name":"wp","href":"https:\/\/api.w.org\/{rel}","templated":true}]}}