{"id":1953,"date":"2024-07-08T12:37:03","date_gmt":"2024-07-08T15:37:03","guid":{"rendered":"https:\/\/sitextil.com.br\/produto\/ecobag-jeans-alca-de-cadarco-70cm\/"},"modified":"2025-03-21T17:02:32","modified_gmt":"2025-03-21T20:02:32","slug":"ecobag-jeans-alca-de-cadarco-70cm","status":"publish","type":"product","link":"https:\/\/sitextil.com.br\/en\/product\/ecobag-jeans-alca-de-cadarco-70cm\/","title":{"rendered":"ECOBAG JEANS LACE STRAP"},"content":{"rendered":"<p style=\"text-align: left\"><strong>Technical description:<\/strong><\/p>\n<ul style=\"text-align: left\">\n<li style=\"text-align: left\"><strong>Tissue:<\/strong> Brim. (Imitates jeans)<\/li>\n<li style=\"text-align: left\"><strong>Handle model:<\/strong> Raw lace strap 70cm.<\/li>\n<li style=\"text-align: left\"><strong>Customization method:<\/strong> Localized printing on raw shoelace label, made using screen printing in one color. For more colors, access WhatsApp.<\/li>\n<li style=\"text-align: left\"><strong>Sizes:<\/strong> To be defined by the customer according to the options offered by the website.<\/li>\n<\/ul>\n<p style=\"text-align: left\">\n<p style=\"text-align: left\"><strong><span style=\"border: 0px solid #d9d9e3;--tw-border-spacing-x: 0;--tw-border-spacing-y: 0;--tw-translate-x: 0;--tw-translate-y: 0;--tw-rotate: 0;--tw-skew-x: 0;--tw-skew-y: 0;--tw-scale-x: 1;--tw-scale-y: 1;--tw-scroll-snap-strictness: proximity;--tw-ring-offset-width: 0px;--tw-ring-offset-color: #fff;--tw-ring-offset-shadow: 0 0 transparent;--tw-ring-shadow: 0 0 transparent;--tw-shadow: 0 0 transparent;--tw-shadow-colored: 0 0 transparent;color: #000000\">Custom denim bags: Style, durability and your brand on the move!<\/span><\/strong><\/p>\n<p style=\"text-align: left\"><span style=\"color: #000000\">Introducing our custom denim bags, the ideal choice for packaging your products with a modern and versatile touch. Each bag goes above and beyond, they are a fashion statement that communicates the quality of your products. With the exclusive inclusion of your logo, these bags not only transport your products, but also promote your brand in a unique way, ensuring a high conversion rate on your online store.<\/span><\/p>\n<p style=\"text-align: left\">\n<p style=\"text-align: left\"><strong><span style=\"border: 0px solid #d9d9e3;--tw-border-spacing-x: 0;--tw-border-spacing-y: 0;--tw-translate-x: 0;--tw-translate-y: 0;--tw-rotate: 0;--tw-skew-x: 0;--tw-skew-y: 0;--tw-scale-x: 1;--tw-scale-y: 1;--tw-scroll-snap-strictness: proximity;--tw-ring-offset-width: 0px;--tw-ring-offset-color: #fff;--tw-ring-offset-shadow: 0 0 transparent;--tw-ring-shadow: 0 0 transparent;--tw-shadow: 0 0 transparent;--tw-shadow-colored: 0 0 transparent;color: #000000\">Benefits for your business:<\/span><\/strong><\/p>\n<ul style=\"text-align: left\">\n<li><span style=\"color: #000000\"><span style=\"border: 0px solid #d9d9e3;--tw-border-spacing-x: 0;--tw-border-spacing-y: 0;--tw-translate-x: 0;--tw-translate-y: 0;--tw-rotate: 0;--tw-skew-x: 0;--tw-skew-y: 0;--tw-scale-x: 1;--tw-scale-y: 1;--tw-scroll-snap-strictness: proximity;--tw-ring-offset-width: 0px;--tw-ring-offset-color: #fff;--tw-ring-offset-shadow: 0 0 transparent;--tw-ring-shadow: 0 0 transparent;--tw-shadow: 0 0 transparent;--tw-shadow-colored: 0 0 transparent;font-weight: 600\">Enhanced Customer Experience:<\/span> The elegance of the bags contributes to a more pleasant shopping experience, making your customers feel valued.<\/span><\/li>\n<li><span style=\"color: #000000\"><span style=\"border: 0px solid #d9d9e3;--tw-border-spacing-x: 0;--tw-border-spacing-y: 0;--tw-translate-x: 0;--tw-translate-y: 0;--tw-rotate: 0;--tw-skew-x: 0;--tw-skew-y: 0;--tw-scale-x: 1;--tw-scale-y: 1;--tw-scroll-snap-strictness: proximity;--tw-ring-offset-width: 0px;--tw-ring-offset-color: #fff;--tw-ring-offset-shadow: 0 0 transparent;--tw-ring-shadow: 0 0 transparent;--tw-shadow: 0 0 transparent;--tw-shadow-colored: 0 0 transparent;font-weight: 600\">Marketing on the move:<\/span> With each customer who carries your personalized bag, your brand gains visibility on the move, reaching new audiences and strengthening your presence in the market.<\/span><\/li>\n<li><span style=\"color: #000000\"><span style=\"border: 0px solid #d9d9e3;--tw-border-spacing-x: 0;--tw-border-spacing-y: 0;--tw-translate-x: 0;--tw-translate-y: 0;--tw-rotate: 0;--tw-skew-x: 0;--tw-skew-y: 0;--tw-scale-x: 1;--tw-scale-y: 1;--tw-scroll-snap-strictness: proximity;--tw-ring-offset-width: 0px;--tw-ring-offset-color: #fff;--tw-ring-offset-shadow: 0 0 transparent;--tw-ring-shadow: 0 0 transparent;--tw-shadow: 0 0 transparent;--tw-shadow-colored: 0 0 transparent;font-weight: 600\">Customer loyalty:<\/span> By offering a bag that goes beyond functionality, you create an emotional connection that makes customers more likely to come back.<\/span><\/li>\n<\/ul>\n<p style=\"text-align: left\">","protected":false},"excerpt":{"rendered":"<p>Descri\u00e7\u00e3o t\u00e9cnica: Tecido: Brim. (Imita o jeans) Modelo de al\u00e7a: Al\u00e7a de cadar\u00e7o cru 70cm. Forma de personaliza\u00e7\u00e3o: Impress\u00e3o localizada em etiqueta de cadar\u00e7o cru, realizada em segrafia em uma cor. Para mais cores acessar o whatsapp. Tamanhos: A definir pelo cliente de acordo com as op\u00e7\u00f5es oferecidas pelo site. Sacolas jeans personalizadas: Estilo, durabilidade [&hellip;]<\/p>","protected":false},"featured_media":3421,"template":"","meta":{"_acf_changed":false},"product_brand":[],"product_cat":[70],"product_tag":[203,204,205,206,207,208,209,210,211,212],"class_list":{"0":"post-1953","1":"product","2":"type-product","3":"status-publish","4":"has-post-thumbnail","6":"product_cat-sacolas","7":"product_tag-bolsas-de-compras-em-jeans","8":"product_tag-bolsas-eco-friendly-em-jeans","9":"product_tag-bolsas-em-denim","10":"product_tag-bolsas-reutilizaveis-de-denim","11":"product_tag-sacolas-estilosas-jeans","12":"product_tag-sacolas-fashion-em-jeans","13":"product_tag-sacolas-jeans","14":"product_tag-sacolas-jeans-duraveis","15":"product_tag-sacolas-personalizadas-de-denim","16":"product_tag-sacolas-sustentaveis-de-tecido-jeans","18":"first","19":"instock","20":"purchasable","21":"product-type-variable","22":"has-default-attributes","23":"wvs-archive-product-wrapper"},"acf":[],"yoast_head":"<!-- This site is optimized with the Yoast SEO plugin v24.7 - https:\/\/yoast.com\/wordpress\/plugins\/seo\/ -->\n<title>ECOBAG JEANS AL\u00c7A DE CADAR\u00c7O - Sitextil Embalagens<\/title>\n<meta name=\"robots\" content=\"index, follow, max-snippet:-1, max-image-preview:large, max-video-preview:-1\" \/>\n<link rel=\"canonical\" href=\"https:\/\/sitextil.com.br\/en\/product\/ecobag-jeans-alca-de-cadarco-70cm\/\" \/>\n<meta property=\"og:locale\" content=\"en_US\" \/>\n<meta property=\"og:type\" content=\"article\" \/>\n<meta property=\"og:title\" content=\"ECOBAG JEANS AL\u00c7A DE CADAR\u00c7O - Sitextil Embalagens\" \/>\n<meta property=\"og:description\" content=\"Descri\u00e7\u00e3o t\u00e9cnica: Tecido: Brim. (Imita o jeans) Modelo de al\u00e7a: Al\u00e7a de cadar\u00e7o cru 70cm. Forma de personaliza\u00e7\u00e3o: Impress\u00e3o localizada em etiqueta de cadar\u00e7o cru, realizada em segrafia em uma cor. Para mais cores acessar o whatsapp. Tamanhos: A definir pelo cliente de acordo com as op\u00e7\u00f5es oferecidas pelo site. Sacolas jeans personalizadas: Estilo, durabilidade [&hellip;]\" \/>\n<meta property=\"og:url\" content=\"https:\/\/sitextil.com.br\/en\/product\/ecobag-jeans-alca-de-cadarco-70cm\/\" \/>\n<meta property=\"og:site_name\" content=\"Sitextil Embalagens\" \/>\n<meta property=\"article:modified_time\" content=\"2025-03-21T20:02:32+00:00\" \/>\n<meta property=\"og:image\" content=\"https:\/\/sitextil.com.br\/wp-content\/uploads\/2024\/07\/site-2-4b60facb311ec722f017053504882872-1024-1024.webp\" \/>\n\t<meta property=\"og:image:width\" content=\"1000\" \/>\n\t<meta property=\"og:image:height\" content=\"1000\" \/>\n\t<meta property=\"og:image:type\" content=\"image\/webp\" \/>\n<meta name=\"twitter:card\" content=\"summary_large_image\" \/>\n<meta name=\"twitter:label1\" content=\"Est. reading time\" \/>\n\t<meta name=\"twitter:data1\" content=\"2 minutes\" \/>\n<script type=\"application\/ld+json\" class=\"yoast-schema-graph\">{\"@context\":\"https:\/\/schema.org\",\"@graph\":[{\"@type\":\"WebPage\",\"@id\":\"https:\/\/sitextil.com.br\/produto\/ecobag-jeans-alca-de-cadarco-70cm\/\",\"url\":\"https:\/\/sitextil.com.br\/produto\/ecobag-jeans-alca-de-cadarco-70cm\/\",\"name\":\"ECOBAG JEANS AL\u00c7A DE CADAR\u00c7O - Sitextil Embalagens\",\"isPartOf\":{\"@id\":\"https:\/\/sitextil.com.br\/#website\"},\"primaryImageOfPage\":{\"@id\":\"https:\/\/sitextil.com.br\/produto\/ecobag-jeans-alca-de-cadarco-70cm\/#primaryimage\"},\"image\":{\"@id\":\"https:\/\/sitextil.com.br\/produto\/ecobag-jeans-alca-de-cadarco-70cm\/#primaryimage\"},\"thumbnailUrl\":\"https:\/\/sitextil.com.br\/wp-content\/uploads\/2024\/07\/site-2-4b60facb311ec722f017053504882872-1024-1024.webp\",\"datePublished\":\"2024-07-08T15:37:03+00:00\",\"dateModified\":\"2025-03-21T20:02:32+00:00\",\"breadcrumb\":{\"@id\":\"https:\/\/sitextil.com.br\/produto\/ecobag-jeans-alca-de-cadarco-70cm\/#breadcrumb\"},\"inLanguage\":\"en-US\",\"potentialAction\":[{\"@type\":\"ReadAction\",\"target\":[\"https:\/\/sitextil.com.br\/produto\/ecobag-jeans-alca-de-cadarco-70cm\/\"]}]},{\"@type\":\"ImageObject\",\"inLanguage\":\"en-US\",\"@id\":\"https:\/\/sitextil.com.br\/produto\/ecobag-jeans-alca-de-cadarco-70cm\/#primaryimage\",\"url\":\"https:\/\/sitextil.com.br\/wp-content\/uploads\/2024\/07\/site-2-4b60facb311ec722f017053504882872-1024-1024.webp\",\"contentUrl\":\"https:\/\/sitextil.com.br\/wp-content\/uploads\/2024\/07\/site-2-4b60facb311ec722f017053504882872-1024-1024.webp\",\"width\":1000,\"height\":1000},{\"@type\":\"BreadcrumbList\",\"@id\":\"https:\/\/sitextil.com.br\/produto\/ecobag-jeans-alca-de-cadarco-70cm\/#breadcrumb\",\"itemListElement\":[{\"@type\":\"ListItem\",\"position\":1,\"name\":\"In\u00edcio\",\"item\":\"https:\/\/sitextil.com.br\/\"},{\"@type\":\"ListItem\",\"position\":2,\"name\":\"Loja\",\"item\":\"https:\/\/sitextil.com.br\/loja\/\"},{\"@type\":\"ListItem\",\"position\":3,\"name\":\"ECOBAG JEANS AL\u00c7A DE CADAR\u00c7O\"}]},{\"@type\":\"WebSite\",\"@id\":\"https:\/\/sitextil.com.br\/#website\",\"url\":\"https:\/\/sitextil.com.br\/\",\"name\":\"Sitextil Embalagens\",\"description\":\"Sua marca inesquec\u00edvel\",\"publisher\":{\"@id\":\"https:\/\/sitextil.com.br\/#organization\"},\"potentialAction\":[{\"@type\":\"SearchAction\",\"target\":{\"@type\":\"EntryPoint\",\"urlTemplate\":\"https:\/\/sitextil.com.br\/?s={search_term_string}\"},\"query-input\":{\"@type\":\"PropertyValueSpecification\",\"valueRequired\":true,\"valueName\":\"search_term_string\"}}],\"inLanguage\":\"en-US\"},{\"@type\":\"Organization\",\"@id\":\"https:\/\/sitextil.com.br\/#organization\",\"name\":\"Sitextil Embalagens\",\"url\":\"https:\/\/sitextil.com.br\/\",\"logo\":{\"@type\":\"ImageObject\",\"inLanguage\":\"en-US\",\"@id\":\"https:\/\/sitextil.com.br\/#\/schema\/logo\/image\/\",\"url\":\"https:\/\/sitextil.com.br\/wp-content\/uploads\/2023\/05\/SITEXTIL-HORIZONTAL-ROXO-E-AMARELO@2x.png\",\"contentUrl\":\"https:\/\/sitextil.com.br\/wp-content\/uploads\/2023\/05\/SITEXTIL-HORIZONTAL-ROXO-E-AMARELO@2x.png\",\"width\":2665,\"height\":745,\"caption\":\"Sitextil Embalagens\"},\"image\":{\"@id\":\"https:\/\/sitextil.com.br\/#\/schema\/logo\/image\/\"}}]}<\/script>\n<!-- \/ Yoast SEO plugin. -->","yoast_head_json":{"title":"ECOBAG JEANS AL\u00c7A DE CADAR\u00c7O - Sitextil Embalagens","robots":{"index":"index","follow":"follow","max-snippet":"max-snippet:-1","max-image-preview":"max-image-preview:large","max-video-preview":"max-video-preview:-1"},"canonical":"https:\/\/sitextil.com.br\/en\/product\/ecobag-jeans-alca-de-cadarco-70cm\/","og_locale":"en_US","og_type":"article","og_title":"ECOBAG JEANS AL\u00c7A DE CADAR\u00c7O - Sitextil Embalagens","og_description":"Descri\u00e7\u00e3o t\u00e9cnica: Tecido: Brim. (Imita o jeans) Modelo de al\u00e7a: Al\u00e7a de cadar\u00e7o cru 70cm. Forma de personaliza\u00e7\u00e3o: Impress\u00e3o localizada em etiqueta de cadar\u00e7o cru, realizada em segrafia em uma cor. Para mais cores acessar o whatsapp. Tamanhos: A definir pelo cliente de acordo com as op\u00e7\u00f5es oferecidas pelo site. Sacolas jeans personalizadas: Estilo, durabilidade [&hellip;]","og_url":"https:\/\/sitextil.com.br\/en\/product\/ecobag-jeans-alca-de-cadarco-70cm\/","og_site_name":"Sitextil Embalagens","article_modified_time":"2025-03-21T20:02:32+00:00","og_image":[{"width":1000,"height":1000,"url":"https:\/\/sitextil.com.br\/wp-content\/uploads\/2024\/07\/site-2-4b60facb311ec722f017053504882872-1024-1024.webp","type":"image\/webp"}],"twitter_card":"summary_large_image","twitter_misc":{"Est. reading time":"2 minutes"},"schema":{"@context":"https:\/\/schema.org","@graph":[{"@type":"WebPage","@id":"https:\/\/sitextil.com.br\/produto\/ecobag-jeans-alca-de-cadarco-70cm\/","url":"https:\/\/sitextil.com.br\/produto\/ecobag-jeans-alca-de-cadarco-70cm\/","name":"ECOBAG JEANS AL\u00c7A DE CADAR\u00c7O - Sitextil Embalagens","isPartOf":{"@id":"https:\/\/sitextil.com.br\/#website"},"primaryImageOfPage":{"@id":"https:\/\/sitextil.com.br\/produto\/ecobag-jeans-alca-de-cadarco-70cm\/#primaryimage"},"image":{"@id":"https:\/\/sitextil.com.br\/produto\/ecobag-jeans-alca-de-cadarco-70cm\/#primaryimage"},"thumbnailUrl":"https:\/\/sitextil.com.br\/wp-content\/uploads\/2024\/07\/site-2-4b60facb311ec722f017053504882872-1024-1024.webp","datePublished":"2024-07-08T15:37:03+00:00","dateModified":"2025-03-21T20:02:32+00:00","breadcrumb":{"@id":"https:\/\/sitextil.com.br\/produto\/ecobag-jeans-alca-de-cadarco-70cm\/#breadcrumb"},"inLanguage":"en-US","potentialAction":[{"@type":"ReadAction","target":["https:\/\/sitextil.com.br\/produto\/ecobag-jeans-alca-de-cadarco-70cm\/"]}]},{"@type":"ImageObject","inLanguage":"en-US","@id":"https:\/\/sitextil.com.br\/produto\/ecobag-jeans-alca-de-cadarco-70cm\/#primaryimage","url":"https:\/\/sitextil.com.br\/wp-content\/uploads\/2024\/07\/site-2-4b60facb311ec722f017053504882872-1024-1024.webp","contentUrl":"https:\/\/sitextil.com.br\/wp-content\/uploads\/2024\/07\/site-2-4b60facb311ec722f017053504882872-1024-1024.webp","width":1000,"height":1000},{"@type":"BreadcrumbList","@id":"https:\/\/sitextil.com.br\/produto\/ecobag-jeans-alca-de-cadarco-70cm\/#breadcrumb","itemListElement":[{"@type":"ListItem","position":1,"name":"In\u00edcio","item":"https:\/\/sitextil.com.br\/"},{"@type":"ListItem","position":2,"name":"Loja","item":"https:\/\/sitextil.com.br\/loja\/"},{"@type":"ListItem","position":3,"name":"ECOBAG JEANS AL\u00c7A DE CADAR\u00c7O"}]},{"@type":"WebSite","@id":"https:\/\/sitextil.com.br\/#website","url":"https:\/\/sitextil.com.br\/","name":"Sitextil Embalagens","description":"Sua marca inesquec\u00edvel","publisher":{"@id":"https:\/\/sitextil.com.br\/#organization"},"potentialAction":[{"@type":"SearchAction","target":{"@type":"EntryPoint","urlTemplate":"https:\/\/sitextil.com.br\/?s={search_term_string}"},"query-input":{"@type":"PropertyValueSpecification","valueRequired":true,"valueName":"search_term_string"}}],"inLanguage":"en-US"},{"@type":"Organization","@id":"https:\/\/sitextil.com.br\/#organization","name":"Sitextil Embalagens","url":"https:\/\/sitextil.com.br\/","logo":{"@type":"ImageObject","inLanguage":"en-US","@id":"https:\/\/sitextil.com.br\/#\/schema\/logo\/image\/","url":"https:\/\/sitextil.com.br\/wp-content\/uploads\/2023\/05\/SITEXTIL-HORIZONTAL-ROXO-E-AMARELO@2x.png","contentUrl":"https:\/\/sitextil.com.br\/wp-content\/uploads\/2023\/05\/SITEXTIL-HORIZONTAL-ROXO-E-AMARELO@2x.png","width":2665,"height":745,"caption":"Sitextil Embalagens"},"image":{"@id":"https:\/\/sitextil.com.br\/#\/schema\/logo\/image\/"}}]}},"_links":{"self":[{"href":"https:\/\/sitextil.com.br\/en\/wp-json\/wp\/v2\/product\/1953"}],"collection":[{"href":"https:\/\/sitextil.com.br\/en\/wp-json\/wp\/v2\/product"}],"about":[{"href":"https:\/\/sitextil.com.br\/en\/wp-json\/wp\/v2\/types\/product"}],"wp:featuredmedia":[{"embeddable":true,"href":"https:\/\/sitextil.com.br\/en\/wp-json\/wp\/v2\/media\/3421"}],"wp:attachment":[{"href":"https:\/\/sitextil.com.br\/en\/wp-json\/wp\/v2\/media?parent=1953"}],"wp:term":[{"taxonomy":"product_brand","embeddable":true,"href":"https:\/\/sitextil.com.br\/en\/wp-json\/wp\/v2\/product_brand?post=1953"},{"taxonomy":"product_cat","embeddable":true,"href":"https:\/\/sitextil.com.br\/en\/wp-json\/wp\/v2\/product_cat?post=1953"},{"taxonomy":"product_tag","embeddable":true,"href":"https:\/\/sitextil.com.br\/en\/wp-json\/wp\/v2\/product_tag?post=1953"}],"curies":[{"name":"wp","href":"https:\/\/api.w.org\/{rel}","templated":true}]}}