{"id":1962,"date":"2024-07-08T12:37:07","date_gmt":"2024-07-08T15:37:07","guid":{"rendered":"https:\/\/sitextil.com.br\/produto\/ecobag-de-micofibra-alca-de-nylon-70cm\/"},"modified":"2025-03-21T17:00:02","modified_gmt":"2025-03-21T20:00:02","slug":"ecobag-de-micofibra-alca-de-nylon-70cm","status":"publish","type":"product","link":"https:\/\/sitextil.com.br\/en\/product\/ecobag-de-micofibra-alca-de-nylon-70cm\/","title":{"rendered":"MYCOFIBER ECOBAG NYLON HANDLE"},"content":{"rendered":"<p style=\"text-align: left\"><strong>Technical description:<\/strong><\/p>\n<ul style=\"text-align: left\">\n<li style=\"text-align: left\"><strong>Tissue:<\/strong> Microfiber.<\/li>\n<li style=\"text-align: left\"><strong>Handle model:<\/strong> 70cm Nylon Strap, color chosen by the customer.<\/li>\n<li style=\"text-align: left\"><strong>Customization method:<\/strong> Digital printing\/full sublimation.<\/li>\n<li style=\"text-align: left\"><strong>Sizes:<\/strong> To be defined by the customer according to the options offered by the website.<\/li>\n<\/ul>\n<p style=\"text-align: left\">\n<p style=\"text-align: left\"><strong><span style=\"border: 0px solid #d9d9e3;--tw-border-spacing-x: 0;--tw-border-spacing-y: 0;--tw-translate-x: 0;--tw-translate-y: 0;--tw-rotate: 0;--tw-skew-x: 0;--tw-skew-y: 0;--tw-scale-x: 1;--tw-scale-y: 1;--tw-scroll-snap-strictness: proximity;--tw-ring-offset-width: 0px;--tw-ring-offset-color: #fff;--tw-ring-offset-shadow: 0 0 transparent;--tw-ring-shadow: 0 0 transparent;--tw-shadow: 0 0 transparent;--tw-shadow-colored: 0 0 transparent;color: #000000\">Personalized ecobags: your style, your brand!<\/span><\/strong><\/p>\n<p style=\"text-align: left\"><span style=\"color: #000000\">Introducing our custom microfiber eco-friendly bags, which provide a richly detailed print and vibrant colors. By incorporating your logo, we are not only offering reusable bags, but also giving your customers an opportunity to convey your brand message.\u00a0<\/span><\/p>\n<p style=\"text-align: left\">\n<p style=\"text-align: left\"><strong><span style=\"border: 0px solid #d9d9e3;--tw-border-spacing-x: 0;--tw-border-spacing-y: 0;--tw-translate-x: 0;--tw-translate-y: 0;--tw-rotate: 0;--tw-skew-x: 0;--tw-skew-y: 0;--tw-scale-x: 1;--tw-scale-y: 1;--tw-scroll-snap-strictness: proximity;--tw-ring-offset-width: 0px;--tw-ring-offset-color: #fff;--tw-ring-offset-shadow: 0 0 transparent;--tw-ring-shadow: 0 0 transparent;--tw-shadow: 0 0 transparent;--tw-shadow-colored: 0 0 transparent;color: #000000\">Why choose:<\/span><\/strong><\/p>\n<ul>\n<li style=\"text-align: left\"><span style=\"color: #000000\"><span style=\"border: 0px solid #d9d9e3;--tw-border-spacing-x: 0;--tw-border-spacing-y: 0;--tw-translate-x: 0;--tw-translate-y: 0;--tw-rotate: 0;--tw-skew-x: 0;--tw-skew-y: 0;--tw-scale-x: 1;--tw-scale-y: 1;--tw-scroll-snap-strictness: proximity;--tw-ring-offset-width: 0px;--tw-ring-offset-color: #fff;--tw-ring-offset-shadow: 0 0 transparent;--tw-ring-shadow: 0 0 transparent;--tw-shadow: 0 0 transparent;--tw-shadow-colored: 0 0 transparent;font-weight: 600\">Enhanced Customer Experience:<\/span> The elegance of the bags contributes to a more pleasant shopping experience, making your customers feel valued.<\/span><\/li>\n<li style=\"text-align: left\"><span style=\"color: #000000\"><span style=\"border: 0px solid #d9d9e3;--tw-border-spacing-x: 0;--tw-border-spacing-y: 0;--tw-translate-x: 0;--tw-translate-y: 0;--tw-rotate: 0;--tw-skew-x: 0;--tw-skew-y: 0;--tw-scale-x: 1;--tw-scale-y: 1;--tw-scroll-snap-strictness: proximity;--tw-ring-offset-width: 0px;--tw-ring-offset-color: #fff;--tw-ring-offset-shadow: 0 0 transparent;--tw-ring-shadow: 0 0 transparent;--tw-shadow: 0 0 transparent;--tw-shadow-colored: 0 0 transparent;font-weight: 600\">Marketing on the move:<\/span> With each customer who carries your personalized bag, your brand gains visibility on the move, reaching new audiences and strengthening your presence in the market.<\/span><\/li>\n<li style=\"text-align: left\"><span style=\"color: #000000\"><span style=\"border: 0px solid #d9d9e3;--tw-border-spacing-x: 0;--tw-border-spacing-y: 0;--tw-translate-x: 0;--tw-translate-y: 0;--tw-rotate: 0;--tw-skew-x: 0;--tw-skew-y: 0;--tw-scale-x: 1;--tw-scale-y: 1;--tw-scroll-snap-strictness: proximity;--tw-ring-offset-width: 0px;--tw-ring-offset-color: #fff;--tw-ring-offset-shadow: 0 0 transparent;--tw-ring-shadow: 0 0 transparent;--tw-shadow: 0 0 transparent;--tw-shadow-colored: 0 0 transparent;font-weight: 600\">Customer loyalty:<\/span> By offering a bag that goes beyond functionality, you create an emotional connection that makes customers more likely to come back.<\/span><\/li>\n<\/ul>","protected":false},"excerpt":{"rendered":"<p>Descri\u00e7\u00e3o t\u00e9cnica: Tecido: Microfibra. Modelo de al\u00e7a: Al\u00e7a de Nylon 70cm, cor a escolher pelo cliente. Forma de personaliza\u00e7\u00e3o: Impress\u00e3o digital\/sublima\u00e7\u00e3o total. Tamanhos: A definir pelo cliente de acordo com as op\u00e7\u00f5es oferecidas pelo site. Ecobags personalizadas: seu estilo, sua marca! Apresentamos nossas ecobags de microfibra personalizadas, que proporcionam uma impress\u00e3o com riqueza de detalhes [&hellip;]<\/p>","protected":false},"featured_media":3614,"template":"","meta":{"_acf_changed":false},"product_brand":[],"product_cat":[70],"product_tag":[109,110,111,112,113,114,115,116,117,118],"class_list":{"0":"post-1962","1":"product","2":"type-product","3":"status-publish","4":"has-post-thumbnail","6":"product_cat-sacolas","7":"product_tag-bolsa-de-microfibra-para-produtos-delicados","8":"product_tag-bolsa-de-protecao-em-microfibra","9":"product_tag-embalagem-de-alta-performance","10":"product_tag-embalagem-suave-em-microfibra","11":"product_tag-saco-de-microfibra-para-eletronicos","12":"product_tag-saco-de-microfibra-personalizado","13":"product_tag-saco-de-tecido-microfibra-duravel","14":"product_tag-saquinho-de-limpeza-em-microfibra","15":"product_tag-saquinho-de-microfibra","16":"product_tag-saquinho-de-microfibra-multifuncional","17":"pa_material-microfibra","18":"pa_segmento-vestuario","20":"first","21":"instock","22":"purchasable","23":"product-type-variable","24":"has-default-attributes","25":"wvs-archive-product-wrapper"},"acf":[],"yoast_head":"<!-- This site is optimized with the Yoast SEO plugin v24.7 - https:\/\/yoast.com\/wordpress\/plugins\/seo\/ -->\n<title>ECOBAG DE MICOFIBRA AL\u00c7A DE NYLON - Sitextil Embalagens<\/title>\n<meta name=\"robots\" content=\"index, follow, max-snippet:-1, max-image-preview:large, max-video-preview:-1\" \/>\n<link rel=\"canonical\" href=\"https:\/\/sitextil.com.br\/en\/product\/ecobag-de-micofibra-alca-de-nylon-70cm\/\" \/>\n<meta property=\"og:locale\" content=\"en_US\" \/>\n<meta property=\"og:type\" content=\"article\" \/>\n<meta property=\"og:title\" content=\"ECOBAG DE MICOFIBRA AL\u00c7A DE NYLON - Sitextil Embalagens\" \/>\n<meta property=\"og:description\" content=\"Descri\u00e7\u00e3o t\u00e9cnica: Tecido: Microfibra. Modelo de al\u00e7a: Al\u00e7a de Nylon 70cm, cor a escolher pelo cliente. Forma de personaliza\u00e7\u00e3o: Impress\u00e3o digital\/sublima\u00e7\u00e3o total. Tamanhos: A definir pelo cliente de acordo com as op\u00e7\u00f5es oferecidas pelo site. Ecobags personalizadas: seu estilo, sua marca! Apresentamos nossas ecobags de microfibra personalizadas, que proporcionam uma impress\u00e3o com riqueza de detalhes [&hellip;]\" \/>\n<meta property=\"og:url\" content=\"https:\/\/sitextil.com.br\/en\/product\/ecobag-de-micofibra-alca-de-nylon-70cm\/\" \/>\n<meta property=\"og:site_name\" content=\"Sitextil Embalagens\" \/>\n<meta property=\"article:modified_time\" content=\"2025-03-21T20:00:02+00:00\" \/>\n<meta property=\"og:image\" content=\"https:\/\/sitextil.com.br\/wp-content\/uploads\/2024\/07\/ecobag-microfibra-6-1080x1080-2-226b0deb492e79239d17053479609057-480-0.webp\" \/>\n\t<meta property=\"og:image:width\" content=\"480\" \/>\n\t<meta property=\"og:image:height\" content=\"480\" \/>\n\t<meta property=\"og:image:type\" content=\"image\/webp\" \/>\n<meta name=\"twitter:card\" content=\"summary_large_image\" \/>\n<meta name=\"twitter:label1\" content=\"Est. reading time\" \/>\n\t<meta name=\"twitter:data1\" content=\"2 minutes\" \/>\n<script type=\"application\/ld+json\" class=\"yoast-schema-graph\">{\"@context\":\"https:\/\/schema.org\",\"@graph\":[{\"@type\":\"WebPage\",\"@id\":\"https:\/\/sitextil.com.br\/produto\/ecobag-de-micofibra-alca-de-nylon-70cm\/\",\"url\":\"https:\/\/sitextil.com.br\/produto\/ecobag-de-micofibra-alca-de-nylon-70cm\/\",\"name\":\"ECOBAG DE MICOFIBRA AL\u00c7A DE NYLON - Sitextil Embalagens\",\"isPartOf\":{\"@id\":\"https:\/\/sitextil.com.br\/#website\"},\"primaryImageOfPage\":{\"@id\":\"https:\/\/sitextil.com.br\/produto\/ecobag-de-micofibra-alca-de-nylon-70cm\/#primaryimage\"},\"image\":{\"@id\":\"https:\/\/sitextil.com.br\/produto\/ecobag-de-micofibra-alca-de-nylon-70cm\/#primaryimage\"},\"thumbnailUrl\":\"https:\/\/sitextil.com.br\/wp-content\/uploads\/2024\/07\/ecobag-microfibra-6-1080x1080-2-226b0deb492e79239d17053479609057-480-0.webp\",\"datePublished\":\"2024-07-08T15:37:07+00:00\",\"dateModified\":\"2025-03-21T20:00:02+00:00\",\"breadcrumb\":{\"@id\":\"https:\/\/sitextil.com.br\/produto\/ecobag-de-micofibra-alca-de-nylon-70cm\/#breadcrumb\"},\"inLanguage\":\"en-US\",\"potentialAction\":[{\"@type\":\"ReadAction\",\"target\":[\"https:\/\/sitextil.com.br\/produto\/ecobag-de-micofibra-alca-de-nylon-70cm\/\"]}]},{\"@type\":\"ImageObject\",\"inLanguage\":\"en-US\",\"@id\":\"https:\/\/sitextil.com.br\/produto\/ecobag-de-micofibra-alca-de-nylon-70cm\/#primaryimage\",\"url\":\"https:\/\/sitextil.com.br\/wp-content\/uploads\/2024\/07\/ecobag-microfibra-6-1080x1080-2-226b0deb492e79239d17053479609057-480-0.webp\",\"contentUrl\":\"https:\/\/sitextil.com.br\/wp-content\/uploads\/2024\/07\/ecobag-microfibra-6-1080x1080-2-226b0deb492e79239d17053479609057-480-0.webp\",\"width\":480,\"height\":480},{\"@type\":\"BreadcrumbList\",\"@id\":\"https:\/\/sitextil.com.br\/produto\/ecobag-de-micofibra-alca-de-nylon-70cm\/#breadcrumb\",\"itemListElement\":[{\"@type\":\"ListItem\",\"position\":1,\"name\":\"In\u00edcio\",\"item\":\"https:\/\/sitextil.com.br\/\"},{\"@type\":\"ListItem\",\"position\":2,\"name\":\"Loja\",\"item\":\"https:\/\/sitextil.com.br\/loja\/\"},{\"@type\":\"ListItem\",\"position\":3,\"name\":\"ECOBAG DE MICOFIBRA AL\u00c7A DE NYLON\"}]},{\"@type\":\"WebSite\",\"@id\":\"https:\/\/sitextil.com.br\/#website\",\"url\":\"https:\/\/sitextil.com.br\/\",\"name\":\"Sitextil Embalagens\",\"description\":\"Sua marca inesquec\u00edvel\",\"publisher\":{\"@id\":\"https:\/\/sitextil.com.br\/#organization\"},\"potentialAction\":[{\"@type\":\"SearchAction\",\"target\":{\"@type\":\"EntryPoint\",\"urlTemplate\":\"https:\/\/sitextil.com.br\/?s={search_term_string}\"},\"query-input\":{\"@type\":\"PropertyValueSpecification\",\"valueRequired\":true,\"valueName\":\"search_term_string\"}}],\"inLanguage\":\"en-US\"},{\"@type\":\"Organization\",\"@id\":\"https:\/\/sitextil.com.br\/#organization\",\"name\":\"Sitextil Embalagens\",\"url\":\"https:\/\/sitextil.com.br\/\",\"logo\":{\"@type\":\"ImageObject\",\"inLanguage\":\"en-US\",\"@id\":\"https:\/\/sitextil.com.br\/#\/schema\/logo\/image\/\",\"url\":\"https:\/\/sitextil.com.br\/wp-content\/uploads\/2023\/05\/SITEXTIL-HORIZONTAL-ROXO-E-AMARELO@2x.png\",\"contentUrl\":\"https:\/\/sitextil.com.br\/wp-content\/uploads\/2023\/05\/SITEXTIL-HORIZONTAL-ROXO-E-AMARELO@2x.png\",\"width\":2665,\"height\":745,\"caption\":\"Sitextil Embalagens\"},\"image\":{\"@id\":\"https:\/\/sitextil.com.br\/#\/schema\/logo\/image\/\"}}]}<\/script>\n<!-- \/ Yoast SEO plugin. -->","yoast_head_json":{"title":"ECOBAG DE MICOFIBRA AL\u00c7A DE NYLON - Sitextil Embalagens","robots":{"index":"index","follow":"follow","max-snippet":"max-snippet:-1","max-image-preview":"max-image-preview:large","max-video-preview":"max-video-preview:-1"},"canonical":"https:\/\/sitextil.com.br\/en\/product\/ecobag-de-micofibra-alca-de-nylon-70cm\/","og_locale":"en_US","og_type":"article","og_title":"ECOBAG DE MICOFIBRA AL\u00c7A DE NYLON - Sitextil Embalagens","og_description":"Descri\u00e7\u00e3o t\u00e9cnica: Tecido: Microfibra. Modelo de al\u00e7a: Al\u00e7a de Nylon 70cm, cor a escolher pelo cliente. Forma de personaliza\u00e7\u00e3o: Impress\u00e3o digital\/sublima\u00e7\u00e3o total. Tamanhos: A definir pelo cliente de acordo com as op\u00e7\u00f5es oferecidas pelo site. Ecobags personalizadas: seu estilo, sua marca! Apresentamos nossas ecobags de microfibra personalizadas, que proporcionam uma impress\u00e3o com riqueza de detalhes [&hellip;]","og_url":"https:\/\/sitextil.com.br\/en\/product\/ecobag-de-micofibra-alca-de-nylon-70cm\/","og_site_name":"Sitextil Embalagens","article_modified_time":"2025-03-21T20:00:02+00:00","og_image":[{"width":480,"height":480,"url":"https:\/\/sitextil.com.br\/wp-content\/uploads\/2024\/07\/ecobag-microfibra-6-1080x1080-2-226b0deb492e79239d17053479609057-480-0.webp","type":"image\/webp"}],"twitter_card":"summary_large_image","twitter_misc":{"Est. reading time":"2 minutes"},"schema":{"@context":"https:\/\/schema.org","@graph":[{"@type":"WebPage","@id":"https:\/\/sitextil.com.br\/produto\/ecobag-de-micofibra-alca-de-nylon-70cm\/","url":"https:\/\/sitextil.com.br\/produto\/ecobag-de-micofibra-alca-de-nylon-70cm\/","name":"ECOBAG DE MICOFIBRA AL\u00c7A DE NYLON - Sitextil Embalagens","isPartOf":{"@id":"https:\/\/sitextil.com.br\/#website"},"primaryImageOfPage":{"@id":"https:\/\/sitextil.com.br\/produto\/ecobag-de-micofibra-alca-de-nylon-70cm\/#primaryimage"},"image":{"@id":"https:\/\/sitextil.com.br\/produto\/ecobag-de-micofibra-alca-de-nylon-70cm\/#primaryimage"},"thumbnailUrl":"https:\/\/sitextil.com.br\/wp-content\/uploads\/2024\/07\/ecobag-microfibra-6-1080x1080-2-226b0deb492e79239d17053479609057-480-0.webp","datePublished":"2024-07-08T15:37:07+00:00","dateModified":"2025-03-21T20:00:02+00:00","breadcrumb":{"@id":"https:\/\/sitextil.com.br\/produto\/ecobag-de-micofibra-alca-de-nylon-70cm\/#breadcrumb"},"inLanguage":"en-US","potentialAction":[{"@type":"ReadAction","target":["https:\/\/sitextil.com.br\/produto\/ecobag-de-micofibra-alca-de-nylon-70cm\/"]}]},{"@type":"ImageObject","inLanguage":"en-US","@id":"https:\/\/sitextil.com.br\/produto\/ecobag-de-micofibra-alca-de-nylon-70cm\/#primaryimage","url":"https:\/\/sitextil.com.br\/wp-content\/uploads\/2024\/07\/ecobag-microfibra-6-1080x1080-2-226b0deb492e79239d17053479609057-480-0.webp","contentUrl":"https:\/\/sitextil.com.br\/wp-content\/uploads\/2024\/07\/ecobag-microfibra-6-1080x1080-2-226b0deb492e79239d17053479609057-480-0.webp","width":480,"height":480},{"@type":"BreadcrumbList","@id":"https:\/\/sitextil.com.br\/produto\/ecobag-de-micofibra-alca-de-nylon-70cm\/#breadcrumb","itemListElement":[{"@type":"ListItem","position":1,"name":"In\u00edcio","item":"https:\/\/sitextil.com.br\/"},{"@type":"ListItem","position":2,"name":"Loja","item":"https:\/\/sitextil.com.br\/loja\/"},{"@type":"ListItem","position":3,"name":"ECOBAG DE MICOFIBRA AL\u00c7A DE NYLON"}]},{"@type":"WebSite","@id":"https:\/\/sitextil.com.br\/#website","url":"https:\/\/sitextil.com.br\/","name":"Sitextil Embalagens","description":"Sua marca inesquec\u00edvel","publisher":{"@id":"https:\/\/sitextil.com.br\/#organization"},"potentialAction":[{"@type":"SearchAction","target":{"@type":"EntryPoint","urlTemplate":"https:\/\/sitextil.com.br\/?s={search_term_string}"},"query-input":{"@type":"PropertyValueSpecification","valueRequired":true,"valueName":"search_term_string"}}],"inLanguage":"en-US"},{"@type":"Organization","@id":"https:\/\/sitextil.com.br\/#organization","name":"Sitextil Embalagens","url":"https:\/\/sitextil.com.br\/","logo":{"@type":"ImageObject","inLanguage":"en-US","@id":"https:\/\/sitextil.com.br\/#\/schema\/logo\/image\/","url":"https:\/\/sitextil.com.br\/wp-content\/uploads\/2023\/05\/SITEXTIL-HORIZONTAL-ROXO-E-AMARELO@2x.png","contentUrl":"https:\/\/sitextil.com.br\/wp-content\/uploads\/2023\/05\/SITEXTIL-HORIZONTAL-ROXO-E-AMARELO@2x.png","width":2665,"height":745,"caption":"Sitextil Embalagens"},"image":{"@id":"https:\/\/sitextil.com.br\/#\/schema\/logo\/image\/"}}]}},"_links":{"self":[{"href":"https:\/\/sitextil.com.br\/en\/wp-json\/wp\/v2\/product\/1962"}],"collection":[{"href":"https:\/\/sitextil.com.br\/en\/wp-json\/wp\/v2\/product"}],"about":[{"href":"https:\/\/sitextil.com.br\/en\/wp-json\/wp\/v2\/types\/product"}],"wp:featuredmedia":[{"embeddable":true,"href":"https:\/\/sitextil.com.br\/en\/wp-json\/wp\/v2\/media\/3614"}],"wp:attachment":[{"href":"https:\/\/sitextil.com.br\/en\/wp-json\/wp\/v2\/media?parent=1962"}],"wp:term":[{"taxonomy":"product_brand","embeddable":true,"href":"https:\/\/sitextil.com.br\/en\/wp-json\/wp\/v2\/product_brand?post=1962"},{"taxonomy":"product_cat","embeddable":true,"href":"https:\/\/sitextil.com.br\/en\/wp-json\/wp\/v2\/product_cat?post=1962"},{"taxonomy":"product_tag","embeddable":true,"href":"https:\/\/sitextil.com.br\/en\/wp-json\/wp\/v2\/product_tag?post=1962"}],"curies":[{"name":"wp","href":"https:\/\/api.w.org\/{rel}","templated":true}]}}