{"id":2017,"date":"2024-07-08T12:37:20","date_gmt":"2024-07-08T15:37:20","guid":{"rendered":"https:\/\/sitextil.com.br\/produto\/ecobag-de-algodao-cru-alca-de-cadarco-70cm\/"},"modified":"2025-03-21T16:30:41","modified_gmt":"2025-03-21T19:30:41","slug":"ecobag-de-algodao-cru-alca-de-cadarco-70cm","status":"publish","type":"product","link":"https:\/\/sitextil.com.br\/en\/product\/ecobag-de-algodao-cru-alca-de-cadarco-70cm\/","title":{"rendered":"RAW COTTON ECOBAG WITH LACE-UP HANDLE"},"content":{"rendered":"<p style=\"text-align: left\"><strong>Technical description:<\/strong><\/p>\n<ul style=\"text-align: left\">\n<li style=\"text-align: left\"><strong>Tissue:<\/strong> Raw cotton.<\/li>\n<li style=\"text-align: left\"><strong>Handle model:<\/strong> Raw lace strap 70cm.<\/li>\n<li style=\"text-align: left\"><strong>Customization method:<\/strong> Screen printing, only 1 color included, for more colors access our whatsapp.<\/li>\n<li style=\"text-align: left\"><strong>Sizes:<\/strong> To be defined by the customer according to the options offered by the website.<\/li>\n<\/ul>\n<p>&nbsp;<\/p>\n<p style=\"text-align: left\"><strong><span style=\"border: 0px solid #d9d9e3;--tw-border-spacing-x: 0;--tw-border-spacing-y: 0;--tw-translate-x: 0;--tw-translate-y: 0;--tw-rotate: 0;--tw-skew-x: 0;--tw-skew-y: 0;--tw-scale-x: 1;--tw-scale-y: 1;--tw-scroll-snap-strictness: proximity;--tw-ring-offset-width: 0px;--tw-ring-offset-color: #fff;--tw-ring-offset-shadow: 0 0 transparent;--tw-ring-shadow: 0 0 transparent;--tw-shadow: 0 0 transparent;--tw-shadow-colored: 0 0 transparent;color: #000000\">Personalized ecobags: your style, your planet, your brand!<\/span><\/strong><\/p>\n<p style=\"text-align: left\"><span style=\"color: #000000\">Introducing our custom unbleached cotton eco-friendly bags, a fusion of sustainable fashion and unique branding. By incorporating your logo, we\u2019re not just offering reusable bags, we\u2019re giving your customers an opportunity to convey your message of environmental responsibility in style.\u00a0<\/span><\/p>\n<p>&nbsp;<\/p>\n<p style=\"text-align: left\"><strong><span style=\"border: 0px solid #d9d9e3;--tw-border-spacing-x: 0;--tw-border-spacing-y: 0;--tw-translate-x: 0;--tw-translate-y: 0;--tw-rotate: 0;--tw-skew-x: 0;--tw-skew-y: 0;--tw-scale-x: 1;--tw-scale-y: 1;--tw-scroll-snap-strictness: proximity;--tw-ring-offset-width: 0px;--tw-ring-offset-color: #fff;--tw-ring-offset-shadow: 0 0 transparent;--tw-ring-shadow: 0 0 transparent;--tw-shadow: 0 0 transparent;--tw-shadow-colored: 0 0 transparent;color: #000000\">Why choose:<\/span><\/strong><\/p>\n<ul>\n<li style=\"border: 0px solid #d9d9e3;--tw-border-spacing-x: 0;--tw-border-spacing-y: 0;--tw-translate-x: 0;--tw-translate-y: 0;--tw-rotate: 0;--tw-skew-x: 0;--tw-skew-y: 0;--tw-scale-x: 1;--tw-scale-y: 1;--tw-scroll-snap-strictness: proximity;--tw-ring-offset-width: 0px;--tw-ring-offset-color: #fff;--tw-ring-offset-shadow: 0 0 transparent;--tw-ring-shadow: 0 0 transparent;--tw-shadow: 0 0 transparent;--tw-shadow-colored: 0 0 transparent;color: #374151;font-family: S\u00f6hne, ui-sans-serif, system-ui, -apple-system, 'Segoe UI', Roboto, Ubuntu, Cantarell, 'Noto Sans', sans-serif, 'Helvetica Neue', Arial, 'Apple Color Emoji', 'Segoe UI Emoji', 'Segoe UI Symbol', 'Noto Color Emoji';font-size: 16px;text-align: left\"><span style=\"color: #000000\"><strong><span style=\"border: 0px solid #d9d9e3;--tw-border-spacing-x: 0;--tw-border-spacing-y: 0;--tw-translate-x: 0;--tw-translate-y: 0;--tw-rotate: 0;--tw-skew-x: 0;--tw-skew-y: 0;--tw-scale-x: 1;--tw-scale-y: 1;--tw-scroll-snap-strictness: proximity;--tw-ring-offset-width: 0px;--tw-ring-offset-color: #fff;--tw-ring-offset-shadow: 0 0 transparent;--tw-ring-shadow: 0 0 transparent;--tw-shadow: 0 0 transparent;--tw-shadow-colored: 0 0 transparent\">Sustainable fashion on the move:<\/span><\/strong> Offer your customers a fashion option that goes beyond the conventional. Raw cotton eco-bags add a touch of style and environmental awareness.<\/span><\/li>\n<li style=\"border: 0px solid #d9d9e3;--tw-border-spacing-x: 0;--tw-border-spacing-y: 0;--tw-translate-x: 0;--tw-translate-y: 0;--tw-rotate: 0;--tw-skew-x: 0;--tw-skew-y: 0;--tw-scale-x: 1;--tw-scale-y: 1;--tw-scroll-snap-strictness: proximity;--tw-ring-offset-width: 0px;--tw-ring-offset-color: #fff;--tw-ring-offset-shadow: 0 0 transparent;--tw-ring-shadow: 0 0 transparent;--tw-shadow: 0 0 transparent;--tw-shadow-colored: 0 0 transparent;color: #374151;font-family: S\u00f6hne, ui-sans-serif, system-ui, -apple-system, 'Segoe UI', Roboto, Ubuntu, Cantarell, 'Noto Sans', sans-serif, 'Helvetica Neue', Arial, 'Apple Color Emoji', 'Segoe UI Emoji', 'Segoe UI Symbol', 'Noto Color Emoji';font-size: 16px;text-align: left\"><span style=\"color: #000000\"><strong><span style=\"border: 0px solid #d9d9e3;--tw-border-spacing-x: 0;--tw-border-spacing-y: 0;--tw-translate-x: 0;--tw-translate-y: 0;--tw-rotate: 0;--tw-skew-x: 0;--tw-skew-y: 0;--tw-scale-x: 1;--tw-scale-y: 1;--tw-scroll-snap-strictness: proximity;--tw-ring-offset-width: 0px;--tw-ring-offset-color: #fff;--tw-ring-offset-shadow: 0 0 transparent;--tw-ring-shadow: 0 0 transparent;--tw-shadow: 0 0 transparent;--tw-shadow-colored: 0 0 transparent\">Walking advertising:<\/span><\/strong> Every time your customers carry your personalized ecobags, they are promoting your brand in an organic and sustainable way.\u00a0<\/span><\/li>\n<li style=\"border: 0px solid #d9d9e3;--tw-border-spacing-x: 0;--tw-border-spacing-y: 0;--tw-translate-x: 0;--tw-translate-y: 0;--tw-rotate: 0;--tw-skew-x: 0;--tw-skew-y: 0;--tw-scale-x: 1;--tw-scale-y: 1;--tw-scroll-snap-strictness: proximity;--tw-ring-offset-width: 0px;--tw-ring-offset-color: #fff;--tw-ring-offset-shadow: 0 0 transparent;--tw-ring-shadow: 0 0 transparent;--tw-shadow: 0 0 transparent;--tw-shadow-colored: 0 0 transparent;color: #374151;font-family: S\u00f6hne, ui-sans-serif, system-ui, -apple-system, 'Segoe UI', Roboto, Ubuntu, Cantarell, 'Noto Sans', sans-serif, 'Helvetica Neue', Arial, 'Apple Color Emoji', 'Segoe UI Emoji', 'Segoe UI Symbol', 'Noto Color Emoji';font-size: 16px;text-align: left\"><span style=\"color: #000000\"><strong><span style=\"border: 0px solid #d9d9e3;--tw-border-spacing-x: 0;--tw-border-spacing-y: 0;--tw-translate-x: 0;--tw-translate-y: 0;--tw-rotate: 0;--tw-skew-x: 0;--tw-skew-y: 0;--tw-scale-x: 1;--tw-scale-y: 1;--tw-scroll-snap-strictness: proximity;--tw-ring-offset-width: 0px;--tw-ring-offset-color: #fff;--tw-ring-offset-shadow: 0 0 transparent;--tw-ring-shadow: 0 0 transparent;--tw-shadow: 0 0 transparent;--tw-shadow-colored: 0 0 transparent\">Durable and functional design:<\/span><\/strong> Built to last and featuring a sturdy, spacious design, they&#039;re perfect for everyday needs, from shopping to outdoor activities.<\/span><\/li>\n<\/ul>","protected":false},"excerpt":{"rendered":"<p>Descri\u00e7\u00e3o t\u00e9cnica: Tecido: Algod\u00e3o cru. Modelo de al\u00e7a: Al\u00e7a de cadar\u00e7o cru 70cm. Forma de personaliza\u00e7\u00e3o: Serigrafia, apenas 1 cor inclusa, para mais cores acessar nosso whatsapp. Tamanhos: A definir pelo cliente de acordo com as op\u00e7\u00f5es oferecidas pelo site. &nbsp; Ecobags personalizadas: seu estilo, seu planeta, sua marca! Apresentamos nossas ecobags de algod\u00e3o cru [&hellip;]<\/p>","protected":false},"featured_media":4772,"template":"","meta":{"_acf_changed":false},"product_brand":[],"product_cat":[70],"product_tag":[138,139,140,141,142,143,144,145,146,147],"class_list":{"0":"post-2017","1":"product","2":"type-product","3":"status-publish","4":"has-post-thumbnail","6":"product_cat-sacolas","7":"product_tag-algodao-organico","8":"product_tag-alternativa-eco-friendly-para-embalagens-plasticas","9":"product_tag-bolsa-de-algodao-reutilizavel","10":"product_tag-eco-bag-algodao-cru","11":"product_tag-embalagem-eco-consciente","12":"product_tag-embalagem-sustentavel","13":"product_tag-saco-de-compras-sustentavel","14":"product_tag-sacola-biodegradavel","15":"product_tag-sacola-ecologica-de-algodao","16":"product_tag-saquinho-de-algodao-cru","17":"pa_material-algodao-cru","18":"pa_segmento-vestuario","20":"first","21":"instock","22":"purchasable","23":"product-type-variable","24":"has-default-attributes","25":"wvs-archive-product-wrapper"},"acf":[],"yoast_head":"<!-- This site is optimized with the Yoast SEO plugin v24.7 - https:\/\/yoast.com\/wordpress\/plugins\/seo\/ -->\n<title>ECOBAG DE ALGOD\u00c3O CRU AL\u00c7A DE CADAR\u00c7O - Sitextil Embalagens<\/title>\n<meta name=\"robots\" content=\"index, follow, max-snippet:-1, max-image-preview:large, max-video-preview:-1\" \/>\n<link rel=\"canonical\" href=\"https:\/\/sitextil.com.br\/en\/product\/ecobag-de-algodao-cru-alca-de-cadarco-70cm\/\" \/>\n<meta property=\"og:locale\" content=\"en_US\" \/>\n<meta property=\"og:type\" content=\"article\" \/>\n<meta property=\"og:title\" content=\"ECOBAG DE ALGOD\u00c3O CRU AL\u00c7A DE CADAR\u00c7O - Sitextil Embalagens\" \/>\n<meta property=\"og:description\" content=\"Descri\u00e7\u00e3o t\u00e9cnica: Tecido: Algod\u00e3o cru. Modelo de al\u00e7a: Al\u00e7a de cadar\u00e7o cru 70cm. Forma de personaliza\u00e7\u00e3o: Serigrafia, apenas 1 cor inclusa, para mais cores acessar nosso whatsapp. Tamanhos: A definir pelo cliente de acordo com as op\u00e7\u00f5es oferecidas pelo site. &nbsp; Ecobags personalizadas: seu estilo, seu planeta, sua marca! Apresentamos nossas ecobags de algod\u00e3o cru [&hellip;]\" \/>\n<meta property=\"og:url\" content=\"https:\/\/sitextil.com.br\/en\/product\/ecobag-de-algodao-cru-alca-de-cadarco-70cm\/\" \/>\n<meta property=\"og:site_name\" content=\"Sitextil Embalagens\" \/>\n<meta property=\"article:modified_time\" content=\"2025-03-21T19:30:41+00:00\" \/>\n<meta property=\"og:image\" content=\"https:\/\/sitextil.com.br\/wp-content\/uploads\/2024\/07\/AVILA-BEAUTY-6061-scaled.jpg\" \/>\n\t<meta property=\"og:image:width\" content=\"2560\" \/>\n\t<meta property=\"og:image:height\" content=\"2560\" \/>\n\t<meta property=\"og:image:type\" content=\"image\/jpeg\" \/>\n<meta name=\"twitter:card\" content=\"summary_large_image\" \/>\n<meta name=\"twitter:label1\" content=\"Est. reading time\" \/>\n\t<meta name=\"twitter:data1\" content=\"2 minutes\" \/>\n<script type=\"application\/ld+json\" class=\"yoast-schema-graph\">{\"@context\":\"https:\/\/schema.org\",\"@graph\":[{\"@type\":\"WebPage\",\"@id\":\"https:\/\/sitextil.com.br\/produto\/ecobag-de-algodao-cru-alca-de-cadarco-70cm\/\",\"url\":\"https:\/\/sitextil.com.br\/produto\/ecobag-de-algodao-cru-alca-de-cadarco-70cm\/\",\"name\":\"ECOBAG DE ALGOD\u00c3O CRU AL\u00c7A DE CADAR\u00c7O - Sitextil Embalagens\",\"isPartOf\":{\"@id\":\"https:\/\/sitextil.com.br\/#website\"},\"primaryImageOfPage\":{\"@id\":\"https:\/\/sitextil.com.br\/produto\/ecobag-de-algodao-cru-alca-de-cadarco-70cm\/#primaryimage\"},\"image\":{\"@id\":\"https:\/\/sitextil.com.br\/produto\/ecobag-de-algodao-cru-alca-de-cadarco-70cm\/#primaryimage\"},\"thumbnailUrl\":\"https:\/\/sitextil.com.br\/wp-content\/uploads\/2024\/07\/AVILA-BEAUTY-6061-scaled.jpg\",\"datePublished\":\"2024-07-08T15:37:20+00:00\",\"dateModified\":\"2025-03-21T19:30:41+00:00\",\"breadcrumb\":{\"@id\":\"https:\/\/sitextil.com.br\/produto\/ecobag-de-algodao-cru-alca-de-cadarco-70cm\/#breadcrumb\"},\"inLanguage\":\"en-US\",\"potentialAction\":[{\"@type\":\"ReadAction\",\"target\":[\"https:\/\/sitextil.com.br\/produto\/ecobag-de-algodao-cru-alca-de-cadarco-70cm\/\"]}]},{\"@type\":\"ImageObject\",\"inLanguage\":\"en-US\",\"@id\":\"https:\/\/sitextil.com.br\/produto\/ecobag-de-algodao-cru-alca-de-cadarco-70cm\/#primaryimage\",\"url\":\"https:\/\/sitextil.com.br\/wp-content\/uploads\/2024\/07\/AVILA-BEAUTY-6061-scaled.jpg\",\"contentUrl\":\"https:\/\/sitextil.com.br\/wp-content\/uploads\/2024\/07\/AVILA-BEAUTY-6061-scaled.jpg\",\"width\":2560,\"height\":2560},{\"@type\":\"BreadcrumbList\",\"@id\":\"https:\/\/sitextil.com.br\/produto\/ecobag-de-algodao-cru-alca-de-cadarco-70cm\/#breadcrumb\",\"itemListElement\":[{\"@type\":\"ListItem\",\"position\":1,\"name\":\"In\u00edcio\",\"item\":\"https:\/\/sitextil.com.br\/\"},{\"@type\":\"ListItem\",\"position\":2,\"name\":\"Loja\",\"item\":\"https:\/\/sitextil.com.br\/loja\/\"},{\"@type\":\"ListItem\",\"position\":3,\"name\":\"ECOBAG DE ALGOD\u00c3O CRU AL\u00c7A DE CADAR\u00c7O\"}]},{\"@type\":\"WebSite\",\"@id\":\"https:\/\/sitextil.com.br\/#website\",\"url\":\"https:\/\/sitextil.com.br\/\",\"name\":\"Sitextil Embalagens\",\"description\":\"Sua marca inesquec\u00edvel\",\"publisher\":{\"@id\":\"https:\/\/sitextil.com.br\/#organization\"},\"potentialAction\":[{\"@type\":\"SearchAction\",\"target\":{\"@type\":\"EntryPoint\",\"urlTemplate\":\"https:\/\/sitextil.com.br\/?s={search_term_string}\"},\"query-input\":{\"@type\":\"PropertyValueSpecification\",\"valueRequired\":true,\"valueName\":\"search_term_string\"}}],\"inLanguage\":\"en-US\"},{\"@type\":\"Organization\",\"@id\":\"https:\/\/sitextil.com.br\/#organization\",\"name\":\"Sitextil Embalagens\",\"url\":\"https:\/\/sitextil.com.br\/\",\"logo\":{\"@type\":\"ImageObject\",\"inLanguage\":\"en-US\",\"@id\":\"https:\/\/sitextil.com.br\/#\/schema\/logo\/image\/\",\"url\":\"https:\/\/sitextil.com.br\/wp-content\/uploads\/2023\/05\/SITEXTIL-HORIZONTAL-ROXO-E-AMARELO@2x.png\",\"contentUrl\":\"https:\/\/sitextil.com.br\/wp-content\/uploads\/2023\/05\/SITEXTIL-HORIZONTAL-ROXO-E-AMARELO@2x.png\",\"width\":2665,\"height\":745,\"caption\":\"Sitextil Embalagens\"},\"image\":{\"@id\":\"https:\/\/sitextil.com.br\/#\/schema\/logo\/image\/\"}}]}<\/script>\n<!-- \/ Yoast SEO plugin. -->","yoast_head_json":{"title":"ECOBAG DE ALGOD\u00c3O CRU AL\u00c7A DE CADAR\u00c7O - Sitextil Embalagens","robots":{"index":"index","follow":"follow","max-snippet":"max-snippet:-1","max-image-preview":"max-image-preview:large","max-video-preview":"max-video-preview:-1"},"canonical":"https:\/\/sitextil.com.br\/en\/product\/ecobag-de-algodao-cru-alca-de-cadarco-70cm\/","og_locale":"en_US","og_type":"article","og_title":"ECOBAG DE ALGOD\u00c3O CRU AL\u00c7A DE CADAR\u00c7O - Sitextil Embalagens","og_description":"Descri\u00e7\u00e3o t\u00e9cnica: Tecido: Algod\u00e3o cru. Modelo de al\u00e7a: Al\u00e7a de cadar\u00e7o cru 70cm. Forma de personaliza\u00e7\u00e3o: Serigrafia, apenas 1 cor inclusa, para mais cores acessar nosso whatsapp. Tamanhos: A definir pelo cliente de acordo com as op\u00e7\u00f5es oferecidas pelo site. &nbsp; Ecobags personalizadas: seu estilo, seu planeta, sua marca! Apresentamos nossas ecobags de algod\u00e3o cru [&hellip;]","og_url":"https:\/\/sitextil.com.br\/en\/product\/ecobag-de-algodao-cru-alca-de-cadarco-70cm\/","og_site_name":"Sitextil Embalagens","article_modified_time":"2025-03-21T19:30:41+00:00","og_image":[{"width":2560,"height":2560,"url":"https:\/\/sitextil.com.br\/wp-content\/uploads\/2024\/07\/AVILA-BEAUTY-6061-scaled.jpg","type":"image\/jpeg"}],"twitter_card":"summary_large_image","twitter_misc":{"Est. reading time":"2 minutes"},"schema":{"@context":"https:\/\/schema.org","@graph":[{"@type":"WebPage","@id":"https:\/\/sitextil.com.br\/produto\/ecobag-de-algodao-cru-alca-de-cadarco-70cm\/","url":"https:\/\/sitextil.com.br\/produto\/ecobag-de-algodao-cru-alca-de-cadarco-70cm\/","name":"ECOBAG DE ALGOD\u00c3O CRU AL\u00c7A DE CADAR\u00c7O - Sitextil Embalagens","isPartOf":{"@id":"https:\/\/sitextil.com.br\/#website"},"primaryImageOfPage":{"@id":"https:\/\/sitextil.com.br\/produto\/ecobag-de-algodao-cru-alca-de-cadarco-70cm\/#primaryimage"},"image":{"@id":"https:\/\/sitextil.com.br\/produto\/ecobag-de-algodao-cru-alca-de-cadarco-70cm\/#primaryimage"},"thumbnailUrl":"https:\/\/sitextil.com.br\/wp-content\/uploads\/2024\/07\/AVILA-BEAUTY-6061-scaled.jpg","datePublished":"2024-07-08T15:37:20+00:00","dateModified":"2025-03-21T19:30:41+00:00","breadcrumb":{"@id":"https:\/\/sitextil.com.br\/produto\/ecobag-de-algodao-cru-alca-de-cadarco-70cm\/#breadcrumb"},"inLanguage":"en-US","potentialAction":[{"@type":"ReadAction","target":["https:\/\/sitextil.com.br\/produto\/ecobag-de-algodao-cru-alca-de-cadarco-70cm\/"]}]},{"@type":"ImageObject","inLanguage":"en-US","@id":"https:\/\/sitextil.com.br\/produto\/ecobag-de-algodao-cru-alca-de-cadarco-70cm\/#primaryimage","url":"https:\/\/sitextil.com.br\/wp-content\/uploads\/2024\/07\/AVILA-BEAUTY-6061-scaled.jpg","contentUrl":"https:\/\/sitextil.com.br\/wp-content\/uploads\/2024\/07\/AVILA-BEAUTY-6061-scaled.jpg","width":2560,"height":2560},{"@type":"BreadcrumbList","@id":"https:\/\/sitextil.com.br\/produto\/ecobag-de-algodao-cru-alca-de-cadarco-70cm\/#breadcrumb","itemListElement":[{"@type":"ListItem","position":1,"name":"In\u00edcio","item":"https:\/\/sitextil.com.br\/"},{"@type":"ListItem","position":2,"name":"Loja","item":"https:\/\/sitextil.com.br\/loja\/"},{"@type":"ListItem","position":3,"name":"ECOBAG DE ALGOD\u00c3O CRU AL\u00c7A DE CADAR\u00c7O"}]},{"@type":"WebSite","@id":"https:\/\/sitextil.com.br\/#website","url":"https:\/\/sitextil.com.br\/","name":"Sitextil Embalagens","description":"Sua marca inesquec\u00edvel","publisher":{"@id":"https:\/\/sitextil.com.br\/#organization"},"potentialAction":[{"@type":"SearchAction","target":{"@type":"EntryPoint","urlTemplate":"https:\/\/sitextil.com.br\/?s={search_term_string}"},"query-input":{"@type":"PropertyValueSpecification","valueRequired":true,"valueName":"search_term_string"}}],"inLanguage":"en-US"},{"@type":"Organization","@id":"https:\/\/sitextil.com.br\/#organization","name":"Sitextil Embalagens","url":"https:\/\/sitextil.com.br\/","logo":{"@type":"ImageObject","inLanguage":"en-US","@id":"https:\/\/sitextil.com.br\/#\/schema\/logo\/image\/","url":"https:\/\/sitextil.com.br\/wp-content\/uploads\/2023\/05\/SITEXTIL-HORIZONTAL-ROXO-E-AMARELO@2x.png","contentUrl":"https:\/\/sitextil.com.br\/wp-content\/uploads\/2023\/05\/SITEXTIL-HORIZONTAL-ROXO-E-AMARELO@2x.png","width":2665,"height":745,"caption":"Sitextil Embalagens"},"image":{"@id":"https:\/\/sitextil.com.br\/#\/schema\/logo\/image\/"}}]}},"_links":{"self":[{"href":"https:\/\/sitextil.com.br\/en\/wp-json\/wp\/v2\/product\/2017"}],"collection":[{"href":"https:\/\/sitextil.com.br\/en\/wp-json\/wp\/v2\/product"}],"about":[{"href":"https:\/\/sitextil.com.br\/en\/wp-json\/wp\/v2\/types\/product"}],"wp:featuredmedia":[{"embeddable":true,"href":"https:\/\/sitextil.com.br\/en\/wp-json\/wp\/v2\/media\/4772"}],"wp:attachment":[{"href":"https:\/\/sitextil.com.br\/en\/wp-json\/wp\/v2\/media?parent=2017"}],"wp:term":[{"taxonomy":"product_brand","embeddable":true,"href":"https:\/\/sitextil.com.br\/en\/wp-json\/wp\/v2\/product_brand?post=2017"},{"taxonomy":"product_cat","embeddable":true,"href":"https:\/\/sitextil.com.br\/en\/wp-json\/wp\/v2\/product_cat?post=2017"},{"taxonomy":"product_tag","embeddable":true,"href":"https:\/\/sitextil.com.br\/en\/wp-json\/wp\/v2\/product_tag?post=2017"}],"curies":[{"name":"wp","href":"https:\/\/api.w.org\/{rel}","templated":true}]}}