{"id":2411,"date":"2024-07-08T12:38:34","date_gmt":"2024-07-08T15:38:34","guid":{"rendered":"https:\/\/sitextil.com.br\/produto\/saquinho-de-microfibra-borda-dupla\/"},"modified":"2025-02-28T09:50:31","modified_gmt":"2025-02-28T12:50:31","slug":"saquinho-de-microfibra-borda-dupla","status":"publish","type":"product","link":"https:\/\/sitextil.com.br\/en\/product\/saquinho-de-microfibra-borda-dupla\/","title":{"rendered":"DOUBLE EDGE MICROFIBER PACKAGING"},"content":{"rendered":"<p style=\"text-align: left\"><strong>Technical description:<\/strong><\/p>\n<ul style=\"text-align: left\">\n<li style=\"text-align: left\"><strong>Tissue:<\/strong> Microfiber.<\/li>\n<li style=\"text-align: left\"><strong>Edge model:<\/strong> Double edge with 3.5cm.<\/li>\n<li style=\"text-align: left\"><strong>Finish:<\/strong> Satin ribbon 3mm.<\/li>\n<li style=\"text-align: left\"><strong>Customization method:<\/strong> Digital\/sublimation printing.<\/li>\n<li style=\"text-align: left\"><strong>Sizes:<\/strong> To be defined by the customer according to the options offered by the website.<\/li>\n<\/ul>\n<p>&nbsp;<\/p>\n<p style=\"text-align: left\"><strong><span style=\"border: 0px solid #d9d9e3;--tw-border-spacing-x: 0;--tw-border-spacing-y: 0;--tw-translate-x: 0;--tw-translate-y: 0;--tw-rotate: 0;--tw-skew-x: 0;--tw-skew-y: 0;--tw-scale-x: 1;--tw-scale-y: 1;--tw-scroll-snap-strictness: proximity;--tw-ring-offset-width: 0px;--tw-ring-offset-color: #fff;--tw-ring-offset-shadow: 0 0 transparent;--tw-ring-shadow: 0 0 transparent;--tw-shadow: 0 0 transparent;--tw-shadow-colored: 0 0 transparent;color: #000000\">Custom microfiber packaging with your logo for sophisticated deliveries:<\/span><\/strong><\/p>\n<p style=\"text-align: left\"><span style=\"color: #000000\">Add a touch of elegance and style to your product presentation with our custom microfiber packaging.\u00a0<\/span><\/p>\n<p>&nbsp;<\/p>\n<p style=\"text-align: left\"><strong><span style=\"border: 0px solid #d9d9e3;--tw-border-spacing-x: 0;--tw-border-spacing-y: 0;--tw-translate-x: 0;--tw-translate-y: 0;--tw-rotate: 0;--tw-skew-x: 0;--tw-skew-y: 0;--tw-scale-x: 1;--tw-scale-y: 1;--tw-scroll-snap-strictness: proximity;--tw-ring-offset-width: 0px;--tw-ring-offset-color: #fff;--tw-ring-offset-shadow: 0 0 transparent;--tw-ring-shadow: 0 0 transparent;--tw-shadow: 0 0 transparent;--tw-shadow-colored: 0 0 transparent;color: #000000\">Main features:<\/span><\/strong><\/p>\n<ul style=\"text-align: left\">\n<li style=\"border: 0px solid #d9d9e3;--tw-border-spacing-x: 0;--tw-border-spacing-y: 0;--tw-translate-x: 0;--tw-translate-y: 0;--tw-rotate: 0;--tw-skew-x: 0;--tw-skew-y: 0;--tw-scale-x: 1;--tw-scale-y: 1;--tw-scroll-snap-strictness: proximity;--tw-ring-offset-width: 0px;--tw-ring-offset-color: #fff;--tw-ring-offset-shadow: 0 0 transparent;--tw-ring-shadow: 0 0 transparent;--tw-shadow: 0 0 transparent;--tw-shadow-colored: 0 0 transparent;text-align: left\"><span style=\"color: #000000\"><span style=\"border: 0px solid #d9d9e3;--tw-border-spacing-x: 0;--tw-border-spacing-y: 0;--tw-translate-x: 0;--tw-translate-y: 0;--tw-rotate: 0;--tw-skew-x: 0;--tw-skew-y: 0;--tw-scale-x: 1;--tw-scale-y: 1;--tw-scroll-snap-strictness: proximity;--tw-ring-offset-width: 0px;--tw-ring-offset-color: #fff;--tw-ring-offset-shadow: 0 0 transparent;--tw-ring-shadow: 0 0 transparent;--tw-shadow: 0 0 transparent;--tw-shadow-colored: 0 0 transparent;font-weight: 600\">High quality microfiber:<\/span> Our packaging is made with top-quality microfiber, providing a soft touch and a luxurious appearance.<\/span><\/li>\n<li style=\"border: 0px solid #d9d9e3;--tw-border-spacing-x: 0;--tw-border-spacing-y: 0;--tw-translate-x: 0;--tw-translate-y: 0;--tw-rotate: 0;--tw-skew-x: 0;--tw-skew-y: 0;--tw-scale-x: 1;--tw-scale-y: 1;--tw-scroll-snap-strictness: proximity;--tw-ring-offset-width: 0px;--tw-ring-offset-color: #fff;--tw-ring-offset-shadow: 0 0 transparent;--tw-ring-shadow: 0 0 transparent;--tw-shadow: 0 0 transparent;--tw-shadow-colored: 0 0 transparent;text-align: left\"><span style=\"color: #000000\"><span style=\"border: 0px solid #d9d9e3;--tw-border-spacing-x: 0;--tw-border-spacing-y: 0;--tw-translate-x: 0;--tw-translate-y: 0;--tw-rotate: 0;--tw-skew-x: 0;--tw-skew-y: 0;--tw-scale-x: 1;--tw-scale-y: 1;--tw-scroll-snap-strictness: proximity;--tw-ring-offset-width: 0px;--tw-ring-offset-color: #fff;--tw-ring-offset-shadow: 0 0 transparent;--tw-ring-shadow: 0 0 transparent;--tw-shadow: 0 0 transparent;--tw-shadow-colored: 0 0 transparent;font-weight: 600\">Exclusive customization:<\/span> Stand out from the competition by including your unique logo and connect your brand with your customers.\u00a0<\/span><\/li>\n<li style=\"border: 0px solid #d9d9e3;--tw-border-spacing-x: 0;--tw-border-spacing-y: 0;--tw-translate-x: 0;--tw-translate-y: 0;--tw-rotate: 0;--tw-skew-x: 0;--tw-skew-y: 0;--tw-scale-x: 1;--tw-scale-y: 1;--tw-scroll-snap-strictness: proximity;--tw-ring-offset-width: 0px;--tw-ring-offset-color: #fff;--tw-ring-offset-shadow: 0 0 transparent;--tw-ring-shadow: 0 0 transparent;--tw-shadow: 0 0 transparent;--tw-shadow-colored: 0 0 transparent;text-align: left\"><span style=\"color: #000000\"><span style=\"border: 0px solid #d9d9e3;--tw-border-spacing-x: 0;--tw-border-spacing-y: 0;--tw-translate-x: 0;--tw-translate-y: 0;--tw-rotate: 0;--tw-skew-x: 0;--tw-skew-y: 0;--tw-scale-x: 1;--tw-scale-y: 1;--tw-scroll-snap-strictness: proximity;--tw-ring-offset-width: 0px;--tw-ring-offset-color: #fff;--tw-ring-offset-shadow: 0 0 transparent;--tw-ring-shadow: 0 0 transparent;--tw-shadow: 0 0 transparent;--tw-shadow-colored: 0 0 transparent;font-weight: 600\">Size Versatility:<\/span> Available in different sizes to meet the varied needs of your products, from the smallest details to the most robust items.<\/span><\/li>\n<li style=\"border: 0px solid #d9d9e3;--tw-border-spacing-x: 0;--tw-border-spacing-y: 0;--tw-translate-x: 0;--tw-translate-y: 0;--tw-rotate: 0;--tw-skew-x: 0;--tw-skew-y: 0;--tw-scale-x: 1;--tw-scale-y: 1;--tw-scroll-snap-strictness: proximity;--tw-ring-offset-width: 0px;--tw-ring-offset-color: #fff;--tw-ring-offset-shadow: 0 0 transparent;--tw-ring-shadow: 0 0 transparent;--tw-shadow: 0 0 transparent;--tw-shadow-colored: 0 0 transparent;text-align: left\"><span style=\"color: #000000\"><span style=\"border: 0px solid #d9d9e3;--tw-border-spacing-x: 0;--tw-border-spacing-y: 0;--tw-translate-x: 0;--tw-translate-y: 0;--tw-rotate: 0;--tw-skew-x: 0;--tw-skew-y: 0;--tw-scale-x: 1;--tw-scale-y: 1;--tw-scroll-snap-strictness: proximity;--tw-ring-offset-width: 0px;--tw-ring-offset-color: #fff;--tw-ring-offset-shadow: 0 0 transparent;--tw-ring-shadow: 0 0 transparent;--tw-shadow: 0 0 transparent;--tw-shadow-colored: 0 0 transparent;font-weight: 600\">Premium protection:<\/span> In addition to their refined aesthetics, these packages offer an additional layer of protection against scratches, dust and other unwanted elements.<\/span><\/li>\n<li style=\"border: 0px solid #d9d9e3;--tw-border-spacing-x: 0;--tw-border-spacing-y: 0;--tw-translate-x: 0;--tw-translate-y: 0;--tw-rotate: 0;--tw-skew-x: 0;--tw-skew-y: 0;--tw-scale-x: 1;--tw-scale-y: 1;--tw-scroll-snap-strictness: proximity;--tw-ring-offset-width: 0px;--tw-ring-offset-color: #fff;--tw-ring-offset-shadow: 0 0 transparent;--tw-ring-shadow: 0 0 transparent;--tw-shadow: 0 0 transparent;--tw-shadow-colored: 0 0 transparent;text-align: left\"><span style=\"color: #000000\"><span style=\"border: 0px solid #d9d9e3;--tw-border-spacing-x: 0;--tw-border-spacing-y: 0;--tw-translate-x: 0;--tw-translate-y: 0;--tw-rotate: 0;--tw-skew-x: 0;--tw-skew-y: 0;--tw-scale-x: 1;--tw-scale-y: 1;--tw-scroll-snap-strictness: proximity;--tw-ring-offset-width: 0px;--tw-ring-offset-color: #fff;--tw-ring-offset-shadow: 0 0 transparent;--tw-ring-shadow: 0 0 transparent;--tw-shadow: 0 0 transparent;--tw-shadow-colored: 0 0 transparent;font-weight: 600\">Ideal for gifts and valuable products:<\/span> Your customers can use these packages to gift your products with a special touch, creating a unique experience for the recipient.<\/span><\/li>\n<\/ul>","protected":false},"excerpt":{"rendered":"<p>Descri\u00e7\u00e3o t\u00e9cnica: Tecido: Microfibra. Modelo de borda: Borda dupla com 3,5cm. Acabamento: Fita de cetim 3mm. Forma de personaliza\u00e7\u00e3o: Impress\u00e3o digital\/sublima\u00e7\u00e3o. Tamanhos: A definir pelo cliente de acordo com as op\u00e7\u00f5es oferecidas pelo site. &nbsp; Embalagens de microfibra personalizadas com sua logo para entregas sofisticadas: Introduza um toque de eleg\u00e2ncia e estilo \u00e0 apresenta\u00e7\u00e3o dos [&hellip;]<\/p>","protected":false},"featured_media":4146,"template":"","meta":{"_acf_changed":false},"product_brand":[],"product_cat":[263],"product_tag":[109,110,111,112,113,114,115,116,117,118],"class_list":{"0":"post-2411","1":"product","2":"type-product","3":"status-publish","4":"has-post-thumbnail","6":"product_cat-embalagens","7":"product_tag-bolsa-de-microfibra-para-produtos-delicados","8":"product_tag-bolsa-de-protecao-em-microfibra","9":"product_tag-embalagem-de-alta-performance","10":"product_tag-embalagem-suave-em-microfibra","11":"product_tag-saco-de-microfibra-para-eletronicos","12":"product_tag-saco-de-microfibra-personalizado","13":"product_tag-saco-de-tecido-microfibra-duravel","14":"product_tag-saquinho-de-limpeza-em-microfibra","15":"product_tag-saquinho-de-microfibra","16":"product_tag-saquinho-de-microfibra-multifuncional","17":"pa_material-microfibra","18":"pa_segmento-velas-e-aromas","20":"first","21":"instock","22":"purchasable","23":"product-type-variable","24":"has-default-attributes","25":"wvs-archive-product-wrapper"},"acf":[],"yoast_head":"<!-- This site is optimized with the Yoast SEO plugin v24.7 - https:\/\/yoast.com\/wordpress\/plugins\/seo\/ -->\n<title>EMBALAGEM DE MICROFIBRA BORDA DUPLA - Sitextil Embalagens<\/title>\n<meta name=\"robots\" content=\"index, follow, max-snippet:-1, max-image-preview:large, max-video-preview:-1\" \/>\n<link rel=\"canonical\" href=\"https:\/\/sitextil.com.br\/en\/product\/saquinho-de-microfibra-borda-dupla\/\" \/>\n<meta property=\"og:locale\" content=\"en_US\" \/>\n<meta property=\"og:type\" content=\"article\" \/>\n<meta property=\"og:title\" content=\"EMBALAGEM DE MICROFIBRA BORDA DUPLA - Sitextil Embalagens\" \/>\n<meta property=\"og:description\" content=\"Descri\u00e7\u00e3o t\u00e9cnica: Tecido: Microfibra. Modelo de borda: Borda dupla com 3,5cm. Acabamento: Fita de cetim 3mm. Forma de personaliza\u00e7\u00e3o: Impress\u00e3o digital\/sublima\u00e7\u00e3o. Tamanhos: A definir pelo cliente de acordo com as op\u00e7\u00f5es oferecidas pelo site. &nbsp; Embalagens de microfibra personalizadas com sua logo para entregas sofisticadas: Introduza um toque de eleg\u00e2ncia e estilo \u00e0 apresenta\u00e7\u00e3o dos [&hellip;]\" \/>\n<meta property=\"og:url\" content=\"https:\/\/sitextil.com.br\/en\/product\/saquinho-de-microfibra-borda-dupla\/\" \/>\n<meta property=\"og:site_name\" content=\"Sitextil Embalagens\" \/>\n<meta property=\"article:modified_time\" content=\"2025-02-28T12:50:31+00:00\" \/>\n<meta property=\"og:image\" content=\"https:\/\/sitextil.com.br\/wp-content\/uploads\/2024\/07\/GRAMADO-0790-scaled.jpg\" \/>\n\t<meta property=\"og:image:width\" content=\"2560\" \/>\n\t<meta property=\"og:image:height\" content=\"2560\" \/>\n\t<meta property=\"og:image:type\" content=\"image\/jpeg\" \/>\n<meta name=\"twitter:card\" content=\"summary_large_image\" \/>\n<meta name=\"twitter:label1\" content=\"Est. reading time\" \/>\n\t<meta name=\"twitter:data1\" content=\"2 minutes\" \/>\n<script type=\"application\/ld+json\" class=\"yoast-schema-graph\">{\"@context\":\"https:\/\/schema.org\",\"@graph\":[{\"@type\":\"WebPage\",\"@id\":\"https:\/\/sitextil.com.br\/produto\/saquinho-de-microfibra-borda-dupla\/\",\"url\":\"https:\/\/sitextil.com.br\/produto\/saquinho-de-microfibra-borda-dupla\/\",\"name\":\"EMBALAGEM DE MICROFIBRA BORDA DUPLA - Sitextil Embalagens\",\"isPartOf\":{\"@id\":\"https:\/\/sitextil.com.br\/#website\"},\"primaryImageOfPage\":{\"@id\":\"https:\/\/sitextil.com.br\/produto\/saquinho-de-microfibra-borda-dupla\/#primaryimage\"},\"image\":{\"@id\":\"https:\/\/sitextil.com.br\/produto\/saquinho-de-microfibra-borda-dupla\/#primaryimage\"},\"thumbnailUrl\":\"https:\/\/sitextil.com.br\/wp-content\/uploads\/2024\/07\/GRAMADO-0790-scaled.jpg\",\"datePublished\":\"2024-07-08T15:38:34+00:00\",\"dateModified\":\"2025-02-28T12:50:31+00:00\",\"breadcrumb\":{\"@id\":\"https:\/\/sitextil.com.br\/produto\/saquinho-de-microfibra-borda-dupla\/#breadcrumb\"},\"inLanguage\":\"en-US\",\"potentialAction\":[{\"@type\":\"ReadAction\",\"target\":[\"https:\/\/sitextil.com.br\/produto\/saquinho-de-microfibra-borda-dupla\/\"]}]},{\"@type\":\"ImageObject\",\"inLanguage\":\"en-US\",\"@id\":\"https:\/\/sitextil.com.br\/produto\/saquinho-de-microfibra-borda-dupla\/#primaryimage\",\"url\":\"https:\/\/sitextil.com.br\/wp-content\/uploads\/2024\/07\/GRAMADO-0790-scaled.jpg\",\"contentUrl\":\"https:\/\/sitextil.com.br\/wp-content\/uploads\/2024\/07\/GRAMADO-0790-scaled.jpg\",\"width\":2560,\"height\":2560},{\"@type\":\"BreadcrumbList\",\"@id\":\"https:\/\/sitextil.com.br\/produto\/saquinho-de-microfibra-borda-dupla\/#breadcrumb\",\"itemListElement\":[{\"@type\":\"ListItem\",\"position\":1,\"name\":\"In\u00edcio\",\"item\":\"https:\/\/sitextil.com.br\/\"},{\"@type\":\"ListItem\",\"position\":2,\"name\":\"Loja\",\"item\":\"https:\/\/sitextil.com.br\/loja\/\"},{\"@type\":\"ListItem\",\"position\":3,\"name\":\"EMBALAGEM DE MICROFIBRA BORDA DUPLA\"}]},{\"@type\":\"WebSite\",\"@id\":\"https:\/\/sitextil.com.br\/#website\",\"url\":\"https:\/\/sitextil.com.br\/\",\"name\":\"Sitextil Embalagens\",\"description\":\"Sua marca inesquec\u00edvel\",\"publisher\":{\"@id\":\"https:\/\/sitextil.com.br\/#organization\"},\"potentialAction\":[{\"@type\":\"SearchAction\",\"target\":{\"@type\":\"EntryPoint\",\"urlTemplate\":\"https:\/\/sitextil.com.br\/?s={search_term_string}\"},\"query-input\":{\"@type\":\"PropertyValueSpecification\",\"valueRequired\":true,\"valueName\":\"search_term_string\"}}],\"inLanguage\":\"en-US\"},{\"@type\":\"Organization\",\"@id\":\"https:\/\/sitextil.com.br\/#organization\",\"name\":\"Sitextil Embalagens\",\"url\":\"https:\/\/sitextil.com.br\/\",\"logo\":{\"@type\":\"ImageObject\",\"inLanguage\":\"en-US\",\"@id\":\"https:\/\/sitextil.com.br\/#\/schema\/logo\/image\/\",\"url\":\"https:\/\/sitextil.com.br\/wp-content\/uploads\/2023\/05\/SITEXTIL-HORIZONTAL-ROXO-E-AMARELO@2x.png\",\"contentUrl\":\"https:\/\/sitextil.com.br\/wp-content\/uploads\/2023\/05\/SITEXTIL-HORIZONTAL-ROXO-E-AMARELO@2x.png\",\"width\":2665,\"height\":745,\"caption\":\"Sitextil Embalagens\"},\"image\":{\"@id\":\"https:\/\/sitextil.com.br\/#\/schema\/logo\/image\/\"}}]}<\/script>\n<!-- \/ Yoast SEO plugin. -->","yoast_head_json":{"title":"EMBALAGEM DE MICROFIBRA BORDA DUPLA - Sitextil Embalagens","robots":{"index":"index","follow":"follow","max-snippet":"max-snippet:-1","max-image-preview":"max-image-preview:large","max-video-preview":"max-video-preview:-1"},"canonical":"https:\/\/sitextil.com.br\/en\/product\/saquinho-de-microfibra-borda-dupla\/","og_locale":"en_US","og_type":"article","og_title":"EMBALAGEM DE MICROFIBRA BORDA DUPLA - Sitextil Embalagens","og_description":"Descri\u00e7\u00e3o t\u00e9cnica: Tecido: Microfibra. Modelo de borda: Borda dupla com 3,5cm. Acabamento: Fita de cetim 3mm. Forma de personaliza\u00e7\u00e3o: Impress\u00e3o digital\/sublima\u00e7\u00e3o. Tamanhos: A definir pelo cliente de acordo com as op\u00e7\u00f5es oferecidas pelo site. &nbsp; Embalagens de microfibra personalizadas com sua logo para entregas sofisticadas: Introduza um toque de eleg\u00e2ncia e estilo \u00e0 apresenta\u00e7\u00e3o dos [&hellip;]","og_url":"https:\/\/sitextil.com.br\/en\/product\/saquinho-de-microfibra-borda-dupla\/","og_site_name":"Sitextil Embalagens","article_modified_time":"2025-02-28T12:50:31+00:00","og_image":[{"width":2560,"height":2560,"url":"https:\/\/sitextil.com.br\/wp-content\/uploads\/2024\/07\/GRAMADO-0790-scaled.jpg","type":"image\/jpeg"}],"twitter_card":"summary_large_image","twitter_misc":{"Est. reading time":"2 minutes"},"schema":{"@context":"https:\/\/schema.org","@graph":[{"@type":"WebPage","@id":"https:\/\/sitextil.com.br\/produto\/saquinho-de-microfibra-borda-dupla\/","url":"https:\/\/sitextil.com.br\/produto\/saquinho-de-microfibra-borda-dupla\/","name":"EMBALAGEM DE MICROFIBRA BORDA DUPLA - Sitextil Embalagens","isPartOf":{"@id":"https:\/\/sitextil.com.br\/#website"},"primaryImageOfPage":{"@id":"https:\/\/sitextil.com.br\/produto\/saquinho-de-microfibra-borda-dupla\/#primaryimage"},"image":{"@id":"https:\/\/sitextil.com.br\/produto\/saquinho-de-microfibra-borda-dupla\/#primaryimage"},"thumbnailUrl":"https:\/\/sitextil.com.br\/wp-content\/uploads\/2024\/07\/GRAMADO-0790-scaled.jpg","datePublished":"2024-07-08T15:38:34+00:00","dateModified":"2025-02-28T12:50:31+00:00","breadcrumb":{"@id":"https:\/\/sitextil.com.br\/produto\/saquinho-de-microfibra-borda-dupla\/#breadcrumb"},"inLanguage":"en-US","potentialAction":[{"@type":"ReadAction","target":["https:\/\/sitextil.com.br\/produto\/saquinho-de-microfibra-borda-dupla\/"]}]},{"@type":"ImageObject","inLanguage":"en-US","@id":"https:\/\/sitextil.com.br\/produto\/saquinho-de-microfibra-borda-dupla\/#primaryimage","url":"https:\/\/sitextil.com.br\/wp-content\/uploads\/2024\/07\/GRAMADO-0790-scaled.jpg","contentUrl":"https:\/\/sitextil.com.br\/wp-content\/uploads\/2024\/07\/GRAMADO-0790-scaled.jpg","width":2560,"height":2560},{"@type":"BreadcrumbList","@id":"https:\/\/sitextil.com.br\/produto\/saquinho-de-microfibra-borda-dupla\/#breadcrumb","itemListElement":[{"@type":"ListItem","position":1,"name":"In\u00edcio","item":"https:\/\/sitextil.com.br\/"},{"@type":"ListItem","position":2,"name":"Loja","item":"https:\/\/sitextil.com.br\/loja\/"},{"@type":"ListItem","position":3,"name":"EMBALAGEM DE MICROFIBRA BORDA DUPLA"}]},{"@type":"WebSite","@id":"https:\/\/sitextil.com.br\/#website","url":"https:\/\/sitextil.com.br\/","name":"Sitextil Embalagens","description":"Sua marca inesquec\u00edvel","publisher":{"@id":"https:\/\/sitextil.com.br\/#organization"},"potentialAction":[{"@type":"SearchAction","target":{"@type":"EntryPoint","urlTemplate":"https:\/\/sitextil.com.br\/?s={search_term_string}"},"query-input":{"@type":"PropertyValueSpecification","valueRequired":true,"valueName":"search_term_string"}}],"inLanguage":"en-US"},{"@type":"Organization","@id":"https:\/\/sitextil.com.br\/#organization","name":"Sitextil Embalagens","url":"https:\/\/sitextil.com.br\/","logo":{"@type":"ImageObject","inLanguage":"en-US","@id":"https:\/\/sitextil.com.br\/#\/schema\/logo\/image\/","url":"https:\/\/sitextil.com.br\/wp-content\/uploads\/2023\/05\/SITEXTIL-HORIZONTAL-ROXO-E-AMARELO@2x.png","contentUrl":"https:\/\/sitextil.com.br\/wp-content\/uploads\/2023\/05\/SITEXTIL-HORIZONTAL-ROXO-E-AMARELO@2x.png","width":2665,"height":745,"caption":"Sitextil Embalagens"},"image":{"@id":"https:\/\/sitextil.com.br\/#\/schema\/logo\/image\/"}}]}},"_links":{"self":[{"href":"https:\/\/sitextil.com.br\/en\/wp-json\/wp\/v2\/product\/2411"}],"collection":[{"href":"https:\/\/sitextil.com.br\/en\/wp-json\/wp\/v2\/product"}],"about":[{"href":"https:\/\/sitextil.com.br\/en\/wp-json\/wp\/v2\/types\/product"}],"wp:featuredmedia":[{"embeddable":true,"href":"https:\/\/sitextil.com.br\/en\/wp-json\/wp\/v2\/media\/4146"}],"wp:attachment":[{"href":"https:\/\/sitextil.com.br\/en\/wp-json\/wp\/v2\/media?parent=2411"}],"wp:term":[{"taxonomy":"product_brand","embeddable":true,"href":"https:\/\/sitextil.com.br\/en\/wp-json\/wp\/v2\/product_brand?post=2411"},{"taxonomy":"product_cat","embeddable":true,"href":"https:\/\/sitextil.com.br\/en\/wp-json\/wp\/v2\/product_cat?post=2411"},{"taxonomy":"product_tag","embeddable":true,"href":"https:\/\/sitextil.com.br\/en\/wp-json\/wp\/v2\/product_tag?post=2411"}],"curies":[{"name":"wp","href":"https:\/\/api.w.org\/{rel}","templated":true}]}}