{"id":2824,"date":"2024-07-08T12:39:47","date_gmt":"2024-07-08T15:39:47","guid":{"rendered":"https:\/\/sitextil.com.br\/produto\/saquinho-de-algodao-cru-borda-simples\/"},"modified":"2025-03-20T15:40:43","modified_gmt":"2025-03-20T18:40:43","slug":"saquinho-de-algodao-cru-borda-simples","status":"publish","type":"product","link":"https:\/\/sitextil.com.br\/en\/product\/saquinho-de-algodao-cru-borda-simples\/","title":{"rendered":"RAW COTTON PACKAGING SIMPLE EDGE"},"content":{"rendered":"<p style=\"text-align: left\"><strong>Technical description:<\/strong><\/p>\n<ul style=\"text-align: left\">\n<li style=\"text-align: left\"><strong>Tissue:<\/strong> Raw cotton.<\/li>\n<li style=\"text-align: left\"><strong>Edge model:<\/strong> Single edge with 2cm.<\/li>\n<li style=\"text-align: left\"><strong>Finish:<\/strong> Raw twine included in the price, for other finishes, select in the product.<\/li>\n<li style=\"text-align: left\"><strong>Customization method:<\/strong> Screen printing, only 1 color included, for more colors access our whatsapp.<\/li>\n<li style=\"text-align: left\"><strong>Sizes:<\/strong> To be defined by the customer according to the options offered by the website.<\/li>\n<\/ul>\n<p>&nbsp;<\/p>\n<p style=\"text-align: left\"><strong><span style=\"border: 0px solid #d9d9e3;--tw-border-spacing-x: 0;--tw-border-spacing-y: 0;--tw-translate-x: 0;--tw-translate-y: 0;--tw-rotate: 0;--tw-skew-x: 0;--tw-skew-y: 0;--tw-scale-x: 1;--tw-scale-y: 1;--tw-scroll-snap-strictness: proximity;--tw-ring-offset-width: 0px;--tw-ring-offset-color: #fff;--tw-ring-offset-shadow: 0 0 transparent;--tw-ring-shadow: 0 0 transparent;--tw-shadow: 0 0 transparent;--tw-shadow-colored: 0 0 transparent;color: #000000\">Nature in packaging<\/span><span style=\"border: 0px solid #d9d9e3;--tw-border-spacing-x: 0;--tw-border-spacing-y: 0;--tw-translate-x: 0;--tw-translate-y: 0;--tw-rotate: 0;--tw-skew-x: 0;--tw-skew-y: 0;--tw-scale-x: 1;--tw-scale-y: 1;--tw-scroll-snap-strictness: proximity;--tw-ring-offset-width: 0px;--tw-ring-offset-color: #fff;--tw-ring-offset-shadow: 0 0 transparent;--tw-ring-shadow: 0 0 transparent;--tw-shadow: 0 0 transparent;--tw-shadow-colored: 0 0 transparent;color: #000000\">: customized raw cotton packaging with your brand!<\/span><\/strong><\/p>\n<p style=\"text-align: left\"><span style=\"color: #000000\">When you choose our custom raw cotton packaging, you are not just offering packaging, but conveying a powerful message.\u00a0<\/span><\/p>\n<p>&nbsp;<\/p>\n<p style=\"text-align: left\"><strong><span style=\"color: #000000\">Why choose our custom raw cotton packaging:<\/span><\/strong><\/p>\n<ul style=\"text-align: left\">\n<li style=\"border: 0px solid #d9d9e3;--tw-border-spacing-x: 0;--tw-border-spacing-y: 0;--tw-translate-x: 0;--tw-translate-y: 0;--tw-rotate: 0;--tw-skew-x: 0;--tw-skew-y: 0;--tw-scale-x: 1;--tw-scale-y: 1;--tw-scroll-snap-strictness: proximity;--tw-ring-offset-width: 0px;--tw-ring-offset-color: #fff;--tw-ring-offset-shadow: 0 0 transparent;--tw-ring-shadow: 0 0 transparent;--tw-shadow: 0 0 transparent;--tw-shadow-colored: 0 0 transparent;color: #374151;font-family: S\u00f6hne, ui-sans-serif, system-ui, -apple-system, 'Segoe UI', Roboto, Ubuntu, Cantarell, 'Noto Sans', sans-serif, 'Helvetica Neue', Arial, 'Apple Color Emoji', 'Segoe UI Emoji', 'Segoe UI Symbol', 'Noto Color Emoji';font-size: 16px\"><span style=\"color: #000000\"><span style=\"border: 0px solid #d9d9e3;--tw-border-spacing-x: 0;--tw-border-spacing-y: 0;--tw-translate-x: 0;--tw-translate-y: 0;--tw-rotate: 0;--tw-skew-x: 0;--tw-skew-y: 0;--tw-scale-x: 1;--tw-scale-y: 1;--tw-scroll-snap-strictness: proximity;--tw-ring-offset-width: 0px;--tw-ring-offset-color: #fff;--tw-ring-offset-shadow: 0 0 transparent;--tw-ring-shadow: 0 0 transparent;--tw-shadow: 0 0 transparent;--tw-shadow-colored: 0 0 transparent;font-weight: 600\">Sustainability that sells:<\/span> As environmental awareness increases, offer your customers an eco-friendly option that resonates with the growing demand for responsible business practices.<\/span><\/li>\n<li style=\"border: 0px solid #d9d9e3;--tw-border-spacing-x: 0;--tw-border-spacing-y: 0;--tw-translate-x: 0;--tw-translate-y: 0;--tw-rotate: 0;--tw-skew-x: 0;--tw-skew-y: 0;--tw-scale-x: 1;--tw-scale-y: 1;--tw-scroll-snap-strictness: proximity;--tw-ring-offset-width: 0px;--tw-ring-offset-color: #fff;--tw-ring-offset-shadow: 0 0 transparent;--tw-ring-shadow: 0 0 transparent;--tw-shadow: 0 0 transparent;--tw-shadow-colored: 0 0 transparent;color: #374151;font-family: S\u00f6hne, ui-sans-serif, system-ui, -apple-system, 'Segoe UI', Roboto, Ubuntu, Cantarell, 'Noto Sans', sans-serif, 'Helvetica Neue', Arial, 'Apple Color Emoji', 'Segoe UI Emoji', 'Segoe UI Symbol', 'Noto Color Emoji';font-size: 16px\"><span style=\"color: #000000\"><span style=\"border: 0px solid #d9d9e3;--tw-border-spacing-x: 0;--tw-border-spacing-y: 0;--tw-translate-x: 0;--tw-translate-y: 0;--tw-rotate: 0;--tw-skew-x: 0;--tw-skew-y: 0;--tw-scale-x: 1;--tw-scale-y: 1;--tw-scroll-snap-strictness: proximity;--tw-ring-offset-width: 0px;--tw-ring-offset-color: #fff;--tw-ring-offset-shadow: 0 0 transparent;--tw-ring-shadow: 0 0 transparent;--tw-shadow: 0 0 transparent;--tw-shadow-colored: 0 0 transparent;font-weight: 600\">Exclusive customization:<\/span> Make yourself unforgettable by offering packaging that not only protects, but also communicates your company&#039;s unique personality.<\/span><\/li>\n<li style=\"border: 0px solid #d9d9e3;--tw-border-spacing-x: 0;--tw-border-spacing-y: 0;--tw-translate-x: 0;--tw-translate-y: 0;--tw-rotate: 0;--tw-skew-x: 0;--tw-skew-y: 0;--tw-scale-x: 1;--tw-scale-y: 1;--tw-scroll-snap-strictness: proximity;--tw-ring-offset-width: 0px;--tw-ring-offset-color: #fff;--tw-ring-offset-shadow: 0 0 transparent;--tw-ring-shadow: 0 0 transparent;--tw-shadow: 0 0 transparent;--tw-shadow-colored: 0 0 transparent;color: #374151;font-family: S\u00f6hne, ui-sans-serif, system-ui, -apple-system, 'Segoe UI', Roboto, Ubuntu, Cantarell, 'Noto Sans', sans-serif, 'Helvetica Neue', Arial, 'Apple Color Emoji', 'Segoe UI Emoji', 'Segoe UI Symbol', 'Noto Color Emoji';font-size: 16px\"><span style=\"color: #000000\"><span style=\"border: 0px solid #d9d9e3;--tw-border-spacing-x: 0;--tw-border-spacing-y: 0;--tw-translate-x: 0;--tw-translate-y: 0;--tw-rotate: 0;--tw-skew-x: 0;--tw-skew-y: 0;--tw-scale-x: 1;--tw-scale-y: 1;--tw-scroll-snap-strictness: proximity;--tw-ring-offset-width: 0px;--tw-ring-offset-color: #fff;--tw-ring-offset-shadow: 0 0 transparent;--tw-ring-shadow: 0 0 transparent;--tw-shadow: 0 0 transparent;--tw-shadow-colored: 0 0 transparent;font-weight: 600\">Universal versatility:<\/span>\u00a0From clothing to accessories, each piece stands out when presented in such natural and authentic packaging.<\/span><\/li>\n<li style=\"border: 0px solid #d9d9e3;--tw-border-spacing-x: 0;--tw-border-spacing-y: 0;--tw-translate-x: 0;--tw-translate-y: 0;--tw-rotate: 0;--tw-skew-x: 0;--tw-skew-y: 0;--tw-scale-x: 1;--tw-scale-y: 1;--tw-scroll-snap-strictness: proximity;--tw-ring-offset-width: 0px;--tw-ring-offset-color: #fff;--tw-ring-offset-shadow: 0 0 transparent;--tw-ring-shadow: 0 0 transparent;--tw-shadow: 0 0 transparent;--tw-shadow-colored: 0 0 transparent;color: #374151;font-family: S\u00f6hne, ui-sans-serif, system-ui, -apple-system, 'Segoe UI', Roboto, Ubuntu, Cantarell, 'Noto Sans', sans-serif, 'Helvetica Neue', Arial, 'Apple Color Emoji', 'Segoe UI Emoji', 'Segoe UI Symbol', 'Noto Color Emoji';font-size: 16px\"><span style=\"color: #000000\"><span style=\"border: 0px solid #d9d9e3;--tw-border-spacing-x: 0;--tw-border-spacing-y: 0;--tw-translate-x: 0;--tw-translate-y: 0;--tw-rotate: 0;--tw-skew-x: 0;--tw-skew-y: 0;--tw-scale-x: 1;--tw-scale-y: 1;--tw-scroll-snap-strictness: proximity;--tw-ring-offset-width: 0px;--tw-ring-offset-color: #fff;--tw-ring-offset-shadow: 0 0 transparent;--tw-ring-shadow: 0 0 transparent;--tw-shadow: 0 0 transparent;--tw-shadow-colored: 0 0 transparent;font-weight: 600\">Enhanced Customer Experience:<\/span>\u00a0The texture of raw cotton provides a unique feel to the touch, making unboxing a memorable part of the shopping process.<\/span><\/li>\n<\/ul>\n<p>&nbsp;<\/p>\n<p style=\"text-align: left\"><strong>Package with purpose, sell with meaning!<\/strong><\/p>","protected":false},"excerpt":{"rendered":"<p>Descri\u00e7\u00e3o t\u00e9cnica: Tecido: Algod\u00e3o cru. Modelo de borda: Borda simples com 2cm. Acabamento: Barbante cru incluso no valor, para outros acabamentos, selecione no produto. Forma de personaliza\u00e7\u00e3o: Serigrafia, apenas 1 cor inclusa, para mais cores acessar nosso whatsapp. Tamanhos: A definir pelo cliente de acordo com as op\u00e7\u00f5es oferecidas pelo site. &nbsp; Natureza na embalagem: [&hellip;]<\/p>","protected":false},"featured_media":3515,"template":"","meta":{"_acf_changed":false},"product_brand":[],"product_cat":[263],"product_tag":[138,139,140,141,142,143,144,145,146,147],"class_list":{"0":"post-2824","1":"product","2":"type-product","3":"status-publish","4":"has-post-thumbnail","6":"product_cat-embalagens","7":"product_tag-algodao-organico","8":"product_tag-alternativa-eco-friendly-para-embalagens-plasticas","9":"product_tag-bolsa-de-algodao-reutilizavel","10":"product_tag-eco-bag-algodao-cru","11":"product_tag-embalagem-eco-consciente","12":"product_tag-embalagem-sustentavel","13":"product_tag-saco-de-compras-sustentavel","14":"product_tag-sacola-biodegradavel","15":"product_tag-sacola-ecologica-de-algodao","16":"product_tag-saquinho-de-algodao-cru","17":"pa_material-algodao-cru","19":"first","20":"instock","21":"purchasable","22":"product-type-variable","23":"has-default-attributes","24":"wvs-archive-product-wrapper"},"acf":[],"yoast_head":"<!-- This site is optimized with the Yoast SEO plugin v24.7 - https:\/\/yoast.com\/wordpress\/plugins\/seo\/ -->\n<title>EMBALAGEM DE ALGOD\u00c3O CRU BORDA SIMPLES - Sitextil Embalagens<\/title>\n<meta name=\"robots\" content=\"index, follow, max-snippet:-1, max-image-preview:large, max-video-preview:-1\" \/>\n<link rel=\"canonical\" href=\"https:\/\/sitextil.com.br\/en\/product\/saquinho-de-algodao-cru-borda-simples\/\" \/>\n<meta property=\"og:locale\" content=\"en_US\" \/>\n<meta property=\"og:type\" content=\"article\" \/>\n<meta property=\"og:title\" content=\"EMBALAGEM DE ALGOD\u00c3O CRU BORDA SIMPLES - Sitextil Embalagens\" \/>\n<meta property=\"og:description\" content=\"Descri\u00e7\u00e3o t\u00e9cnica: Tecido: Algod\u00e3o cru. Modelo de borda: Borda simples com 2cm. Acabamento: Barbante cru incluso no valor, para outros acabamentos, selecione no produto. Forma de personaliza\u00e7\u00e3o: Serigrafia, apenas 1 cor inclusa, para mais cores acessar nosso whatsapp. Tamanhos: A definir pelo cliente de acordo com as op\u00e7\u00f5es oferecidas pelo site. &nbsp; Natureza na embalagem: [&hellip;]\" \/>\n<meta property=\"og:url\" content=\"https:\/\/sitextil.com.br\/en\/product\/saquinho-de-algodao-cru-borda-simples\/\" \/>\n<meta property=\"og:site_name\" content=\"Sitextil Embalagens\" \/>\n<meta property=\"article:modified_time\" content=\"2025-03-20T18:40:43+00:00\" \/>\n<meta property=\"og:image\" content=\"https:\/\/sitextil.com.br\/wp-content\/uploads\/2024\/07\/sagrada-magia-4966-e275eb8c6b7d66771217053407256540-480-0.webp\" \/>\n\t<meta property=\"og:image:width\" content=\"480\" \/>\n\t<meta property=\"og:image:height\" content=\"480\" \/>\n\t<meta property=\"og:image:type\" content=\"image\/webp\" \/>\n<meta name=\"twitter:card\" content=\"summary_large_image\" \/>\n<meta name=\"twitter:label1\" content=\"Est. reading time\" \/>\n\t<meta name=\"twitter:data1\" content=\"2 minutes\" \/>\n<script type=\"application\/ld+json\" class=\"yoast-schema-graph\">{\"@context\":\"https:\/\/schema.org\",\"@graph\":[{\"@type\":\"WebPage\",\"@id\":\"https:\/\/sitextil.com.br\/produto\/saquinho-de-algodao-cru-borda-simples\/\",\"url\":\"https:\/\/sitextil.com.br\/produto\/saquinho-de-algodao-cru-borda-simples\/\",\"name\":\"EMBALAGEM DE ALGOD\u00c3O CRU BORDA SIMPLES - Sitextil Embalagens\",\"isPartOf\":{\"@id\":\"https:\/\/sitextil.com.br\/#website\"},\"primaryImageOfPage\":{\"@id\":\"https:\/\/sitextil.com.br\/produto\/saquinho-de-algodao-cru-borda-simples\/#primaryimage\"},\"image\":{\"@id\":\"https:\/\/sitextil.com.br\/produto\/saquinho-de-algodao-cru-borda-simples\/#primaryimage\"},\"thumbnailUrl\":\"https:\/\/sitextil.com.br\/wp-content\/uploads\/2024\/07\/sagrada-magia-4966-e275eb8c6b7d66771217053407256540-480-0.webp\",\"datePublished\":\"2024-07-08T15:39:47+00:00\",\"dateModified\":\"2025-03-20T18:40:43+00:00\",\"breadcrumb\":{\"@id\":\"https:\/\/sitextil.com.br\/produto\/saquinho-de-algodao-cru-borda-simples\/#breadcrumb\"},\"inLanguage\":\"en-US\",\"potentialAction\":[{\"@type\":\"ReadAction\",\"target\":[\"https:\/\/sitextil.com.br\/produto\/saquinho-de-algodao-cru-borda-simples\/\"]}]},{\"@type\":\"ImageObject\",\"inLanguage\":\"en-US\",\"@id\":\"https:\/\/sitextil.com.br\/produto\/saquinho-de-algodao-cru-borda-simples\/#primaryimage\",\"url\":\"https:\/\/sitextil.com.br\/wp-content\/uploads\/2024\/07\/sagrada-magia-4966-e275eb8c6b7d66771217053407256540-480-0.webp\",\"contentUrl\":\"https:\/\/sitextil.com.br\/wp-content\/uploads\/2024\/07\/sagrada-magia-4966-e275eb8c6b7d66771217053407256540-480-0.webp\",\"width\":480,\"height\":480},{\"@type\":\"BreadcrumbList\",\"@id\":\"https:\/\/sitextil.com.br\/produto\/saquinho-de-algodao-cru-borda-simples\/#breadcrumb\",\"itemListElement\":[{\"@type\":\"ListItem\",\"position\":1,\"name\":\"In\u00edcio\",\"item\":\"https:\/\/sitextil.com.br\/\"},{\"@type\":\"ListItem\",\"position\":2,\"name\":\"Loja\",\"item\":\"https:\/\/sitextil.com.br\/loja\/\"},{\"@type\":\"ListItem\",\"position\":3,\"name\":\"EMBALAGEM DE ALGOD\u00c3O CRU BORDA SIMPLES\"}]},{\"@type\":\"WebSite\",\"@id\":\"https:\/\/sitextil.com.br\/#website\",\"url\":\"https:\/\/sitextil.com.br\/\",\"name\":\"Sitextil Embalagens\",\"description\":\"Sua marca inesquec\u00edvel\",\"publisher\":{\"@id\":\"https:\/\/sitextil.com.br\/#organization\"},\"potentialAction\":[{\"@type\":\"SearchAction\",\"target\":{\"@type\":\"EntryPoint\",\"urlTemplate\":\"https:\/\/sitextil.com.br\/?s={search_term_string}\"},\"query-input\":{\"@type\":\"PropertyValueSpecification\",\"valueRequired\":true,\"valueName\":\"search_term_string\"}}],\"inLanguage\":\"en-US\"},{\"@type\":\"Organization\",\"@id\":\"https:\/\/sitextil.com.br\/#organization\",\"name\":\"Sitextil Embalagens\",\"url\":\"https:\/\/sitextil.com.br\/\",\"logo\":{\"@type\":\"ImageObject\",\"inLanguage\":\"en-US\",\"@id\":\"https:\/\/sitextil.com.br\/#\/schema\/logo\/image\/\",\"url\":\"https:\/\/sitextil.com.br\/wp-content\/uploads\/2023\/05\/SITEXTIL-HORIZONTAL-ROXO-E-AMARELO@2x.png\",\"contentUrl\":\"https:\/\/sitextil.com.br\/wp-content\/uploads\/2023\/05\/SITEXTIL-HORIZONTAL-ROXO-E-AMARELO@2x.png\",\"width\":2665,\"height\":745,\"caption\":\"Sitextil Embalagens\"},\"image\":{\"@id\":\"https:\/\/sitextil.com.br\/#\/schema\/logo\/image\/\"}}]}<\/script>\n<!-- \/ Yoast SEO plugin. -->","yoast_head_json":{"title":"EMBALAGEM DE ALGOD\u00c3O CRU BORDA SIMPLES - Sitextil Embalagens","robots":{"index":"index","follow":"follow","max-snippet":"max-snippet:-1","max-image-preview":"max-image-preview:large","max-video-preview":"max-video-preview:-1"},"canonical":"https:\/\/sitextil.com.br\/en\/product\/saquinho-de-algodao-cru-borda-simples\/","og_locale":"en_US","og_type":"article","og_title":"EMBALAGEM DE ALGOD\u00c3O CRU BORDA SIMPLES - Sitextil Embalagens","og_description":"Descri\u00e7\u00e3o t\u00e9cnica: Tecido: Algod\u00e3o cru. Modelo de borda: Borda simples com 2cm. Acabamento: Barbante cru incluso no valor, para outros acabamentos, selecione no produto. Forma de personaliza\u00e7\u00e3o: Serigrafia, apenas 1 cor inclusa, para mais cores acessar nosso whatsapp. Tamanhos: A definir pelo cliente de acordo com as op\u00e7\u00f5es oferecidas pelo site. &nbsp; Natureza na embalagem: [&hellip;]","og_url":"https:\/\/sitextil.com.br\/en\/product\/saquinho-de-algodao-cru-borda-simples\/","og_site_name":"Sitextil Embalagens","article_modified_time":"2025-03-20T18:40:43+00:00","og_image":[{"width":480,"height":480,"url":"https:\/\/sitextil.com.br\/wp-content\/uploads\/2024\/07\/sagrada-magia-4966-e275eb8c6b7d66771217053407256540-480-0.webp","type":"image\/webp"}],"twitter_card":"summary_large_image","twitter_misc":{"Est. reading time":"2 minutes"},"schema":{"@context":"https:\/\/schema.org","@graph":[{"@type":"WebPage","@id":"https:\/\/sitextil.com.br\/produto\/saquinho-de-algodao-cru-borda-simples\/","url":"https:\/\/sitextil.com.br\/produto\/saquinho-de-algodao-cru-borda-simples\/","name":"EMBALAGEM DE ALGOD\u00c3O CRU BORDA SIMPLES - Sitextil Embalagens","isPartOf":{"@id":"https:\/\/sitextil.com.br\/#website"},"primaryImageOfPage":{"@id":"https:\/\/sitextil.com.br\/produto\/saquinho-de-algodao-cru-borda-simples\/#primaryimage"},"image":{"@id":"https:\/\/sitextil.com.br\/produto\/saquinho-de-algodao-cru-borda-simples\/#primaryimage"},"thumbnailUrl":"https:\/\/sitextil.com.br\/wp-content\/uploads\/2024\/07\/sagrada-magia-4966-e275eb8c6b7d66771217053407256540-480-0.webp","datePublished":"2024-07-08T15:39:47+00:00","dateModified":"2025-03-20T18:40:43+00:00","breadcrumb":{"@id":"https:\/\/sitextil.com.br\/produto\/saquinho-de-algodao-cru-borda-simples\/#breadcrumb"},"inLanguage":"en-US","potentialAction":[{"@type":"ReadAction","target":["https:\/\/sitextil.com.br\/produto\/saquinho-de-algodao-cru-borda-simples\/"]}]},{"@type":"ImageObject","inLanguage":"en-US","@id":"https:\/\/sitextil.com.br\/produto\/saquinho-de-algodao-cru-borda-simples\/#primaryimage","url":"https:\/\/sitextil.com.br\/wp-content\/uploads\/2024\/07\/sagrada-magia-4966-e275eb8c6b7d66771217053407256540-480-0.webp","contentUrl":"https:\/\/sitextil.com.br\/wp-content\/uploads\/2024\/07\/sagrada-magia-4966-e275eb8c6b7d66771217053407256540-480-0.webp","width":480,"height":480},{"@type":"BreadcrumbList","@id":"https:\/\/sitextil.com.br\/produto\/saquinho-de-algodao-cru-borda-simples\/#breadcrumb","itemListElement":[{"@type":"ListItem","position":1,"name":"In\u00edcio","item":"https:\/\/sitextil.com.br\/"},{"@type":"ListItem","position":2,"name":"Loja","item":"https:\/\/sitextil.com.br\/loja\/"},{"@type":"ListItem","position":3,"name":"EMBALAGEM DE ALGOD\u00c3O CRU BORDA SIMPLES"}]},{"@type":"WebSite","@id":"https:\/\/sitextil.com.br\/#website","url":"https:\/\/sitextil.com.br\/","name":"Sitextil Embalagens","description":"Sua marca inesquec\u00edvel","publisher":{"@id":"https:\/\/sitextil.com.br\/#organization"},"potentialAction":[{"@type":"SearchAction","target":{"@type":"EntryPoint","urlTemplate":"https:\/\/sitextil.com.br\/?s={search_term_string}"},"query-input":{"@type":"PropertyValueSpecification","valueRequired":true,"valueName":"search_term_string"}}],"inLanguage":"en-US"},{"@type":"Organization","@id":"https:\/\/sitextil.com.br\/#organization","name":"Sitextil Embalagens","url":"https:\/\/sitextil.com.br\/","logo":{"@type":"ImageObject","inLanguage":"en-US","@id":"https:\/\/sitextil.com.br\/#\/schema\/logo\/image\/","url":"https:\/\/sitextil.com.br\/wp-content\/uploads\/2023\/05\/SITEXTIL-HORIZONTAL-ROXO-E-AMARELO@2x.png","contentUrl":"https:\/\/sitextil.com.br\/wp-content\/uploads\/2023\/05\/SITEXTIL-HORIZONTAL-ROXO-E-AMARELO@2x.png","width":2665,"height":745,"caption":"Sitextil Embalagens"},"image":{"@id":"https:\/\/sitextil.com.br\/#\/schema\/logo\/image\/"}}]}},"_links":{"self":[{"href":"https:\/\/sitextil.com.br\/en\/wp-json\/wp\/v2\/product\/2824"}],"collection":[{"href":"https:\/\/sitextil.com.br\/en\/wp-json\/wp\/v2\/product"}],"about":[{"href":"https:\/\/sitextil.com.br\/en\/wp-json\/wp\/v2\/types\/product"}],"wp:featuredmedia":[{"embeddable":true,"href":"https:\/\/sitextil.com.br\/en\/wp-json\/wp\/v2\/media\/3515"}],"wp:attachment":[{"href":"https:\/\/sitextil.com.br\/en\/wp-json\/wp\/v2\/media?parent=2824"}],"wp:term":[{"taxonomy":"product_brand","embeddable":true,"href":"https:\/\/sitextil.com.br\/en\/wp-json\/wp\/v2\/product_brand?post=2824"},{"taxonomy":"product_cat","embeddable":true,"href":"https:\/\/sitextil.com.br\/en\/wp-json\/wp\/v2\/product_cat?post=2824"},{"taxonomy":"product_tag","embeddable":true,"href":"https:\/\/sitextil.com.br\/en\/wp-json\/wp\/v2\/product_tag?post=2824"}],"curies":[{"name":"wp","href":"https:\/\/api.w.org\/{rel}","templated":true}]}}