{"id":5226,"date":"2025-11-24T17:22:55","date_gmt":"2025-11-24T20:22:55","guid":{"rendered":"https:\/\/sitextil.com.br\/?post_type=product&#038;p=5226"},"modified":"2025-11-25T15:20:20","modified_gmt":"2025-11-25T18:20:20","slug":"espelho-duplo-personalizado","status":"publish","type":"product","link":"https:\/\/sitextil.com.br\/en\/product\/espelho-duplo-personalizado\/","title":{"rendered":"CUSTOM DOUBLE MIRROR"},"content":{"rendered":"<h3 data-start=\"170\" data-end=\"230\"><strong data-start=\"174\" data-end=\"230\">Custom Double Mirror in PU \u2013 Laser Engraving<\/strong><\/h3>\n<p data-start=\"232\" data-end=\"379\">THE <strong data-start=\"234\" data-end=\"274\">Sitextil Custom Double Mirror<\/strong> It&#039;s the perfect promotional gift for brands that want to combine utility, elegance, and high-quality personalization.<\/p>\n<p data-start=\"381\" data-end=\"496\">Made with <strong data-start=\"391\" data-end=\"413\">PU coating<\/strong> (Durable, sophisticated material with a soft touch), it has <strong data-start=\"479\" data-end=\"493\">two sides<\/strong>:<\/p>\n<ul data-start=\"497\" data-end=\"603\">\n<li data-start=\"497\" data-end=\"519\">\n<p data-start=\"499\" data-end=\"519\"><strong data-start=\"499\" data-end=\"517\">Standard mirror<\/strong><\/p>\n<\/li>\n<li data-start=\"520\" data-end=\"603\">\n<p data-start=\"522\" data-end=\"603\"><strong data-start=\"522\" data-end=\"542\">magnified mirror<\/strong> (ideal for facial details, makeup and daily care)<\/p>\n<\/li>\n<\/ul>\n<p data-start=\"605\" data-end=\"920\">Personalization is done through <strong data-start=\"641\" data-end=\"661\">laser engraving<\/strong>, ensuring high durability, precision, and a discreet and elegant result.<br data-start=\"737\" data-end=\"740\" \/>Because it&#039;s laser-based, <strong data-start=\"757\" data-end=\"802\">It is not possible to choose the color of the engraving. <\/strong>The process removes the outer layer of PU and reveals the underlying tone of the material, which in the case of mirrors is... <strong data-start=\"910\" data-end=\"919\">gray<\/strong>.<\/p>\n<p data-start=\"922\" data-end=\"999\">Available in <strong data-start=\"936\" data-end=\"952\">four colors<\/strong>:<br data-start=\"953\" data-end=\"956\" \/>- Purple<br data-start=\"962\" data-end=\"965\" \/>- Yellow<br data-start=\"974\" data-end=\"977\" \/>- Off white<br data-start=\"988\" data-end=\"991\" \/>\u2013 Rose<\/p>\n<p data-start=\"1001\" data-end=\"1243\">Ideal for beauty kits, corporate gifts, marketing campaigns, and to accompany self-care and wellness products. Compact, lightweight, and functional: an item your customers will actually use and remember your brand by every time they open it.<\/p>","protected":false},"excerpt":{"rendered":"<p>Espelho Duplo Personalizado em PU \u2013 Grava\u00e7\u00e3o a Laser O Espelho Duplo Personalizado Sitextil \u00e9 o brinde perfeito para marcas que desejam unir utilidade, eleg\u00e2ncia e personaliza\u00e7\u00e3o de alto padr\u00e3o. Feito com revestimento em PU (material resistente, sofisticado e com toque macio), ele possui duas faces: Espelho padr\u00e3o Espelho ampliado (ideal para detalhes do rosto, [&hellip;]<\/p>","protected":false},"featured_media":5232,"template":"","meta":{"_acf_changed":false},"product_brand":[],"product_cat":[137],"product_tag":[],"class_list":{"0":"post-5226","1":"product","2":"type-product","3":"status-publish","4":"has-post-thumbnail","6":"product_cat-brindes","8":"first","9":"instock","10":"shipping-taxable","11":"purchasable","12":"product-type-variable","13":"has-default-attributes","14":"wvs-archive-product-wrapper"},"acf":[],"yoast_head":"<!-- This site is optimized with the Yoast SEO plugin v24.7 - https:\/\/yoast.com\/wordpress\/plugins\/seo\/ -->\n<title>ESPELHO DUPLO PERSONALIZADO - Sitextil Embalagens<\/title>\n<meta name=\"robots\" content=\"index, follow, max-snippet:-1, max-image-preview:large, max-video-preview:-1\" \/>\n<link rel=\"canonical\" href=\"https:\/\/sitextil.com.br\/en\/product\/espelho-duplo-personalizado\/\" \/>\n<meta property=\"og:locale\" content=\"en_US\" \/>\n<meta property=\"og:type\" content=\"article\" \/>\n<meta property=\"og:title\" content=\"ESPELHO DUPLO PERSONALIZADO - Sitextil Embalagens\" \/>\n<meta property=\"og:description\" content=\"Espelho Duplo Personalizado em PU \u2013 Grava\u00e7\u00e3o a Laser O Espelho Duplo Personalizado Sitextil \u00e9 o brinde perfeito para marcas que desejam unir utilidade, eleg\u00e2ncia e personaliza\u00e7\u00e3o de alto padr\u00e3o. Feito com revestimento em PU (material resistente, sofisticado e com toque macio), ele possui duas faces: Espelho padr\u00e3o Espelho ampliado (ideal para detalhes do rosto, [&hellip;]\" \/>\n<meta property=\"og:url\" content=\"https:\/\/sitextil.com.br\/en\/product\/espelho-duplo-personalizado\/\" \/>\n<meta property=\"og:site_name\" content=\"Sitextil Embalagens\" \/>\n<meta property=\"article:modified_time\" content=\"2025-11-25T18:20:20+00:00\" \/>\n<meta property=\"og:image\" content=\"https:\/\/sitextil.com.br\/wp-content\/uploads\/2025\/11\/ESPELHO-4765-scaled.jpg\" \/>\n\t<meta property=\"og:image:width\" content=\"2560\" \/>\n\t<meta property=\"og:image:height\" content=\"2560\" \/>\n\t<meta property=\"og:image:type\" content=\"image\/jpeg\" \/>\n<meta name=\"twitter:card\" content=\"summary_large_image\" \/>\n<meta name=\"twitter:label1\" content=\"Est. reading time\" \/>\n\t<meta name=\"twitter:data1\" content=\"2 minutes\" \/>\n<script type=\"application\/ld+json\" class=\"yoast-schema-graph\">{\"@context\":\"https:\/\/schema.org\",\"@graph\":[{\"@type\":\"WebPage\",\"@id\":\"https:\/\/sitextil.com.br\/produto\/espelho-duplo-personalizado\/\",\"url\":\"https:\/\/sitextil.com.br\/produto\/espelho-duplo-personalizado\/\",\"name\":\"ESPELHO DUPLO PERSONALIZADO - Sitextil Embalagens\",\"isPartOf\":{\"@id\":\"https:\/\/sitextil.com.br\/#website\"},\"primaryImageOfPage\":{\"@id\":\"https:\/\/sitextil.com.br\/produto\/espelho-duplo-personalizado\/#primaryimage\"},\"image\":{\"@id\":\"https:\/\/sitextil.com.br\/produto\/espelho-duplo-personalizado\/#primaryimage\"},\"thumbnailUrl\":\"https:\/\/sitextil.com.br\/wp-content\/uploads\/2025\/11\/ESPELHO-4765-scaled.jpg\",\"datePublished\":\"2025-11-24T20:22:55+00:00\",\"dateModified\":\"2025-11-25T18:20:20+00:00\",\"breadcrumb\":{\"@id\":\"https:\/\/sitextil.com.br\/produto\/espelho-duplo-personalizado\/#breadcrumb\"},\"inLanguage\":\"en-US\",\"potentialAction\":[{\"@type\":\"ReadAction\",\"target\":[\"https:\/\/sitextil.com.br\/produto\/espelho-duplo-personalizado\/\"]}]},{\"@type\":\"ImageObject\",\"inLanguage\":\"en-US\",\"@id\":\"https:\/\/sitextil.com.br\/produto\/espelho-duplo-personalizado\/#primaryimage\",\"url\":\"https:\/\/sitextil.com.br\/wp-content\/uploads\/2025\/11\/ESPELHO-4765-scaled.jpg\",\"contentUrl\":\"https:\/\/sitextil.com.br\/wp-content\/uploads\/2025\/11\/ESPELHO-4765-scaled.jpg\",\"width\":2560,\"height\":2560},{\"@type\":\"BreadcrumbList\",\"@id\":\"https:\/\/sitextil.com.br\/produto\/espelho-duplo-personalizado\/#breadcrumb\",\"itemListElement\":[{\"@type\":\"ListItem\",\"position\":1,\"name\":\"In\u00edcio\",\"item\":\"https:\/\/sitextil.com.br\/\"},{\"@type\":\"ListItem\",\"position\":2,\"name\":\"Loja\",\"item\":\"https:\/\/sitextil.com.br\/loja\/\"},{\"@type\":\"ListItem\",\"position\":3,\"name\":\"ESPELHO DUPLO PERSONALIZADO\"}]},{\"@type\":\"WebSite\",\"@id\":\"https:\/\/sitextil.com.br\/#website\",\"url\":\"https:\/\/sitextil.com.br\/\",\"name\":\"Sitextil Embalagens\",\"description\":\"Sua marca inesquec\u00edvel\",\"publisher\":{\"@id\":\"https:\/\/sitextil.com.br\/#organization\"},\"potentialAction\":[{\"@type\":\"SearchAction\",\"target\":{\"@type\":\"EntryPoint\",\"urlTemplate\":\"https:\/\/sitextil.com.br\/?s={search_term_string}\"},\"query-input\":{\"@type\":\"PropertyValueSpecification\",\"valueRequired\":true,\"valueName\":\"search_term_string\"}}],\"inLanguage\":\"en-US\"},{\"@type\":\"Organization\",\"@id\":\"https:\/\/sitextil.com.br\/#organization\",\"name\":\"Sitextil Embalagens\",\"url\":\"https:\/\/sitextil.com.br\/\",\"logo\":{\"@type\":\"ImageObject\",\"inLanguage\":\"en-US\",\"@id\":\"https:\/\/sitextil.com.br\/#\/schema\/logo\/image\/\",\"url\":\"https:\/\/sitextil.com.br\/wp-content\/uploads\/2023\/05\/SITEXTIL-HORIZONTAL-ROXO-E-AMARELO@2x.png\",\"contentUrl\":\"https:\/\/sitextil.com.br\/wp-content\/uploads\/2023\/05\/SITEXTIL-HORIZONTAL-ROXO-E-AMARELO@2x.png\",\"width\":2665,\"height\":745,\"caption\":\"Sitextil Embalagens\"},\"image\":{\"@id\":\"https:\/\/sitextil.com.br\/#\/schema\/logo\/image\/\"}}]}<\/script>\n<!-- \/ Yoast SEO plugin. -->","yoast_head_json":{"title":"ESPELHO DUPLO PERSONALIZADO - Sitextil Embalagens","robots":{"index":"index","follow":"follow","max-snippet":"max-snippet:-1","max-image-preview":"max-image-preview:large","max-video-preview":"max-video-preview:-1"},"canonical":"https:\/\/sitextil.com.br\/en\/product\/espelho-duplo-personalizado\/","og_locale":"en_US","og_type":"article","og_title":"ESPELHO DUPLO PERSONALIZADO - Sitextil Embalagens","og_description":"Espelho Duplo Personalizado em PU \u2013 Grava\u00e7\u00e3o a Laser O Espelho Duplo Personalizado Sitextil \u00e9 o brinde perfeito para marcas que desejam unir utilidade, eleg\u00e2ncia e personaliza\u00e7\u00e3o de alto padr\u00e3o. Feito com revestimento em PU (material resistente, sofisticado e com toque macio), ele possui duas faces: Espelho padr\u00e3o Espelho ampliado (ideal para detalhes do rosto, [&hellip;]","og_url":"https:\/\/sitextil.com.br\/en\/product\/espelho-duplo-personalizado\/","og_site_name":"Sitextil Embalagens","article_modified_time":"2025-11-25T18:20:20+00:00","og_image":[{"width":2560,"height":2560,"url":"https:\/\/sitextil.com.br\/wp-content\/uploads\/2025\/11\/ESPELHO-4765-scaled.jpg","type":"image\/jpeg"}],"twitter_card":"summary_large_image","twitter_misc":{"Est. reading time":"2 minutes"},"schema":{"@context":"https:\/\/schema.org","@graph":[{"@type":"WebPage","@id":"https:\/\/sitextil.com.br\/produto\/espelho-duplo-personalizado\/","url":"https:\/\/sitextil.com.br\/produto\/espelho-duplo-personalizado\/","name":"ESPELHO DUPLO PERSONALIZADO - Sitextil Embalagens","isPartOf":{"@id":"https:\/\/sitextil.com.br\/#website"},"primaryImageOfPage":{"@id":"https:\/\/sitextil.com.br\/produto\/espelho-duplo-personalizado\/#primaryimage"},"image":{"@id":"https:\/\/sitextil.com.br\/produto\/espelho-duplo-personalizado\/#primaryimage"},"thumbnailUrl":"https:\/\/sitextil.com.br\/wp-content\/uploads\/2025\/11\/ESPELHO-4765-scaled.jpg","datePublished":"2025-11-24T20:22:55+00:00","dateModified":"2025-11-25T18:20:20+00:00","breadcrumb":{"@id":"https:\/\/sitextil.com.br\/produto\/espelho-duplo-personalizado\/#breadcrumb"},"inLanguage":"en-US","potentialAction":[{"@type":"ReadAction","target":["https:\/\/sitextil.com.br\/produto\/espelho-duplo-personalizado\/"]}]},{"@type":"ImageObject","inLanguage":"en-US","@id":"https:\/\/sitextil.com.br\/produto\/espelho-duplo-personalizado\/#primaryimage","url":"https:\/\/sitextil.com.br\/wp-content\/uploads\/2025\/11\/ESPELHO-4765-scaled.jpg","contentUrl":"https:\/\/sitextil.com.br\/wp-content\/uploads\/2025\/11\/ESPELHO-4765-scaled.jpg","width":2560,"height":2560},{"@type":"BreadcrumbList","@id":"https:\/\/sitextil.com.br\/produto\/espelho-duplo-personalizado\/#breadcrumb","itemListElement":[{"@type":"ListItem","position":1,"name":"In\u00edcio","item":"https:\/\/sitextil.com.br\/"},{"@type":"ListItem","position":2,"name":"Loja","item":"https:\/\/sitextil.com.br\/loja\/"},{"@type":"ListItem","position":3,"name":"ESPELHO DUPLO PERSONALIZADO"}]},{"@type":"WebSite","@id":"https:\/\/sitextil.com.br\/#website","url":"https:\/\/sitextil.com.br\/","name":"Sitextil Embalagens","description":"Sua marca inesquec\u00edvel","publisher":{"@id":"https:\/\/sitextil.com.br\/#organization"},"potentialAction":[{"@type":"SearchAction","target":{"@type":"EntryPoint","urlTemplate":"https:\/\/sitextil.com.br\/?s={search_term_string}"},"query-input":{"@type":"PropertyValueSpecification","valueRequired":true,"valueName":"search_term_string"}}],"inLanguage":"en-US"},{"@type":"Organization","@id":"https:\/\/sitextil.com.br\/#organization","name":"Sitextil Embalagens","url":"https:\/\/sitextil.com.br\/","logo":{"@type":"ImageObject","inLanguage":"en-US","@id":"https:\/\/sitextil.com.br\/#\/schema\/logo\/image\/","url":"https:\/\/sitextil.com.br\/wp-content\/uploads\/2023\/05\/SITEXTIL-HORIZONTAL-ROXO-E-AMARELO@2x.png","contentUrl":"https:\/\/sitextil.com.br\/wp-content\/uploads\/2023\/05\/SITEXTIL-HORIZONTAL-ROXO-E-AMARELO@2x.png","width":2665,"height":745,"caption":"Sitextil Embalagens"},"image":{"@id":"https:\/\/sitextil.com.br\/#\/schema\/logo\/image\/"}}]}},"_links":{"self":[{"href":"https:\/\/sitextil.com.br\/en\/wp-json\/wp\/v2\/product\/5226"}],"collection":[{"href":"https:\/\/sitextil.com.br\/en\/wp-json\/wp\/v2\/product"}],"about":[{"href":"https:\/\/sitextil.com.br\/en\/wp-json\/wp\/v2\/types\/product"}],"wp:featuredmedia":[{"embeddable":true,"href":"https:\/\/sitextil.com.br\/en\/wp-json\/wp\/v2\/media\/5232"}],"wp:attachment":[{"href":"https:\/\/sitextil.com.br\/en\/wp-json\/wp\/v2\/media?parent=5226"}],"wp:term":[{"taxonomy":"product_brand","embeddable":true,"href":"https:\/\/sitextil.com.br\/en\/wp-json\/wp\/v2\/product_brand?post=5226"},{"taxonomy":"product_cat","embeddable":true,"href":"https:\/\/sitextil.com.br\/en\/wp-json\/wp\/v2\/product_cat?post=5226"},{"taxonomy":"product_tag","embeddable":true,"href":"https:\/\/sitextil.com.br\/en\/wp-json\/wp\/v2\/product_tag?post=5226"}],"curies":[{"name":"wp","href":"https:\/\/api.w.org\/{rel}","templated":true}]}}